{"id":8678,"date":"2024-03-20T11:49:33","date_gmt":"2024-03-20T11:49:33","guid":{"rendered":"https:\/\/dsmarinealgerie.com\/?post_type=product&#038;p=8678"},"modified":"2024-03-20T11:49:33","modified_gmt":"2024-03-20T11:49:33","slug":"base-dantenne-en-nylon","status":"publish","type":"product","link":"https:\/\/dsmarinealgerie.com\/ar\/shop\/accastillage\/accessoires\/base-dantenne-en-nylon\/","title":{"rendered":"\u0642\u0627\u0639\u062f\u0629 \u0647\u0648\u0627\u0626\u064a \u0645\u0646 \u0627\u0644\u0646\u0627\u064a\u0644\u0648\u0646"},"content":{"rendered":"<p>\u062d\u0627\u0645\u0644 \u0647\u0648\u0627\u0626\u064a \u0645\u0646 \u0627\u0644\u0646\u0627\u064a\u0644\u0648\u0646 \u0627\u0644\u0645\u0642\u0627\u0648\u0645 \u0644\u0644\u0645\u0627\u0621\u060c \u0645\u062a\u0648\u0627\u0641\u0642 \u0645\u0639 \u062c\u0645\u064a\u0639 \u0647\u0648\u0627\u0626\u064a\u0627\u062a \u0627\u0644\u0645\u0633\u0627\u0645\u064a\u0631 \u0627\u0644\u0630\u0643\u0648\u0631\u064a\u0629 \u0627\u0644\u0642\u064a\u0627\u0633\u064a\u0629<\/p>\n<p>\u0627\u0644\u0645\u0633\u0645\u0627\u0631 \u0627\u0644\u0641\u0648\u0644\u0627\u0630 \u0627\u0644\u0645\u0642\u0627\u0648\u0645 \u0644\u0644\u0635\u062f\u0623<br \/>\n\u062a\u0643\u0628\u0644 \u0645\u0639 \u0627\u0644\u0642\u0641\u0644<br \/>\n88.9 \u00d7 65.1 \u0645\u0644\u0645<\/p>","protected":false},"excerpt":{"rendered":"<p>support d&rsquo;antenne en Nylon r\u00e9sistant \u00e0 l&rsquo;eau, Compatible avec toutes les antennes de boulon de filetage m\u00e2le standard Vis en acier inoxydable Manilla avec verrouillage 88.9 X 65.1 mm<\/p>","protected":false},"featured_media":8679,"comment_status":"open","ping_status":"closed","template":"","meta":{"_uf_show_specific_survey":0,"_uf_disable_surveys":false},"product_brand":[],"product_cat":[163,170],"product_tag":[],"class_list":{"0":"post-8678","1":"product","2":"type-product","3":"status-publish","4":"has-post-thumbnail","6":"product_cat-accastillage","7":"product_cat-accessoires","9":"first","10":"instock","11":"shipping-taxable","12":"purchasable","13":"product-type-simple"},"aioseo_notices":[],"_links":{"self":[{"href":"https:\/\/dsmarinealgerie.com\/ar\/wp-json\/wp\/v2\/product\/8678","targetHints":{"allow":["GET"]}}],"collection":[{"href":"https:\/\/dsmarinealgerie.com\/ar\/wp-json\/wp\/v2\/product"}],"about":[{"href":"https:\/\/dsmarinealgerie.com\/ar\/wp-json\/wp\/v2\/types\/product"}],"replies":[{"embeddable":true,"href":"https:\/\/dsmarinealgerie.com\/ar\/wp-json\/wp\/v2\/comments?post=8678"}],"wp:featuredmedia":[{"embeddable":true,"href":"https:\/\/dsmarinealgerie.com\/ar\/wp-json\/wp\/v2\/media\/8679"}],"wp:attachment":[{"href":"https:\/\/dsmarinealgerie.com\/ar\/wp-json\/wp\/v2\/media?parent=8678"}],"wp:term":[{"taxonomy":"product_brand","embeddable":true,"href":"https:\/\/dsmarinealgerie.com\/ar\/wp-json\/wp\/v2\/product_brand?post=8678"},{"taxonomy":"product_cat","embeddable":true,"href":"https:\/\/dsmarinealgerie.com\/ar\/wp-json\/wp\/v2\/product_cat?post=8678"},{"taxonomy":"product_tag","embeddable":true,"href":"https:\/\/dsmarinealgerie.com\/ar\/wp-json\/wp\/v2\/product_tag?post=8678"}],"curies":[{"name":"wp","href":"https:\/\/api.w.org\/{rel}","templated":true}]}}