{"id":8680,"date":"2024-03-20T11:47:34","date_gmt":"2024-03-20T11:47:34","guid":{"rendered":"https:\/\/dsmarinealgerie.com\/?post_type=product&#038;p=8680"},"modified":"2026-01-08T10:39:53","modified_gmt":"2026-01-08T10:39:53","slug":"attrape-inox-carre","status":"publish","type":"product","link":"https:\/\/dsmarinealgerie.com\/ar\/shop\/accastillage\/accastillage-en-inox\/attrape-inox-carre\/","title":{"rendered":"\u0627\u0644\u0645\u0627\u0633\u0643 \u0627\u0644\u0641\u0648\u0644\u0627\u0630 \u0627\u0644\u0645\u0642\u0627\u0648\u0645 \u0644\u0644\u0635\u062f\u0623 \u0645\u0631\u0628\u0639"},"content":{"rendered":"<p>\u062d\u0644\u0642\u0627\u062a \u0633\u062d\u0628 \u0645\u0636\u0627\u062f\u0629 \u0644\u0644\u062d\u0634\u0631\u062c\u0629 \u0645\u0639 \u0632\u0646\u0628\u0631\u0643 \u0625\u0631\u062c\u0627\u0639<\/p>\n<p>\u0645\u0635\u0646\u0648\u0639\u0629 \u0645\u0646 \u0627\u0644\u0641\u0648\u0644\u0627\u0630 \u0627\u0644\u0645\u0642\u0627\u0648\u0645 \u0644\u0644\u0635\u062f\u0623 \u0627\u0644\u0628\u062d\u0631\u064a \u0627\u0644\u0645\u062a\u064a\u0646<\/p>\n<p>\u062a\u062d\u062a\u0648\u064a \u062d\u0644\u0642\u0627\u062a \u0627\u0644\u0633\u062d\u0628 \u0639\u0644\u0649 \u0645\u0642\u0628\u0636 \u0632\u0646\u0628\u0631\u0643\u064a \u0644\u0625\u064a\u0642\u0627\u0641 \u062e\u0634\u062e\u0634\u0629 \u0627\u0644\u062d\u0644\u0642\u0629 \u0627\u0644\u0645\u0632\u0639\u062c\u0629 \u0627\u0644\u0645\u0648\u062c\u0648\u062f\u0629 \u0641\u064a \u062d\u0644\u0642\u0627\u062a \u0627\u0644\u0633\u062d\u0628 \u0627\u0644\u0623\u062e\u0631\u0649<\/p>\n<p>&nbsp;<\/p>","protected":false},"excerpt":{"rendered":"<p>Anneaux de traction affleurants anti cliquetis avec ressort de rappel Fabriqu\u00e9 en acier inoxydable marin durable Les anneaux de traction ont une poign\u00e9e \u00e0 ressort pour arr\u00eater l&rsquo;anneau de cliquetis ennuyeux qui se trouve avec d&rsquo;autres anneaux de traction &nbsp;<\/p>","protected":false},"featured_media":8685,"comment_status":"open","ping_status":"closed","template":"","meta":{"_uf_show_specific_survey":0,"_uf_disable_surveys":false},"product_brand":[],"product_cat":[166,163,611],"product_tag":[],"class_list":{"0":"post-8680","1":"product","2":"type-product","3":"status-publish","4":"has-post-thumbnail","6":"product_cat-accastillage-en-inox","7":"product_cat-accastillage","8":"product_cat-trappes-et-ouvertures","10":"first","11":"outofstock","12":"shipping-taxable","13":"purchasable","14":"product-type-variable"},"aioseo_notices":[],"_links":{"self":[{"href":"https:\/\/dsmarinealgerie.com\/ar\/wp-json\/wp\/v2\/product\/8680","targetHints":{"allow":["GET"]}}],"collection":[{"href":"https:\/\/dsmarinealgerie.com\/ar\/wp-json\/wp\/v2\/product"}],"about":[{"href":"https:\/\/dsmarinealgerie.com\/ar\/wp-json\/wp\/v2\/types\/product"}],"replies":[{"embeddable":true,"href":"https:\/\/dsmarinealgerie.com\/ar\/wp-json\/wp\/v2\/comments?post=8680"}],"wp:featuredmedia":[{"embeddable":true,"href":"https:\/\/dsmarinealgerie.com\/ar\/wp-json\/wp\/v2\/media\/8685"}],"wp:attachment":[{"href":"https:\/\/dsmarinealgerie.com\/ar\/wp-json\/wp\/v2\/media?parent=8680"}],"wp:term":[{"taxonomy":"product_brand","embeddable":true,"href":"https:\/\/dsmarinealgerie.com\/ar\/wp-json\/wp\/v2\/product_brand?post=8680"},{"taxonomy":"product_cat","embeddable":true,"href":"https:\/\/dsmarinealgerie.com\/ar\/wp-json\/wp\/v2\/product_cat?post=8680"},{"taxonomy":"product_tag","embeddable":true,"href":"https:\/\/dsmarinealgerie.com\/ar\/wp-json\/wp\/v2\/product_tag?post=8680"}],"curies":[{"name":"wp","href":"https:\/\/api.w.org\/{rel}","templated":true}]}}