{"id":8694,"date":"2024-03-20T12:29:48","date_gmt":"2024-03-20T12:29:48","guid":{"rendered":"https:\/\/dsmarinealgerie.com\/?post_type=product&#038;p=8694"},"modified":"2024-11-27T10:46:09","modified_gmt":"2024-11-27T10:46:09","slug":"projecteur-led-avec-telecommande","status":"publish","type":"product","link":"https:\/\/dsmarinealgerie.com\/ar\/shop\/accastillage\/lumieres\/projecteur-led-avec-telecommande\/","title":{"rendered":"\u062c\u0647\u0627\u0632 \u0639\u0631\u0636 LED \u0645\u0639 \u062c\u0647\u0627\u0632 \u0627\u0644\u062a\u062d\u0643\u0645 \u0639\u0646 \u0628\u0639\u062f"},"content":{"rendered":"<p>\u0645\u0635\u0628\u0627\u062d \u0643\u0634\u0627\u0641 \u064a\u0645\u0643\u0646 \u0627\u0644\u062a\u062d\u0643\u0645 \u0641\u064a\u0647 \u0639\u0646 \u0628\u0639\u062f \u0645\u0639 \u0645\u062e\u0631\u062c \u0636\u0648\u0621 \u0641\u0627\u0626\u0642 \u0627\u0644\u0633\u0637\u0648\u0639 1600 \u0644\u0648\u0645\u0646<\/p>\n<p>\u0627\u0644\u0636\u0648\u0621 \u0627\u0644\u0627\u0628\u064a\u0636<br \/>\n\u064a\u062a\u0636\u0645\u0646 \u062c\u0647\u0627\u0632 \u062a\u062d\u0643\u0645 \u0639\u0646 \u0628\u0639\u062f RF \u0645\u062d\u0645\u0648\u0644 \u0628\u0627\u0644\u0643\u0627\u0645\u0644<br \/>\n\u062a\u062a\u0645\u062a\u0639 \u0648\u062d\u062f\u0629 \u0627\u0644\u0625\u0636\u0627\u0621\u0629 \u0628\u062a\u0635\u0646\u064a\u0641 IP67 \u0644\u0645\u0642\u0627\u0648\u0645\u0629 \u0627\u0644\u0645\u0627\u0621<br \/>\n\u062f\u0648\u0631\u0627\u0646 \u0623\u0641\u0642\u064a 355 \u062f\u0631\u062c\u0629 - \u062f\u0648\u0631\u0627\u0646 \u0639\u0645\u0648\u062f\u064a 70 \u062f\u0631\u062c\u0629<br \/>\n\u0645\u0646\u0627\u0633\u0628 \u0644\u0623\u0646\u0638\u0645\u0629 \u0627\u0644\u062a\u064a\u0627\u0631 \u0627\u0644\u0645\u0633\u062a\u0645\u0631 12 \u0641\u0648\u0644\u062a \u064824 \u0641\u0648\u0644\u062a<\/p>\n<p>\u0645\u062a\u0648\u0641\u0631 \u0641\u064a \u0634\u0643\u0644\u064a\u0646<\/p>\n<p>\u0627\u0644\u062c\u0648\u0644\u0629: \u0627\u0644\u0637\u0648\u0644: 262 \u0645\u0644\u0645\u061b \u0627\u0644\u0639\u0631\u0636: 213 \u0645\u0644\u0645<\/p>\n<p>\u0648\u062d\u062f\u0629 \u0625\u0636\u0627\u0621\u0629 LED \u0639\u0627\u0644\u064a\u0629 \u0627\u0644\u0637\u0627\u0642\u0629 9\u00d73 \u0648\u0627\u062a<\/p>\n<p>\u0645\u0631\u0628\u0639: \u0627\u0644\u0637\u0648\u0644: 252.3 \u0645\u0644\u0645\u061b \u0627\u0644\u0639\u0631\u0636: 175.9 \u0645\u0644\u0645<\/p>\n<p>\u0648\u062d\u062f\u0629 \u0625\u0636\u0627\u0621\u0629 LED \u0639\u0627\u0644\u064a\u0629 \u0627\u0644\u0637\u0627\u0642\u0629 12 \u00d7 3 \u0648\u0627\u062a<\/p>\n<p>&nbsp;<\/p>","protected":false},"excerpt":{"rendered":"<p>Projecteur t\u00e9l\u00e9command\u00e9 avec une puissance lumineuse tr\u00e8s brillante de 1600 lumens Lumi\u00e8re Blanche Comprend une t\u00e9l\u00e9commande RF portative compl\u00e8te L&rsquo;unit\u00e9 lumineuse a un indice de r\u00e9sistance \u00e0 l&rsquo;eau IP67 Rotation horizontale de 355 degr\u00e9s &#8211; rotation verticale de 70 degr\u00e9s Convient aux syst\u00e8mes 12 volts et 24 volts CC Disponible en deux Format Rond : [&hellip;]<\/p>","protected":false},"featured_media":8769,"comment_status":"open","ping_status":"closed","template":"","meta":{"_uf_show_specific_survey":0,"_uf_disable_surveys":false},"product_brand":[],"product_cat":[163,615],"product_tag":[],"class_list":{"0":"post-8694","1":"product","2":"type-product","3":"status-publish","4":"has-post-thumbnail","6":"product_cat-accastillage","7":"product_cat-lumieres","9":"first","10":"instock","11":"shipping-taxable","12":"purchasable","13":"product-type-variable"},"aioseo_notices":[],"_links":{"self":[{"href":"https:\/\/dsmarinealgerie.com\/ar\/wp-json\/wp\/v2\/product\/8694","targetHints":{"allow":["GET"]}}],"collection":[{"href":"https:\/\/dsmarinealgerie.com\/ar\/wp-json\/wp\/v2\/product"}],"about":[{"href":"https:\/\/dsmarinealgerie.com\/ar\/wp-json\/wp\/v2\/types\/product"}],"replies":[{"embeddable":true,"href":"https:\/\/dsmarinealgerie.com\/ar\/wp-json\/wp\/v2\/comments?post=8694"}],"wp:featuredmedia":[{"embeddable":true,"href":"https:\/\/dsmarinealgerie.com\/ar\/wp-json\/wp\/v2\/media\/8769"}],"wp:attachment":[{"href":"https:\/\/dsmarinealgerie.com\/ar\/wp-json\/wp\/v2\/media?parent=8694"}],"wp:term":[{"taxonomy":"product_brand","embeddable":true,"href":"https:\/\/dsmarinealgerie.com\/ar\/wp-json\/wp\/v2\/product_brand?post=8694"},{"taxonomy":"product_cat","embeddable":true,"href":"https:\/\/dsmarinealgerie.com\/ar\/wp-json\/wp\/v2\/product_cat?post=8694"},{"taxonomy":"product_tag","embeddable":true,"href":"https:\/\/dsmarinealgerie.com\/ar\/wp-json\/wp\/v2\/product_tag?post=8694"}],"curies":[{"name":"wp","href":"https:\/\/api.w.org\/{rel}","templated":true}]}}