{"id":8772,"date":"2024-03-20T13:15:16","date_gmt":"2024-03-20T13:15:16","guid":{"rendered":"https:\/\/dsmarinealgerie.com\/?post_type=product&#038;p=8772"},"modified":"2025-11-27T10:01:21","modified_gmt":"2025-11-27T10:01:21","slug":"sacs-de-peche-r-tubertini","status":"publish","type":"product","link":"https:\/\/dsmarinealgerie.com\/ar\/shop\/peche\/materiel-de-peche\/accessoires-de-peche\/sacs-de-peche-r-tubertini\/","title":{"rendered":"\u0623\u0643\u064a\u0627\u0633 \u0627\u0644\u0635\u064a\u062f R Tubertini"},"content":{"rendered":"<p>\u062d\u0642\u064a\u0628\u0629 \u0635\u064a\u062f \u0630\u0627\u062a \u0633\u0639\u0629 \u062c\u064a\u062f\u0629 \u0644\u0646\u0642\u0644 \u0627\u0644\u0623\u062c\u0632\u0627\u0621 \u0627\u0644\u0635\u063a\u064a\u0631\u0629 \u0648\u0627\u0644\u0645\u0644\u062d\u0642\u0627\u062a \u0644\u0623\u064a \u0646\u0648\u0639 \u0645\u0646 \u062c\u0644\u0633\u0627\u062a \u0627\u0644\u0635\u064a\u062f.<\/p>\n<p>\u0645\u0632\u0648\u062f\u0629 \u0628\u062c\u064a\u0628\u064a\u0646 \u062c\u0627\u0646\u0628\u064a\u064a\u0646 \u0648\u062c\u064a\u0628 \u0623\u0645\u0627\u0645\u064a \u0643\u0628\u064a\u0631 \u0648\u062c\u064a\u0628 \u062e\u0627\u0631\u062c\u064a \u0628\u0633\u062d\u0627\u0628 \u0644\u0632\u064a\u0627\u062f\u0629 \u0633\u0639\u062a\u0647\u0627.<\/p>\n<p>\u0627\u0644\u062c\u0632\u0621 \u0627\u0644\u0633\u0641\u0644\u064a \u0645\u0635\u0646\u0648\u0639 \u0645\u0646 \u0645\u0627\u062f\u0629 \u0645\u062a\u064a\u0646\u0629 \u0645\u0642\u0627\u0648\u0645\u0629 \u0644\u0644\u0645\u0627\u0621 \u0644\u0639\u0632\u0644 \u0627\u0644\u0645\u062d\u062a\u0648\u064a\u0627\u062a \u0639\u0646 \u0627\u0644\u0645\u0627\u0621 \u0648\u0627\u0644\u0637\u064a\u0646.<\/p>\n<p>\u0627\u0644\u0623\u0628\u0639\u0627\u062f: 56 \u00d7 30 \u00d7 38 \u0633\u0645<\/p>","protected":false},"excerpt":{"rendered":"<p>Sac de p\u00eache de bonne capacit\u00e9 pour le transport de petites pi\u00e8ces et accessoires pour tout type de session de p\u00eache. \u00c9quip\u00e9 de deux poches lat\u00e9rales et d\u2019une grande poche avant et poche ext\u00e9rieure \u00e0 fermeture \u00e9clair permettant d\u2019en augmenter la capacit\u00e9. Le fond est fait d\u2019un mat\u00e9riau r\u00e9sistant et imperm\u00e9able pour isoler le contenu [&hellip;]<\/p>","protected":false},"featured_media":8776,"comment_status":"open","ping_status":"closed","template":"","meta":{"_uf_show_specific_survey":0,"_uf_disable_surveys":false},"product_brand":[],"product_cat":[183,164,227],"product_tag":[],"class_list":{"0":"post-8772","1":"product","2":"type-product","3":"status-publish","4":"has-post-thumbnail","6":"product_cat-accessoires-de-peche","7":"product_cat-peche","8":"product_cat-materiel-de-peche","10":"first","11":"outofstock","12":"shipping-taxable","13":"purchasable","14":"product-type-simple"},"aioseo_notices":[],"_links":{"self":[{"href":"https:\/\/dsmarinealgerie.com\/ar\/wp-json\/wp\/v2\/product\/8772","targetHints":{"allow":["GET"]}}],"collection":[{"href":"https:\/\/dsmarinealgerie.com\/ar\/wp-json\/wp\/v2\/product"}],"about":[{"href":"https:\/\/dsmarinealgerie.com\/ar\/wp-json\/wp\/v2\/types\/product"}],"replies":[{"embeddable":true,"href":"https:\/\/dsmarinealgerie.com\/ar\/wp-json\/wp\/v2\/comments?post=8772"}],"wp:featuredmedia":[{"embeddable":true,"href":"https:\/\/dsmarinealgerie.com\/ar\/wp-json\/wp\/v2\/media\/8776"}],"wp:attachment":[{"href":"https:\/\/dsmarinealgerie.com\/ar\/wp-json\/wp\/v2\/media?parent=8772"}],"wp:term":[{"taxonomy":"product_brand","embeddable":true,"href":"https:\/\/dsmarinealgerie.com\/ar\/wp-json\/wp\/v2\/product_brand?post=8772"},{"taxonomy":"product_cat","embeddable":true,"href":"https:\/\/dsmarinealgerie.com\/ar\/wp-json\/wp\/v2\/product_cat?post=8772"},{"taxonomy":"product_tag","embeddable":true,"href":"https:\/\/dsmarinealgerie.com\/ar\/wp-json\/wp\/v2\/product_tag?post=8772"}],"curies":[{"name":"wp","href":"https:\/\/api.w.org\/{rel}","templated":true}]}}