{"id":8795,"date":"2024-03-21T13:10:31","date_gmt":"2024-03-21T13:10:31","guid":{"rendered":"https:\/\/dsmarinealgerie.com\/?post_type=product&#038;p=8795"},"modified":"2024-11-26T08:52:16","modified_gmt":"2024-11-26T08:52:16","slug":"grille-daeration-en-plastique","status":"publish","type":"product","link":"https:\/\/dsmarinealgerie.com\/ar\/shop\/accastillage\/trappes-et-ouvertures\/grille-daeration-en-plastique\/","title":{"rendered":"\u0634\u0628\u0643\u0629 \u062a\u0647\u0648\u064a\u0629 \u0628\u0644\u0627\u0633\u062a\u064a\u0643\u064a\u0629"},"content":{"rendered":"<p>\u0641\u062a\u062d\u0629 \u0627\u0644\u062a\u0647\u0648\u064a\u0629 DS MARINE \u0645\u0635\u0646\u0648\u0639\u0629 \u0645\u0646 \u0628\u0644\u0627\u0633\u062a\u064a\u0643 ABS \u0639\u0627\u0644\u064a \u0627\u0644\u062c\u0648\u062f\u0629.<\/p>\n<p>\u0627\u0644\u0642\u0637\u0631 77.8 \u0645\u0644\u0645\u060c \u0627\u0644\u0627\u0631\u062a\u0641\u0627\u0639 69.5 \u0645\u0644\u0645.<\/p>\n<p>\u062a\u0631\u0643\u064a\u0628 \u0639\u0644\u0649 \u0627\u0644\u062d\u0627\u0626\u0637 \u0623\u0648 \u0627\u0644\u0633\u0642\u0641\u060c \u0645\u062b\u0627\u0644\u064a \u0644\u0639\u0627\u062f\u0645 \u0648\u062a\u0647\u0648\u064a\u0629 \u0627\u0644\u0645\u0631\u0643\u0628\u0627\u062a \u0627\u0644\u062a\u0631\u0641\u064a\u0647\u064a\u0629 \u0623\u0648 \u0627\u0644\u0642\u0648\u0627\u0631\u0628 \u0623\u0648 \u0627\u0644\u063a\u0631\u0641.<\/p>\n<p>&nbsp;<\/p>\n<p>\u062a\u0641\u0627\u0635\u064a\u0644:<\/p>\n<p>\u2013 \u0648\u0635\u0644\u0629 \u0645\u062c\u0627\u0631\u064a \u0627\u0644\u0647\u0648\u0627\u0621 63.5 \u0645\u0644\u0645<\/p>\n<p>- \u0628\u0644\u0627\u0633\u062a\u064a\u0643 ABS \u0639\u0627\u0644\u064a \u0627\u0644\u062c\u0648\u062f\u0629<\/p>\n<p>-\u0633\u0647\u0644\u0629 \u0627\u0644\u062a\u0631\u0643\u064a\u0628<\/p>\n<p>\u2013 \u0645\u0635\u0645\u0645\u0629 \u0644\u062a\u063a\u0637\u064a\u0629 \u0627\u0644\u0641\u062a\u062d\u0627\u062a \u0641\u064a \u0627\u0644\u062c\u062f\u0631\u0627\u0646 \u0623\u0648 \u0627\u0644\u0623\u0633\u0642\u0641 \u0648\u0645\u062c\u0627\u0631\u064a \u0627\u0644\u0647\u0648\u0627\u0621.<\/p>","protected":false},"excerpt":{"rendered":"<p>La bouche d&rsquo;a\u00e9ration DS MARINE\u00a0 est fabriqu\u00e9e en ABS Plastique de haute qualit\u00e9. Diam\u00e8tre 77.8mm, hauteur 69.5mm. Montage mural ou au plafond, parfait pour l&rsquo;\u00e9vacuation et la ventilation des v\u00e9hicules de loisirs, des bateaux ou des pi\u00e8ces. &nbsp; Details: &#8211; Raccord de gaine de 63,5 mm -Plastique ABS de haute qualit\u00e9 -Simple \u00e0 installer &#8211; [&hellip;]<\/p>","protected":false},"featured_media":8810,"comment_status":"open","ping_status":"closed","template":"","meta":{"_uf_show_specific_survey":0,"_uf_disable_surveys":false},"product_brand":[],"product_cat":[163,611],"product_tag":[],"class_list":{"0":"post-8795","1":"product","2":"type-product","3":"status-publish","4":"has-post-thumbnail","6":"product_cat-accastillage","7":"product_cat-trappes-et-ouvertures","9":"first","10":"outofstock","11":"shipping-taxable","12":"purchasable","13":"product-type-variable"},"aioseo_notices":[],"_links":{"self":[{"href":"https:\/\/dsmarinealgerie.com\/ar\/wp-json\/wp\/v2\/product\/8795","targetHints":{"allow":["GET"]}}],"collection":[{"href":"https:\/\/dsmarinealgerie.com\/ar\/wp-json\/wp\/v2\/product"}],"about":[{"href":"https:\/\/dsmarinealgerie.com\/ar\/wp-json\/wp\/v2\/types\/product"}],"replies":[{"embeddable":true,"href":"https:\/\/dsmarinealgerie.com\/ar\/wp-json\/wp\/v2\/comments?post=8795"}],"wp:featuredmedia":[{"embeddable":true,"href":"https:\/\/dsmarinealgerie.com\/ar\/wp-json\/wp\/v2\/media\/8810"}],"wp:attachment":[{"href":"https:\/\/dsmarinealgerie.com\/ar\/wp-json\/wp\/v2\/media?parent=8795"}],"wp:term":[{"taxonomy":"product_brand","embeddable":true,"href":"https:\/\/dsmarinealgerie.com\/ar\/wp-json\/wp\/v2\/product_brand?post=8795"},{"taxonomy":"product_cat","embeddable":true,"href":"https:\/\/dsmarinealgerie.com\/ar\/wp-json\/wp\/v2\/product_cat?post=8795"},{"taxonomy":"product_tag","embeddable":true,"href":"https:\/\/dsmarinealgerie.com\/ar\/wp-json\/wp\/v2\/product_tag?post=8795"}],"curies":[{"name":"wp","href":"https:\/\/api.w.org\/{rel}","templated":true}]}}