{"id":8801,"date":"2024-03-21T09:04:56","date_gmt":"2024-03-21T09:04:56","guid":{"rendered":"https:\/\/dsmarinealgerie.com\/?post_type=product&#038;p=8801"},"modified":"2024-03-21T09:09:37","modified_gmt":"2024-03-21T09:09:37","slug":"nable-de-pont-avec-cle-diesel","status":"publish","type":"product","link":"https:\/\/dsmarinealgerie.com\/ar\/shop\/accastillage\/trappes-et-ouvertures\/nable-de-pont-avec-cle-diesel\/","title":{"rendered":"\u0637\u0627\u0648\u0644\u0629 \u062a\u0639\u0628\u0626\u0629 \u062f\u064a\u0632\u0644 \u0645\u0639 \u0627\u0644\u0645\u0641\u062a\u0627\u062d"},"content":{"rendered":"<p>\u0637\u0627\u0648\u0644\u0629 \u062a\u0639\u0628\u0626\u0629 \u062f\u064a\u0632\u0644 \u0645\u0646 \u0627\u0644\u0641\u0648\u0644\u0627\u0630 \u0627\u0644\u0645\u0642\u0627\u0648\u0645 \u0644\u0644\u0635\u062f\u0623 \u0645\u0639 \u0645\u0641\u062a\u0627\u062d\u060c \u0645\u062a\u0648\u0641\u0631\u0629 \u0628\u0645\u0642\u0627\u0633\u0627\u062a 38 \u0645\u0645 \u064850 \u0645\u0645.<\/p>\n<p>\u0642\u0648\u064a\u0629 \u0648\u0622\u0645\u0646\u0629\u060c \u0645\u062b\u0627\u0644\u064a\u0629 \u0644\u062a\u0632\u0648\u064a\u062f \u0642\u0627\u0631\u0628\u0643 \u0628\u0627\u0644\u0648\u0642\u0648\u062f \u0628\u0634\u0643\u0644 \u0645\u0648\u062b\u0648\u0642 \u0648\u0633\u0647\u0644.<\/p>","protected":false},"excerpt":{"rendered":"<p>Nable de remplissage diesel en acier inoxydable avec cl\u00e9, disponible en 38mm et 50mm. Robuste et s\u00e9curis\u00e9, parfait pour ravitailler en carburant votre bateau en toute fiabilit\u00e9 et simplicit\u00e9.<\/p>","protected":false},"featured_media":8796,"comment_status":"open","ping_status":"closed","template":"","meta":{"_uf_show_specific_survey":0,"_uf_disable_surveys":false},"product_brand":[],"product_cat":[163,611],"product_tag":[],"class_list":{"0":"post-8801","1":"product","2":"type-product","3":"status-publish","4":"has-post-thumbnail","6":"product_cat-accastillage","7":"product_cat-trappes-et-ouvertures","9":"first","10":"instock","11":"shipping-taxable","12":"purchasable","13":"product-type-variable"},"aioseo_notices":[],"_links":{"self":[{"href":"https:\/\/dsmarinealgerie.com\/ar\/wp-json\/wp\/v2\/product\/8801","targetHints":{"allow":["GET"]}}],"collection":[{"href":"https:\/\/dsmarinealgerie.com\/ar\/wp-json\/wp\/v2\/product"}],"about":[{"href":"https:\/\/dsmarinealgerie.com\/ar\/wp-json\/wp\/v2\/types\/product"}],"replies":[{"embeddable":true,"href":"https:\/\/dsmarinealgerie.com\/ar\/wp-json\/wp\/v2\/comments?post=8801"}],"wp:featuredmedia":[{"embeddable":true,"href":"https:\/\/dsmarinealgerie.com\/ar\/wp-json\/wp\/v2\/media\/8796"}],"wp:attachment":[{"href":"https:\/\/dsmarinealgerie.com\/ar\/wp-json\/wp\/v2\/media?parent=8801"}],"wp:term":[{"taxonomy":"product_brand","embeddable":true,"href":"https:\/\/dsmarinealgerie.com\/ar\/wp-json\/wp\/v2\/product_brand?post=8801"},{"taxonomy":"product_cat","embeddable":true,"href":"https:\/\/dsmarinealgerie.com\/ar\/wp-json\/wp\/v2\/product_cat?post=8801"},{"taxonomy":"product_tag","embeddable":true,"href":"https:\/\/dsmarinealgerie.com\/ar\/wp-json\/wp\/v2\/product_tag?post=8801"}],"curies":[{"name":"wp","href":"https:\/\/api.w.org\/{rel}","templated":true}]}}