{"id":8805,"date":"2024-03-21T09:12:31","date_gmt":"2024-03-21T09:12:31","guid":{"rendered":"https:\/\/dsmarinealgerie.com\/?post_type=product&#038;p=8805"},"modified":"2026-01-08T10:39:17","modified_gmt":"2026-01-08T10:39:17","slug":"nable-de-reservoir-inox-eaux","status":"publish","type":"product","link":"https:\/\/dsmarinealgerie.com\/ar\/shop\/accastillage\/trappes-et-ouvertures\/nable-de-reservoir-inox-eaux\/","title":{"rendered":"\u0637\u0627\u0648\u0644\u0629 \u062e\u0632\u0627\u0646 \u0627\u0644\u0645\u064a\u0627\u0647 \u0645\u0646 \u0627\u0644\u0641\u0648\u0644\u0627\u0630 \u0627\u0644\u0645\u0642\u0627\u0648\u0645 \u0644\u0644\u0635\u062f\u0623"},"content":{"rendered":"<p>\u063a\u0637\u0627\u0621 \u0627\u0644\u062e\u0632\u0627\u0646 \u0645\u0646 \u0627\u0644\u0641\u0648\u0644\u0627\u0630 \u0627\u0644\u0645\u0642\u0627\u0648\u0645 \u0644\u0644\u0635\u062f\u0623 \u2013 \u0641\u062a\u062d\u0629 \u0627\u0644\u0648\u0646\u0634<\/p>\n<p>\u0645\u0641\u0631\u0634 \u0627\u0644\u0645\u0627\u0626\u062f\u0629 \u0645\u0646 \u0627\u0644\u0646\u0648\u0639 &quot;\u0641\u0631\u0646\u0633\u0627&quot; \u0645\u0635\u0646\u0648\u0639 \u0645\u0646 \u0627\u0644\u0641\u0648\u0644\u0627\u0630 \u0627\u0644\u0645\u0642\u0627\u0648\u0645 \u0644\u0644\u0635\u062f\u0623 AISI 316 \u0627\u0644\u0645\u0635\u0642\u0648\u0644 \u0643\u0627\u0644\u0645\u0631\u0622\u0629.<\/p>\n<p>\u064a\u062a\u0645 \u0641\u062a\u062d\u0647 \u0648\u0625\u063a\u0644\u0627\u0642\u0647 \u0628\u0627\u0633\u062a\u062e\u062f\u0627\u0645 \u0645\u0642\u0628\u0636 \u0648\u0646\u0634 \u0630\u0648 6 \u062c\u0648\u0627\u0646\u0628.<\/p>","protected":false},"excerpt":{"rendered":"<p>Bouchon nable de r\u00e9servoir inox &#8211; ouverture winch Ce Nable type \u00ab\u00a0FRANCE\u00a0\u00bb est fabriqu\u00e9 en inox AISI 316 poli miroir. Il s&rsquo;ouvre et se ferme \u00e0 l&rsquo;aide d&rsquo;une poign\u00e9e winch 6 pans.<\/p>","protected":false},"featured_media":8813,"comment_status":"open","ping_status":"closed","template":"","meta":{"_uf_show_specific_survey":0,"_uf_disable_surveys":false},"product_brand":[],"product_cat":[163,611],"product_tag":[],"class_list":{"0":"post-8805","1":"product","2":"type-product","3":"status-publish","4":"has-post-thumbnail","6":"product_cat-accastillage","7":"product_cat-trappes-et-ouvertures","9":"first","10":"outofstock","11":"shipping-taxable","12":"purchasable","13":"product-type-variable"},"aioseo_notices":[],"_links":{"self":[{"href":"https:\/\/dsmarinealgerie.com\/ar\/wp-json\/wp\/v2\/product\/8805","targetHints":{"allow":["GET"]}}],"collection":[{"href":"https:\/\/dsmarinealgerie.com\/ar\/wp-json\/wp\/v2\/product"}],"about":[{"href":"https:\/\/dsmarinealgerie.com\/ar\/wp-json\/wp\/v2\/types\/product"}],"replies":[{"embeddable":true,"href":"https:\/\/dsmarinealgerie.com\/ar\/wp-json\/wp\/v2\/comments?post=8805"}],"wp:featuredmedia":[{"embeddable":true,"href":"https:\/\/dsmarinealgerie.com\/ar\/wp-json\/wp\/v2\/media\/8813"}],"wp:attachment":[{"href":"https:\/\/dsmarinealgerie.com\/ar\/wp-json\/wp\/v2\/media?parent=8805"}],"wp:term":[{"taxonomy":"product_brand","embeddable":true,"href":"https:\/\/dsmarinealgerie.com\/ar\/wp-json\/wp\/v2\/product_brand?post=8805"},{"taxonomy":"product_cat","embeddable":true,"href":"https:\/\/dsmarinealgerie.com\/ar\/wp-json\/wp\/v2\/product_cat?post=8805"},{"taxonomy":"product_tag","embeddable":true,"href":"https:\/\/dsmarinealgerie.com\/ar\/wp-json\/wp\/v2\/product_tag?post=8805"}],"curies":[{"name":"wp","href":"https:\/\/api.w.org\/{rel}","templated":true}]}}