{"id":8824,"date":"2024-03-21T13:09:17","date_gmt":"2024-03-21T13:09:17","guid":{"rendered":"https:\/\/dsmarinealgerie.com\/?post_type=product&#038;p=8824"},"modified":"2024-03-21T13:09:17","modified_gmt":"2024-03-21T13:09:17","slug":"taquet-pliant-en-inox","status":"publish","type":"product","link":"https:\/\/dsmarinealgerie.com\/ar\/shop\/accastillage\/accastillage-en-inox\/taquet-pliant-en-inox\/","title":{"rendered":"\u0645\u0631\u0628\u0637 \u0642\u0627\u0628\u0644 \u0644\u0644\u0637\u064a \u0645\u0646 \u0627\u0644\u0641\u0648\u0644\u0627\u0630 \u0627\u0644\u0645\u0642\u0627\u0648\u0645 \u0644\u0644\u0635\u062f\u0623"},"content":{"rendered":"<p>\u062d\u0627\u062c\u0632 \u0642\u0627\u0628\u0644 \u0644\u0644\u0637\u064a \u0641\u064a \u0645\u0631\u0622\u0629 \u0645\u0635\u0642\u0648\u0644\u0629 \u0645\u0646 \u0627\u0644\u0641\u0648\u0644\u0627\u0630 \u0627\u0644\u0645\u0642\u0627\u0648\u0645 \u0644\u0644\u0635\u062f\u0623 AISI 316.<\/p>\n<p>\u0645\u0632\u0648\u062f\u0629 \u0628\u0641\u062a\u062d\u0629 \u0632\u0646\u0628\u0631\u0643\u064a\u0629 \u062a\u0645\u0646\u0639 \u0623\u064a \u0627\u0647\u062a\u0632\u0627\u0632 \u0628\u0645\u062c\u0631\u062f \u0641\u062a\u062d\u0647\u0627.<\/p>","protected":false},"excerpt":{"rendered":"<p>Borne pliante en ACIER INOXYDABLE AISI 316 poli miroir . Equip\u00e9 d&rsquo;une ouverture \u00e0 ressort qui, une fois ouverte, \u00e9vite toute vibration.<\/p>","protected":false},"featured_media":8830,"comment_status":"open","ping_status":"closed","template":"","meta":{"_uf_show_specific_survey":0,"_uf_disable_surveys":false},"product_brand":[],"product_cat":[166,163],"product_tag":[],"class_list":{"0":"post-8824","1":"product","2":"type-product","3":"status-publish","4":"has-post-thumbnail","6":"product_cat-accastillage-en-inox","7":"product_cat-accastillage","9":"first","10":"instock","11":"shipping-taxable","12":"purchasable","13":"product-type-variable"},"aioseo_notices":[],"_links":{"self":[{"href":"https:\/\/dsmarinealgerie.com\/ar\/wp-json\/wp\/v2\/product\/8824","targetHints":{"allow":["GET"]}}],"collection":[{"href":"https:\/\/dsmarinealgerie.com\/ar\/wp-json\/wp\/v2\/product"}],"about":[{"href":"https:\/\/dsmarinealgerie.com\/ar\/wp-json\/wp\/v2\/types\/product"}],"replies":[{"embeddable":true,"href":"https:\/\/dsmarinealgerie.com\/ar\/wp-json\/wp\/v2\/comments?post=8824"}],"wp:featuredmedia":[{"embeddable":true,"href":"https:\/\/dsmarinealgerie.com\/ar\/wp-json\/wp\/v2\/media\/8830"}],"wp:attachment":[{"href":"https:\/\/dsmarinealgerie.com\/ar\/wp-json\/wp\/v2\/media?parent=8824"}],"wp:term":[{"taxonomy":"product_brand","embeddable":true,"href":"https:\/\/dsmarinealgerie.com\/ar\/wp-json\/wp\/v2\/product_brand?post=8824"},{"taxonomy":"product_cat","embeddable":true,"href":"https:\/\/dsmarinealgerie.com\/ar\/wp-json\/wp\/v2\/product_cat?post=8824"},{"taxonomy":"product_tag","embeddable":true,"href":"https:\/\/dsmarinealgerie.com\/ar\/wp-json\/wp\/v2\/product_tag?post=8824"}],"curies":[{"name":"wp","href":"https:\/\/api.w.org\/{rel}","templated":true}]}}