{"id":8827,"date":"2024-03-21T09:39:44","date_gmt":"2024-03-21T09:39:44","guid":{"rendered":"https:\/\/dsmarinealgerie.com\/?post_type=product&#038;p=8827"},"modified":"2024-11-26T08:52:31","modified_gmt":"2024-11-26T08:52:31","slug":"nable-de-reservoir-incline-eau-en-inox","status":"publish","type":"product","link":"https:\/\/dsmarinealgerie.com\/ar\/shop\/accastillage\/trappes-et-ouvertures\/nable-de-reservoir-incline-eau-en-inox\/","title":{"rendered":"\u0637\u0627\u0648\u0644\u0629 \u062e\u0632\u0627\u0646 \u0645\u064a\u0627\u0647 \u0645\u0627\u0626\u0644\u0629 \u0645\u0646 \u0627\u0644\u0641\u0648\u0644\u0627\u0630 \u0627\u0644\u0645\u0642\u0627\u0648\u0645 \u0644\u0644\u0635\u062f\u0623"},"content":{"rendered":"<p>\u062e\u0632\u0627\u0646 \u0645\u064a\u0627\u0647 \u0639\u0644\u0649 \u0634\u0643\u0644 \u0645\u0631\u0641\u0642 Nable \u0645\u0648\u0635\u0649 \u0628\u0647 \u0644\u0644\u062a\u0631\u0643\u064a\u0628 \u0639\u0644\u0649 \u0627\u0644\u062c\u062f\u0631\u0627\u0646 \u0627\u0644\u0639\u0645\u0648\u062f\u064a\u0629<\/p>\n<p>\u0645\u062a\u0648\u0641\u0631 \u0628\u0642\u0637\u0631 38 \u0645\u0644\u0645 \u0623\u0648 50 \u0645\u0644\u0645 \u062f\u064a\u0632\u0644<\/p>\n<p>316 \u0637\u0627\u0648\u0644\u0629 \u0645\u0646 \u0627\u0644\u0641\u0648\u0644\u0627\u0630 \u0627\u0644\u0645\u0642\u0627\u0648\u0645 \u0644\u0644\u0635\u062f\u0623<\/p>","protected":false},"excerpt":{"rendered":"<p>Nable r\u00e9servoir a eau coud\u00e9e Recommand\u00e9e pour les installation sur paroi verticale Disponible en diam\u00e8tre 38mm ou 50mm Diesel Nable en Acier Inoxydable 316<\/p>","protected":false},"featured_media":8825,"comment_status":"open","ping_status":"closed","template":"","meta":{"_uf_show_specific_survey":0,"_uf_disable_surveys":false},"product_brand":[],"product_cat":[163,611],"product_tag":[],"class_list":{"0":"post-8827","1":"product","2":"type-product","3":"status-publish","4":"has-post-thumbnail","6":"product_cat-accastillage","7":"product_cat-trappes-et-ouvertures","9":"first","10":"outofstock","11":"shipping-taxable","12":"purchasable","13":"product-type-variable"},"aioseo_notices":[],"_links":{"self":[{"href":"https:\/\/dsmarinealgerie.com\/ar\/wp-json\/wp\/v2\/product\/8827","targetHints":{"allow":["GET"]}}],"collection":[{"href":"https:\/\/dsmarinealgerie.com\/ar\/wp-json\/wp\/v2\/product"}],"about":[{"href":"https:\/\/dsmarinealgerie.com\/ar\/wp-json\/wp\/v2\/types\/product"}],"replies":[{"embeddable":true,"href":"https:\/\/dsmarinealgerie.com\/ar\/wp-json\/wp\/v2\/comments?post=8827"}],"wp:featuredmedia":[{"embeddable":true,"href":"https:\/\/dsmarinealgerie.com\/ar\/wp-json\/wp\/v2\/media\/8825"}],"wp:attachment":[{"href":"https:\/\/dsmarinealgerie.com\/ar\/wp-json\/wp\/v2\/media?parent=8827"}],"wp:term":[{"taxonomy":"product_brand","embeddable":true,"href":"https:\/\/dsmarinealgerie.com\/ar\/wp-json\/wp\/v2\/product_brand?post=8827"},{"taxonomy":"product_cat","embeddable":true,"href":"https:\/\/dsmarinealgerie.com\/ar\/wp-json\/wp\/v2\/product_cat?post=8827"},{"taxonomy":"product_tag","embeddable":true,"href":"https:\/\/dsmarinealgerie.com\/ar\/wp-json\/wp\/v2\/product_tag?post=8827"}],"curies":[{"name":"wp","href":"https:\/\/api.w.org\/{rel}","templated":true}]}}