{"id":8844,"date":"2024-03-21T13:19:27","date_gmt":"2024-03-21T13:19:27","guid":{"rendered":"https:\/\/dsmarinealgerie.com\/?post_type=product&#038;p=8844"},"modified":"2026-01-29T08:08:12","modified_gmt":"2026-01-29T08:08:12","slug":"taquet-250mm-2","status":"publish","type":"product","link":"https:\/\/dsmarinealgerie.com\/ar\/shop\/accastillage\/accastillage-en-inox\/taquet-250mm-2\/","title":{"rendered":"\u0627\u0644\u0645\u0631\u0628\u0637 250 \u0645\u0644\u0645"},"content":{"rendered":"<p>\u0645\u0635\u0646\u0648\u0639\u0629 \u0645\u0646 \u0627\u0644\u0641\u0648\u0644\u0627\u0630 \u0627\u0644\u0645\u0642\u0627\u0648\u0645 \u0644\u0644\u0635\u062f\u0623 \u0628\u062f\u0631\u062c\u0629 316 \u0627\u0644\u0628\u062d\u0631\u064a\u0629. \u062a\u0623\u062b\u064a\u0631 \u0645\u0631\u0622\u0629 \u0645\u0635\u0642\u0648\u0644\u0629\u060c \u064a\u0646\u0627\u0633\u0628 \u0623\u064a \u0642\u0627\u0631\u0628 \u0645\u0646 \u0627\u0644\u0646\u0627\u062d\u064a\u0629 \u0627\u0644\u062c\u0645\u0627\u0644\u064a\u0629.<\/p>\n<p>\u0627\u0644\u0628\u0639\u062f:<\/p>\n<ul>\n<li>\u0644: 250 \u0645\u0644\u0645<\/li>\n<li>\u062c: 55 \u0645\u0644\u0645<\/li>\n<li><span class=\"\">\u0628: 29.0 \u0645\u0644\u0645<\/span><\/li>\n<\/ul>","protected":false},"excerpt":{"rendered":"<p>Fabriqu\u00e9 en acier inoxydable 316 de qualit\u00e9 marine. Effet miroir poli, s&rsquo;adapte esth\u00e9tiquement \u00e0 n&rsquo;importe quelle bateau. Dimension: L: 250mm R : 55mm B : 29.0mm<\/p>","protected":false},"featured_media":8846,"comment_status":"open","ping_status":"closed","template":"","meta":{"_uf_show_specific_survey":0,"_uf_disable_surveys":false},"product_brand":[],"product_cat":[166,163],"product_tag":[],"class_list":{"0":"post-8844","1":"product","2":"type-product","3":"status-publish","4":"has-post-thumbnail","6":"product_cat-accastillage-en-inox","7":"product_cat-accastillage","9":"first","10":"outofstock","11":"shipping-taxable","12":"purchasable","13":"product-type-simple"},"aioseo_notices":[],"_links":{"self":[{"href":"https:\/\/dsmarinealgerie.com\/ar\/wp-json\/wp\/v2\/product\/8844","targetHints":{"allow":["GET"]}}],"collection":[{"href":"https:\/\/dsmarinealgerie.com\/ar\/wp-json\/wp\/v2\/product"}],"about":[{"href":"https:\/\/dsmarinealgerie.com\/ar\/wp-json\/wp\/v2\/types\/product"}],"replies":[{"embeddable":true,"href":"https:\/\/dsmarinealgerie.com\/ar\/wp-json\/wp\/v2\/comments?post=8844"}],"wp:featuredmedia":[{"embeddable":true,"href":"https:\/\/dsmarinealgerie.com\/ar\/wp-json\/wp\/v2\/media\/8846"}],"wp:attachment":[{"href":"https:\/\/dsmarinealgerie.com\/ar\/wp-json\/wp\/v2\/media?parent=8844"}],"wp:term":[{"taxonomy":"product_brand","embeddable":true,"href":"https:\/\/dsmarinealgerie.com\/ar\/wp-json\/wp\/v2\/product_brand?post=8844"},{"taxonomy":"product_cat","embeddable":true,"href":"https:\/\/dsmarinealgerie.com\/ar\/wp-json\/wp\/v2\/product_cat?post=8844"},{"taxonomy":"product_tag","embeddable":true,"href":"https:\/\/dsmarinealgerie.com\/ar\/wp-json\/wp\/v2\/product_tag?post=8844"}],"curies":[{"name":"wp","href":"https:\/\/api.w.org\/{rel}","templated":true}]}}