{"id":8847,"date":"2024-03-21T11:47:26","date_gmt":"2024-03-21T11:47:26","guid":{"rendered":"https:\/\/dsmarinealgerie.com\/?post_type=product&#038;p=8847"},"modified":"2025-04-14T14:47:05","modified_gmt":"2025-04-14T14:47:05","slug":"kit-dancrage-a-grappin-0-7kg","status":"publish","type":"product","link":"https:\/\/dsmarinealgerie.com\/ar\/shop\/accastillage\/cordage-mouillage\/kit-dancrage-a-grappin-0-7kg\/","title":{"rendered":"\u0637\u0642\u0645 \u0645\u0631\u0633\u0627\u0629 \u0627\u0644\u0643\u0644\u0627\u0651\u0628 0.7 \u0643\u062c\u0645"},"content":{"rendered":"<div class=\"description-content showmore\" data-mobile-words=\"85\" data-desktop-words=\"130\">\u0645\u062c\u0645\u0648\u0639\u0629 \u0645\u0631\u0633\u0627\u0629 \u0627\u0644\u0643\u0644\u0627\u0651\u0628 \u0627\u0644\u0642\u0627\u0628\u0644\u0629 \u0644\u0644\u0637\u064a. \u062a\u0623\u062a\u064a \u0645\u0639 \u0645\u0631\u0633\u0627\u0629 \u062e\u0637\u0627\u0641\u064a\u0629 \u0645\u062a\u0635\u0644\u0629 \u0628\u062d\u0628\u0644 \u0645\u0646 \u0627\u0644\u062f\u0631\u062c\u0629 \u0627\u0644\u0628\u062d\u0631\u064a\u0629\u060c \u0643\u0644 \u0630\u0644\u0643 \u0641\u064a \u062d\u0642\u064a\u0628\u0629 \u062a\u062e\u0632\u064a\u0646 \u0645\u062f\u0645\u062c\u0629 \u0645\u0646 \u0627\u0644\u0646\u0627\u064a\u0644\u0648\u0646. \u064a\u062a\u0645 \u0631\u0628\u0637 \u0627\u0644\u062d\u0628\u0644 \u0628\u0633\u0647\u0648\u0644\u0629 \u0628\u0627\u0644\u0642\u0627\u0631\u0628 \u0627\u0644\u062e\u0627\u0635 \u0628\u0643 \u0628\u0627\u0633\u062a\u062e\u062f\u0627\u0645 \u062d\u0644\u0642\u0629 \u062a\u0633\u0644\u0642 \u0645\u0646 \u0627\u0644\u0641\u0648\u0644\u0627\u0630 \u0627\u0644\u0645\u0642\u0627\u0648\u0645 \u0644\u0644\u0635\u062f\u0623\u060c \u0644\u0630\u0644\u0643 \u0644\u0627 \u062f\u0627\u0639\u064a \u0644\u0644\u0642\u0644\u0642 \u0628\u0634\u0623\u0646 \u0637\u0641\u0648\u0647 \u0628\u0639\u064a\u062f\u064b\u0627. \u064a\u0645\u0643\u0646\u0643 \u0627\u0644\u0639\u062b\u0648\u0631 \u0639\u0644\u0649 \u0627\u0644\u0645\u0631\u0633\u0627\u0629 \u0648\u0627\u0633\u062a\u0631\u062c\u0627\u0639\u0647\u0627 \u0645\u0646 \u0623\u064a \u0645\u0643\u0627\u0646 \u0628\u0627\u0633\u062a\u062e\u062f\u0627\u0645 \u0627\u0644\u0639\u0648\u0627\u0645\u0629 \u0627\u0644\u0645\u0631\u0641\u0642\u0629. \u0645\u062c\u062f\u0627\u0641\u060c \u0648\u0625\u0633\u0642\u0627\u0637 \u0627\u0644\u0645\u0631\u0633\u0627\u0629 \u0648\u0646\u0646\u0633\u0649 \u0643\u0644 \u0645\u0634\u0627\u0643\u0644\u0643.<\/div>\n<p>\u062a\u062a\u0636\u0645\u0646 \u0627\u0644\u0645\u062c\u0645\u0648\u0639\u0629:<\/p>\n<p>\u0645\u0631\u0633\u0627\u0629 \u062a\u0635\u0627\u0631\u0639 \u062d\u0645\u0631\u0627\u0621 \u0628\u0648\u0632\u0646 0.7 \u0643\u062c\u0645<br \/>\n\u062e\u0637 \u0627\u0644\u0645\u0631\u0633\u0627\u0629<br \/>\n\u062d\u0642\u064a\u0628\u0629 \u062a\u062e\u0632\u064a\u0646<br \/>\n\u0639\u0648\u0627\u0645\u0629 \u0642\u0627\u0628\u0644\u0629 \u0644\u0644\u062a\u0639\u062f\u064a\u0644<br \/>\n\u0645\u0642\u0637\u0639<\/p>","protected":false},"excerpt":{"rendered":"<p>Le kit d&rsquo;ancrage \u00e0 grappin pliable. Il est livr\u00e9 avec une ancre crochue attach\u00e9e \u00e0 une corde de qualit\u00e9 marine, le tout dans un sac de rangement compact en nylon. La corde s&rsquo;attache facilement \u00e0 votre embarcation \u00e0 l&rsquo;aide d&rsquo;un mousqueton en acier inoxydable, vous n&rsquo;avez donc pas \u00e0 vous soucier qu&rsquo;elle flotte. Vous pouvez [&hellip;]<\/p>","protected":false},"featured_media":8848,"comment_status":"open","ping_status":"closed","template":"","meta":{"_uf_show_specific_survey":0,"_uf_disable_surveys":false},"product_brand":[],"product_cat":[15,163,169],"product_tag":[],"class_list":{"0":"post-8847","1":"product","2":"type-product","3":"status-publish","4":"has-post-thumbnail","6":"product_cat-uncategorized","7":"product_cat-accastillage","8":"product_cat-cordage-mouillage","10":"first","11":"outofstock","12":"shipping-taxable","13":"purchasable","14":"product-type-simple"},"aioseo_notices":[],"_links":{"self":[{"href":"https:\/\/dsmarinealgerie.com\/ar\/wp-json\/wp\/v2\/product\/8847","targetHints":{"allow":["GET"]}}],"collection":[{"href":"https:\/\/dsmarinealgerie.com\/ar\/wp-json\/wp\/v2\/product"}],"about":[{"href":"https:\/\/dsmarinealgerie.com\/ar\/wp-json\/wp\/v2\/types\/product"}],"replies":[{"embeddable":true,"href":"https:\/\/dsmarinealgerie.com\/ar\/wp-json\/wp\/v2\/comments?post=8847"}],"wp:featuredmedia":[{"embeddable":true,"href":"https:\/\/dsmarinealgerie.com\/ar\/wp-json\/wp\/v2\/media\/8848"}],"wp:attachment":[{"href":"https:\/\/dsmarinealgerie.com\/ar\/wp-json\/wp\/v2\/media?parent=8847"}],"wp:term":[{"taxonomy":"product_brand","embeddable":true,"href":"https:\/\/dsmarinealgerie.com\/ar\/wp-json\/wp\/v2\/product_brand?post=8847"},{"taxonomy":"product_cat","embeddable":true,"href":"https:\/\/dsmarinealgerie.com\/ar\/wp-json\/wp\/v2\/product_cat?post=8847"},{"taxonomy":"product_tag","embeddable":true,"href":"https:\/\/dsmarinealgerie.com\/ar\/wp-json\/wp\/v2\/product_tag?post=8847"}],"curies":[{"name":"wp","href":"https:\/\/api.w.org\/{rel}","templated":true}]}}