{"id":8849,"date":"2024-03-21T13:20:10","date_gmt":"2024-03-21T13:20:10","guid":{"rendered":"https:\/\/dsmarinealgerie.com\/?post_type=product&#038;p=8849"},"modified":"2024-03-21T13:20:11","modified_gmt":"2024-03-21T13:20:11","slug":"oreillette-de-rincage-carre-double-alimentation","status":"publish","type":"product","link":"https:\/\/dsmarinealgerie.com\/ar\/shop\/accastillage\/accessoires\/oreillette-de-rincage-carre-double-alimentation\/","title":{"rendered":"\u0633\u0645\u0627\u0639\u0629 \u0623\u0630\u0646 \u0645\u0631\u0628\u0639\u0629 \u0630\u0627\u062a \u0637\u0627\u0642\u0629 \u0645\u0632\u062f\u0648\u062c\u0629"},"content":{"rendered":"<p class=\"text-left\">\u063a\u0637\u0627\u0621 \u0645\u062d\u0631\u0643 \u0627\u0644\u063a\u0633\u0627\u0644\u0629 \u0645\u0632\u0648\u062f \u0628\u0645\u062f\u062e\u0644 \u0644\u0644\u0645\u064a\u0627\u0647 \u0639\u0644\u0649 \u0643\u0644\u0627 \u0627\u0644\u062c\u0627\u0646\u0628\u064a\u0646. \u0645\u0632\u0648\u062f \u0628\u0648\u0635\u0644\u0629 \u062c\u0631 \u0645\u0632\u062f\u0648\u062c\u0629\u060c \u064a\u062f\u0648\u064a\u0629 \u0648\u0623\u0648\u062a\u0648\u0645\u0627\u062a\u064a\u0643\u064a\u0629.<\/p>\n<p class=\"text-left\">\u0645\u0646\u0627\u0633\u0628\u0629 \u0644\u0645\u062d\u0631\u0643\u0627\u062a \u0627\u0644\u0625\u0632\u0627\u062d\u0629 \u0627\u0644\u0643\u0628\u064a\u0631\u0629.<\/p>","protected":false},"excerpt":{"rendered":"<p>Capot lave-moteur avec arriv\u00e9e d&rsquo;eau des deux c\u00f4t\u00e9s.\u00a0Fourni avec double attelage, manuel et automatique. Convient aux moteurs de grosse cylindr\u00e9e.<\/p>","protected":false},"featured_media":8851,"comment_status":"open","ping_status":"closed","template":"","meta":{"_uf_show_specific_survey":0,"_uf_disable_surveys":false},"product_brand":[],"product_cat":[163,170],"product_tag":[],"class_list":{"0":"post-8849","1":"product","2":"type-product","3":"status-publish","4":"has-post-thumbnail","6":"product_cat-accastillage","7":"product_cat-accessoires","9":"first","10":"instock","11":"shipping-taxable","12":"purchasable","13":"product-type-simple"},"aioseo_notices":[],"_links":{"self":[{"href":"https:\/\/dsmarinealgerie.com\/ar\/wp-json\/wp\/v2\/product\/8849","targetHints":{"allow":["GET"]}}],"collection":[{"href":"https:\/\/dsmarinealgerie.com\/ar\/wp-json\/wp\/v2\/product"}],"about":[{"href":"https:\/\/dsmarinealgerie.com\/ar\/wp-json\/wp\/v2\/types\/product"}],"replies":[{"embeddable":true,"href":"https:\/\/dsmarinealgerie.com\/ar\/wp-json\/wp\/v2\/comments?post=8849"}],"wp:featuredmedia":[{"embeddable":true,"href":"https:\/\/dsmarinealgerie.com\/ar\/wp-json\/wp\/v2\/media\/8851"}],"wp:attachment":[{"href":"https:\/\/dsmarinealgerie.com\/ar\/wp-json\/wp\/v2\/media?parent=8849"}],"wp:term":[{"taxonomy":"product_brand","embeddable":true,"href":"https:\/\/dsmarinealgerie.com\/ar\/wp-json\/wp\/v2\/product_brand?post=8849"},{"taxonomy":"product_cat","embeddable":true,"href":"https:\/\/dsmarinealgerie.com\/ar\/wp-json\/wp\/v2\/product_cat?post=8849"},{"taxonomy":"product_tag","embeddable":true,"href":"https:\/\/dsmarinealgerie.com\/ar\/wp-json\/wp\/v2\/product_tag?post=8849"}],"curies":[{"name":"wp","href":"https:\/\/api.w.org\/{rel}","templated":true}]}}