{"id":8887,"date":"2024-03-25T09:18:48","date_gmt":"2024-03-25T09:18:48","guid":{"rendered":"https:\/\/dsmarinealgerie.com\/?post_type=product&#038;p=8887"},"modified":"2024-03-25T09:19:04","modified_gmt":"2024-03-25T09:19:04","slug":"plafonnier-led-en-plastique-avec-interrupteur","status":"publish","type":"product","link":"https:\/\/dsmarinealgerie.com\/ar\/shop\/accastillage\/lumieres\/plafonnier-led-en-plastique-avec-interrupteur\/","title":{"rendered":"\u0636\u0648\u0621 \u0627\u0644\u0633\u0642\u0641 LED \u0627\u0644\u0628\u0644\u0627\u0633\u062a\u064a\u0643\u064a \u0645\u0639 \u0627\u0644\u062a\u0628\u062f\u064a\u0644"},"content":{"rendered":"<ul>\n<li>\n<p class=\"text-left\">24 \u0645\u0635\u0628\u0627\u062d \u0633\u0642\u0641 LED \u0630\u0648 \u0633\u0637\u0648\u0639 \u0639\u0627\u0644\u064a \u062c\u062f\u064b\u0627\u060c \u0645\u0639 \u062c\u0633\u0645 ABS. \u0643\u0627\u0645\u0644\u0629 \u0645\u0639 \u0645\u0633\u0627\u0645\u064a\u0631 \u0627\u0644\u062a\u062b\u0628\u064a\u062a \u0648\u0627\u0644\u062a\u0628\u062f\u064a\u0644.<\/p>\n<p class=\"text-left\">\u064a\u0645\u0643\u0646 \u062a\u0648\u0635\u064a\u0644\u0647 \u0628\u0646\u0638\u0627\u0645 \u062a\u0639\u062a\u064a\u0645 \u062b\u0627\u0628\u062a \u0627\u0644\u062c\u0647\u062f \u063a\u064a\u0631 PWM.<\/p>\n<\/li>\n<\/ul>","protected":false},"excerpt":{"rendered":"<p>Plafonnier 24 LED \u00e0 lumi\u00e8re chaude \u00e0 tr\u00e8s haute luminosit\u00e9, avec corps en ABS.\u00a0Complet avec vis de fixation et interrupteur. Il peut \u00eatre connect\u00e9 \u00e0 un syst\u00e8me de gradation non PWM \u00e0 tension constante.<\/p>","protected":false},"featured_media":8888,"comment_status":"open","ping_status":"closed","template":"","meta":{"_uf_show_specific_survey":0,"_uf_disable_surveys":false},"product_brand":[],"product_cat":[163,615],"product_tag":[],"class_list":{"0":"post-8887","1":"product","2":"type-product","3":"status-publish","4":"has-post-thumbnail","6":"product_cat-accastillage","7":"product_cat-lumieres","9":"first","10":"instock","11":"shipping-taxable","12":"purchasable","13":"product-type-simple"},"aioseo_notices":[],"_links":{"self":[{"href":"https:\/\/dsmarinealgerie.com\/ar\/wp-json\/wp\/v2\/product\/8887","targetHints":{"allow":["GET"]}}],"collection":[{"href":"https:\/\/dsmarinealgerie.com\/ar\/wp-json\/wp\/v2\/product"}],"about":[{"href":"https:\/\/dsmarinealgerie.com\/ar\/wp-json\/wp\/v2\/types\/product"}],"replies":[{"embeddable":true,"href":"https:\/\/dsmarinealgerie.com\/ar\/wp-json\/wp\/v2\/comments?post=8887"}],"wp:featuredmedia":[{"embeddable":true,"href":"https:\/\/dsmarinealgerie.com\/ar\/wp-json\/wp\/v2\/media\/8888"}],"wp:attachment":[{"href":"https:\/\/dsmarinealgerie.com\/ar\/wp-json\/wp\/v2\/media?parent=8887"}],"wp:term":[{"taxonomy":"product_brand","embeddable":true,"href":"https:\/\/dsmarinealgerie.com\/ar\/wp-json\/wp\/v2\/product_brand?post=8887"},{"taxonomy":"product_cat","embeddable":true,"href":"https:\/\/dsmarinealgerie.com\/ar\/wp-json\/wp\/v2\/product_cat?post=8887"},{"taxonomy":"product_tag","embeddable":true,"href":"https:\/\/dsmarinealgerie.com\/ar\/wp-json\/wp\/v2\/product_tag?post=8887"}],"curies":[{"name":"wp","href":"https:\/\/api.w.org\/{rel}","templated":true}]}}