{"id":8890,"date":"2024-03-25T09:20:15","date_gmt":"2024-03-25T09:20:15","guid":{"rendered":"https:\/\/dsmarinealgerie.com\/?post_type=product&#038;p=8890"},"modified":"2024-03-25T09:20:32","modified_gmt":"2024-03-25T09:20:32","slug":"plafonnier-led-avec-interrupteur-et-ampoule","status":"publish","type":"product","link":"https:\/\/dsmarinealgerie.com\/ar\/shop\/accastillage\/lumieres\/plafonnier-led-avec-interrupteur-et-ampoule\/","title":{"rendered":"\u0636\u0648\u0621 \u0627\u0644\u0633\u0642\u0641 LED \u0645\u0639 \u0627\u0644\u062a\u0628\u062f\u064a\u0644 \u0648\u0627\u0644\u0645\u0635\u0628\u0627\u062d"},"content":{"rendered":"<p class=\"text-left\">16 \u0645\u0635\u0628\u0627\u062d \u0633\u0642\u0641 LED \u0623\u0628\u064a\u0636 \u062f\u0627\u0641\u0626 \u0645\u0639 \u0645\u0641\u062a\u0627\u062d.<\/p>\n<p class=\"text-left\">\u062c\u0633\u0645 \u0628\u0644\u0627\u0633\u062a\u064a\u0643\u064a \u0645\u0642\u0627\u0648\u0645 \u0644\u0644\u0631\u0630\u0627\u0630.<\/p>\n<ul>\n<li>12 \u0641\u0648\u0644\u062a<\/li>\n<li>1 \u0648\u0627\u0637<\/li>\n<li>98 \u0644\u0648\u0645\u0646<\/li>\n<li>\u0627\u0644\u0642\u0637\u0631: 139<\/li>\n<li>\u0627\u0644\u0627\u0631\u062a\u0641\u0627\u0639: 40<\/li>\n<\/ul>","protected":false},"excerpt":{"rendered":"<p>Plafonnier 16 LED blanc chaud avec interrupteur. Corps en plastique r\u00e9sistant aux \u00e9claboussures. 12 Volts 1 Watt 98 Lumens Diam\u00e8tre : 139 Hauteur : 40<\/p>","protected":false},"featured_media":8891,"comment_status":"open","ping_status":"closed","template":"","meta":{"_uf_show_specific_survey":0,"_uf_disable_surveys":false},"product_brand":[],"product_cat":[163,615],"product_tag":[],"class_list":{"0":"post-8890","1":"product","2":"type-product","3":"status-publish","4":"has-post-thumbnail","6":"product_cat-accastillage","7":"product_cat-lumieres","9":"first","10":"instock","11":"shipping-taxable","12":"purchasable","13":"product-type-simple"},"aioseo_notices":[],"_links":{"self":[{"href":"https:\/\/dsmarinealgerie.com\/ar\/wp-json\/wp\/v2\/product\/8890","targetHints":{"allow":["GET"]}}],"collection":[{"href":"https:\/\/dsmarinealgerie.com\/ar\/wp-json\/wp\/v2\/product"}],"about":[{"href":"https:\/\/dsmarinealgerie.com\/ar\/wp-json\/wp\/v2\/types\/product"}],"replies":[{"embeddable":true,"href":"https:\/\/dsmarinealgerie.com\/ar\/wp-json\/wp\/v2\/comments?post=8890"}],"wp:featuredmedia":[{"embeddable":true,"href":"https:\/\/dsmarinealgerie.com\/ar\/wp-json\/wp\/v2\/media\/8891"}],"wp:attachment":[{"href":"https:\/\/dsmarinealgerie.com\/ar\/wp-json\/wp\/v2\/media?parent=8890"}],"wp:term":[{"taxonomy":"product_brand","embeddable":true,"href":"https:\/\/dsmarinealgerie.com\/ar\/wp-json\/wp\/v2\/product_brand?post=8890"},{"taxonomy":"product_cat","embeddable":true,"href":"https:\/\/dsmarinealgerie.com\/ar\/wp-json\/wp\/v2\/product_cat?post=8890"},{"taxonomy":"product_tag","embeddable":true,"href":"https:\/\/dsmarinealgerie.com\/ar\/wp-json\/wp\/v2\/product_tag?post=8890"}],"curies":[{"name":"wp","href":"https:\/\/api.w.org\/{rel}","templated":true}]}}