{"id":8911,"date":"2024-03-25T09:27:14","date_gmt":"2024-03-25T09:27:14","guid":{"rendered":"https:\/\/dsmarinealgerie.com\/?post_type=product&#038;p=8911"},"modified":"2024-03-25T09:27:15","modified_gmt":"2024-03-25T09:27:15","slug":"echelle-de-bateau-telescopique-avec-4-marches","status":"publish","type":"product","link":"https:\/\/dsmarinealgerie.com\/ar\/shop\/accastillage\/echelles\/echelle-de-bateau-telescopique-avec-4-marches\/","title":{"rendered":"\u0633\u0644\u0645 \u0642\u0627\u0631\u0628 \u062a\u0644\u0633\u0643\u0648\u0628\u064a \u0645\u0639 4 \u062e\u0637\u0648\u0627\u062a"},"content":{"rendered":"<p>\u064a\u0645\u0643\u0646 \u062a\u0631\u0643\u064a\u0628 \u0633\u0644\u0645 \u0627\u0644\u0642\u0627\u0631\u0628 \u0627\u0644\u062a\u0644\u0633\u0643\u0648\u0628\u064a \u0648\u0627\u0644\u0642\u0627\u0628\u0644 \u0644\u0644\u0637\u064a \u0639\u0644\u0649 \u0627\u0644\u062c\u0627\u0646\u0628 \u0627\u0644\u0639\u0644\u0648\u064a \u0645\u0646 \u0627\u0644\u0645\u0645\u0634\u0649<\/p>\n<ul>\n<li>\u0639\u062f\u062f \u0627\u0644\u062e\u0637\u0648\u0627\u062a: 4<\/li>\n<li>\u0627\u0644\u0645\u0648\u0627\u062f: \u0627\u0644\u0641\u0648\u0644\u0627\u0630 \u0627\u0644\u0645\u0642\u0627\u0648\u0645 \u0644\u0644\u0635\u062f\u0623<\/li>\n<li>\u062e\u0637\u0648\u0629 \u0639\u062f\u0645 \u0627\u0644\u0627\u0646\u0632\u0644\u0627\u0642<\/li>\n<\/ul>","protected":false},"excerpt":{"rendered":"<p>Echelle de bateau t\u00e9lescopique et repliable, peut \u00eatre installer sur la face sup\u00e9rieur de la passerelle Nombre de marches : 4 Mat\u00e9riaux : acier inoxydable Marche antid\u00e9rapante<\/p>","protected":false},"featured_media":8912,"comment_status":"open","ping_status":"closed","template":"","meta":{"_uf_show_specific_survey":0,"_uf_disable_surveys":false},"product_brand":[],"product_cat":[163,612],"product_tag":[],"class_list":{"0":"post-8911","1":"product","2":"type-product","3":"status-publish","4":"has-post-thumbnail","6":"product_cat-accastillage","7":"product_cat-echelles","9":"first","10":"instock","11":"shipping-taxable","12":"purchasable","13":"product-type-simple"},"aioseo_notices":[],"_links":{"self":[{"href":"https:\/\/dsmarinealgerie.com\/ar\/wp-json\/wp\/v2\/product\/8911","targetHints":{"allow":["GET"]}}],"collection":[{"href":"https:\/\/dsmarinealgerie.com\/ar\/wp-json\/wp\/v2\/product"}],"about":[{"href":"https:\/\/dsmarinealgerie.com\/ar\/wp-json\/wp\/v2\/types\/product"}],"replies":[{"embeddable":true,"href":"https:\/\/dsmarinealgerie.com\/ar\/wp-json\/wp\/v2\/comments?post=8911"}],"wp:featuredmedia":[{"embeddable":true,"href":"https:\/\/dsmarinealgerie.com\/ar\/wp-json\/wp\/v2\/media\/8912"}],"wp:attachment":[{"href":"https:\/\/dsmarinealgerie.com\/ar\/wp-json\/wp\/v2\/media?parent=8911"}],"wp:term":[{"taxonomy":"product_brand","embeddable":true,"href":"https:\/\/dsmarinealgerie.com\/ar\/wp-json\/wp\/v2\/product_brand?post=8911"},{"taxonomy":"product_cat","embeddable":true,"href":"https:\/\/dsmarinealgerie.com\/ar\/wp-json\/wp\/v2\/product_cat?post=8911"},{"taxonomy":"product_tag","embeddable":true,"href":"https:\/\/dsmarinealgerie.com\/ar\/wp-json\/wp\/v2\/product_tag?post=8911"}],"curies":[{"name":"wp","href":"https:\/\/api.w.org\/{rel}","templated":true}]}}