{"id":8913,"date":"2024-03-25T09:27:52","date_gmt":"2024-03-25T09:27:52","guid":{"rendered":"https:\/\/dsmarinealgerie.com\/?post_type=product&#038;p=8913"},"modified":"2024-11-26T08:51:36","modified_gmt":"2024-11-26T08:51:36","slug":"couverture-radio-marine","status":"publish","type":"product","link":"https:\/\/dsmarinealgerie.com\/ar\/shop\/accastillage\/trappes-et-ouvertures\/couverture-radio-marine\/","title":{"rendered":"\u0627\u0644\u062a\u063a\u0637\u064a\u0629 \u0627\u0644\u0625\u0630\u0627\u0639\u064a\u0629 \u0627\u0644\u0628\u062d\u0631\u064a\u0629"},"content":{"rendered":"<p>\u0627\u0644\u062a\u063a\u0637\u064a\u0629 \u0627\u0644\u0625\u0630\u0627\u0639\u064a\u0629 \u0627\u0644\u0628\u062d\u0631\u064a\u0629:<\/p>\n<ul>\n<li>\u0627\u0644\u0633\u0643\u0646 \u0628\u0644\u0648\u0646 \u0627\u0644\u062f\u062e\u0627\u0646<\/li>\n<li>\u062a\u0635\u0645\u064a\u0645 \u0645\u062c\u0648\u0641 \u064a\u0646\u0627\u0633\u0628 \u0645\u0639\u0638\u0645 \u0648\u062d\u062f\u0627\u062a \u0627\u0644\u0631\u0623\u0633 \u0630\u0627\u062a \u0627\u0644\u062d\u062c\u0645 DIN<\/li>\n<li>\u0628\u0627\u0628 \u0645\u0646\u0633\u062f\u0644 \u0628\u0644\u0648\u0646 \u0627\u0644\u062f\u062e\u0627\u0646 \u0645\u0639 \u062e\u062a\u0645 \u0645\u0637\u0627\u0637\u064a<\/li>\n<li>\u0628\u0627\u0628 \u0645\u0641\u0635\u0644\u064a \u0645\u062d\u0645\u0644 \u0628\u0646\u0627\u0628\u0636<\/li>\n<li>\u0639\u0631\u0648\u0627\u062a \u0627\u0644\u062f\u0639\u0645 \u0622\u0645\u0646\u0629 \u0648\u0642\u0641\u0644 \u063a\u0644\u0627\u0641 \u0627\u0644\u0631\u0627\u062f\u064a\u0648 \u0641\u064a \u0645\u0643\u0627\u0646\u0647<\/li>\n<li>\u064a\u0645\u0643\u0646 \u062a\u0631\u0643\u064a\u0628 \u0627\u0644\u0645\u0641\u0635\u0644\u0629 \u0644\u0623\u0639\u0644\u0649 \u0623\u0648 \u0644\u0623\u0633\u0641\u0644<\/li>\n<li>\u062a\u062a\u0636\u0645\u0646 \u0623\u062f\u0648\u0627\u062a \u062a\u0631\u0643\u064a\u0628 \u0645\u062e\u0641\u064a\u0629 \u0645\u0646 \u0627\u0644\u0641\u0648\u0644\u0627\u0630 \u0627\u0644\u0645\u0642\u0627\u0648\u0645 \u0644\u0644\u0635\u062f\u0623<\/li>\n<li>\u0627\u0644\u0623\u0628\u0639\u0627\u062f (\u0627\u0644\u0637\u0648\u0644 \u00d7 \u0627\u0644\u0627\u0631\u062a\u0641\u0627\u0639 \u00d7 \u0627\u0644\u0639\u0645\u0642): 9 \u00d7 4.1 \u00d7 1.92 \u0628\u0648\u0635\u0629 (229 \u00d7 104 \u00d7 49 \u0645\u0644\u0645)<\/li>\n<li>\u062d\u0634\u064a\u0629 \u062a\u062b\u0628\u064a\u062a \u0645\u0646 \u0625\u0633\u0641\u0646\u062c EVA<\/li>\n<li>\u0647\u064a\u0643\u0644 \u0628\u0648\u0644\u064a\u0645\u0631 ABS \u0645\u0642\u0627\u0648\u0645 \u0644\u062f\u0631\u062c\u0627\u062a \u0627\u0644\u062d\u0631\u0627\u0631\u0629 \u0627\u0644\u0639\u0627\u0644\u064a\u0629 \u0648\u0627\u0644\u0623\u0634\u0639\u0629 \u0641\u0648\u0642 \u0627\u0644\u0628\u0646\u0641\u0633\u062c\u064a\u0629<\/li>\n<\/ul>","protected":false},"excerpt":{"rendered":"<p>Couverture radio marine: Bo\u00eetier de couleur fum\u00e9e La conception encastr\u00e9e s&rsquo;adapte \u00e0 la plupart des unit\u00e9s principales de taille DIN Porte abattante couleur fum\u00e9e avec joint en caoutchouc Porte rabattable \u00e0 ressort Languettes de support, s\u00e9curise et verrouille le manchon radio en place La charni\u00e8re peut \u00eatre mont\u00e9e vers le haut ou vers le bas [&hellip;]<\/p>","protected":false},"featured_media":8914,"comment_status":"open","ping_status":"closed","template":"","meta":{"_uf_show_specific_survey":0,"_uf_disable_surveys":false},"product_brand":[],"product_cat":[163,611],"product_tag":[],"class_list":{"0":"post-8913","1":"product","2":"type-product","3":"status-publish","4":"has-post-thumbnail","6":"product_cat-accastillage","7":"product_cat-trappes-et-ouvertures","9":"first","10":"outofstock","11":"shipping-taxable","12":"purchasable","13":"product-type-simple"},"aioseo_notices":[],"_links":{"self":[{"href":"https:\/\/dsmarinealgerie.com\/ar\/wp-json\/wp\/v2\/product\/8913","targetHints":{"allow":["GET"]}}],"collection":[{"href":"https:\/\/dsmarinealgerie.com\/ar\/wp-json\/wp\/v2\/product"}],"about":[{"href":"https:\/\/dsmarinealgerie.com\/ar\/wp-json\/wp\/v2\/types\/product"}],"replies":[{"embeddable":true,"href":"https:\/\/dsmarinealgerie.com\/ar\/wp-json\/wp\/v2\/comments?post=8913"}],"wp:featuredmedia":[{"embeddable":true,"href":"https:\/\/dsmarinealgerie.com\/ar\/wp-json\/wp\/v2\/media\/8914"}],"wp:attachment":[{"href":"https:\/\/dsmarinealgerie.com\/ar\/wp-json\/wp\/v2\/media?parent=8913"}],"wp:term":[{"taxonomy":"product_brand","embeddable":true,"href":"https:\/\/dsmarinealgerie.com\/ar\/wp-json\/wp\/v2\/product_brand?post=8913"},{"taxonomy":"product_cat","embeddable":true,"href":"https:\/\/dsmarinealgerie.com\/ar\/wp-json\/wp\/v2\/product_cat?post=8913"},{"taxonomy":"product_tag","embeddable":true,"href":"https:\/\/dsmarinealgerie.com\/ar\/wp-json\/wp\/v2\/product_tag?post=8913"}],"curies":[{"name":"wp","href":"https:\/\/api.w.org\/{rel}","templated":true}]}}