{"id":8945,"date":"2024-03-24T13:00:06","date_gmt":"2024-03-24T13:00:06","guid":{"rendered":"https:\/\/dsmarinealgerie.com\/?post_type=product&#038;p=8945"},"modified":"2024-03-24T13:04:36","modified_gmt":"2024-03-24T13:04:36","slug":"leurres-jackson-athlete-fsv-17cm","status":"publish","type":"product","link":"https:\/\/dsmarinealgerie.com\/ar\/shop\/peche\/materiel-de-peche\/leurres-jackson-athlete-fsv-17cm\/","title":{"rendered":"\u0637\u064f\u0639\u0645 \u062c\u0627\u0643\u0633\u0648\u0646 \u0627\u0644\u0631\u064a\u0627\u0636\u064a FSV \u0628\u0637\u0648\u0644 17 \u0633\u0645"},"content":{"rendered":"<p>\u062a\u062d\u062a\u0648\u064a \u0637\u0627\u0626\u0631\u0629 Athlete 17FSV \u0639\u0644\u0649 \u0645\u0644\u0639\u0642\u0629 \u0645\u0635\u0645\u0645\u0629 \u062e\u0635\u064a\u0635\u064b\u0627 \u0644\u062a\u0633\u0645\u062d \u0644\u0647\u0627 \u0628\u0631\u062d\u0644\u0629 \u0623\u0643\u062b\u0631 \u0627\u0633\u062a\u0642\u0631\u0627\u0631\u064b\u0627 \u0648\u0628\u0627\u0644\u062a\u0627\u0644\u064a \u0623\u0637\u0648\u0644. \u0641\u064a \u0627\u0644\u0648\u0627\u0642\u0639\u060c \u062a\u0648\u0627\u062c\u0647 \u0627\u0644\u0637\u064f\u0639\u0645 \u0627\u0644\u0623\u0643\u0628\u0631 \u062d\u062c\u0645\u064b\u0627 \u0639\u0645\u0648\u0645\u064b\u0627 \u0635\u0639\u0648\u0628\u0629 \u0641\u064a \u0627\u0644\u0637\u064a\u0631\u0627\u0646 \u0628\u0633\u0628\u0628 \u062d\u062c\u0645\u0647\u0627 \u0648\u0628\u0627\u0644\u062a\u0627\u0644\u064a \u0636\u0639\u0641 \u062f\u064a\u0646\u0627\u0645\u064a\u0643\u0627\u0647\u0627 \u0627\u0644\u0647\u0648\u0627\u0626\u064a\u0629. \u064a\u0639\u062a\u0628\u0631 \u0627\u0644\u0631\u064a\u0627\u0636\u064a \u0627\u0633\u062a\u062b\u0646\u0627\u0621\u064b \u0648\u0644\u062f\u064a\u0647 \u0631\u062d\u0644\u0629 \u0623\u0637\u0648\u0644 10% \u0645\u0646 \u0627\u0644\u0637\u064f\u0639\u0645 \u0627\u0644\u0623\u062e\u0631\u0649 \u0628\u0647\u0630\u0627 \u0627\u0644\u062d\u062c\u0645. \u0639\u0646\u062f \u0627\u0633\u062a\u0631\u062c\u0627\u0639\u0647\u0627 \u0628\u0633\u0631\u0639\u0629 \u0648\u0642\u0644\u0628\u0647\u0627\u060c \u0641\u0625\u0646\u0647\u0627 \u062a\u062a\u0645\u062a\u0639 \u0628\u062d\u0631\u0643\u0629 \u0645\u062a\u0639\u0631\u062c\u0629 \u062d\u0627\u062f\u0629 \u0645\u0645\u064a\u0632\u0629 \u0644\u0633\u0644\u0633\u0644\u0629 \u0627\u0644\u0631\u064a\u0627\u0636\u064a\u064a\u0646 \u0628\u0623\u0643\u0645\u0644\u0647\u0627\u060c \u0641\u064a \u062d\u064a\u0646 \u0623\u0646 \u0627\u0644\u0627\u0633\u062a\u0631\u062f\u0627\u062f \u0627\u0644\u0628\u0637\u064a\u0621 \u064a\u0646\u062a\u062c \u062d\u0631\u0643\u0629 \u062a\u062f\u062d\u0631\u062c \u0643\u0644\u0627\u0633\u064a\u0643\u064a\u0629.<\/p>\n<p>\u0627\u0644\u062d\u062c\u0645: 17 \u0633\u0645<\/p>\n<p>\u0627\u0644\u0648\u0632\u0646: 26.5 \u062c\u0631\u0627\u0645<\/p>\n<p>\u0627\u0644\u0646\u0648\u0639: \u0639\u0627\u0626\u0645\u0629<\/p>\n<p>\u0627\u0644\u062e\u0637\u0627\u0641: #4<\/p>","protected":false},"excerpt":{"rendered":"<p>Athlete 17FSV a une cuill\u00e8re sp\u00e9cialement con\u00e7ue pour lui permettre un vol plus stable et donc plus long. En effet, les leurres plus grands ont g\u00e9n\u00e9ralement du mal \u00e0 voler en raison de leur taille et donc de leur moins bonne a\u00e9rodynamique. Athlete est une exception et a un vol 10% plus long que les [&hellip;]<\/p>","protected":false},"featured_media":8952,"comment_status":"open","ping_status":"closed","template":"","meta":{"_uf_show_specific_survey":0,"_uf_disable_surveys":false},"product_brand":[],"product_cat":[164,227],"product_tag":[],"class_list":{"0":"post-8945","1":"product","2":"type-product","3":"status-publish","4":"has-post-thumbnail","6":"product_cat-peche","7":"product_cat-materiel-de-peche","9":"first","10":"instock","11":"shipping-taxable","12":"purchasable","13":"product-type-variable"},"aioseo_notices":[],"_links":{"self":[{"href":"https:\/\/dsmarinealgerie.com\/ar\/wp-json\/wp\/v2\/product\/8945","targetHints":{"allow":["GET"]}}],"collection":[{"href":"https:\/\/dsmarinealgerie.com\/ar\/wp-json\/wp\/v2\/product"}],"about":[{"href":"https:\/\/dsmarinealgerie.com\/ar\/wp-json\/wp\/v2\/types\/product"}],"replies":[{"embeddable":true,"href":"https:\/\/dsmarinealgerie.com\/ar\/wp-json\/wp\/v2\/comments?post=8945"}],"wp:featuredmedia":[{"embeddable":true,"href":"https:\/\/dsmarinealgerie.com\/ar\/wp-json\/wp\/v2\/media\/8952"}],"wp:attachment":[{"href":"https:\/\/dsmarinealgerie.com\/ar\/wp-json\/wp\/v2\/media?parent=8945"}],"wp:term":[{"taxonomy":"product_brand","embeddable":true,"href":"https:\/\/dsmarinealgerie.com\/ar\/wp-json\/wp\/v2\/product_brand?post=8945"},{"taxonomy":"product_cat","embeddable":true,"href":"https:\/\/dsmarinealgerie.com\/ar\/wp-json\/wp\/v2\/product_cat?post=8945"},{"taxonomy":"product_tag","embeddable":true,"href":"https:\/\/dsmarinealgerie.com\/ar\/wp-json\/wp\/v2\/product_tag?post=8945"}],"curies":[{"name":"wp","href":"https:\/\/api.w.org\/{rel}","templated":true}]}}