{"id":8963,"date":"2024-03-24T13:05:08","date_gmt":"2024-03-24T13:05:08","guid":{"rendered":"https:\/\/dsmarinealgerie.com\/?post_type=product&#038;p=8963"},"modified":"2024-03-24T13:16:46","modified_gmt":"2024-03-24T13:16:46","slug":"leurres-jackson-athlete-ssv-17cm","status":"publish","type":"product","link":"https:\/\/dsmarinealgerie.com\/ar\/shop\/peche\/materiel-de-peche\/leurres-jackson-athlete-ssv-17cm\/","title":{"rendered":"\u0637\u064f\u0639\u0645 \u062c\u0627\u0643\u0633\u0648\u0646 \u0627\u0644\u0631\u064a\u0627\u0636\u064a SSV \u0628\u0637\u0648\u0644 17 \u0633\u0645"},"content":{"rendered":"<p>\u062a\u0645 \u062a\u0635\u0645\u064a\u0645 ATHLETE 17SSV \u0644\u064a\u062d\u0642\u0642 \u062a\u0642\u062f\u0645\u064b\u0627 \u0643\u0628\u064a\u0631\u064b\u0627 \u0628\u0641\u0636\u0644 \u0627\u0644\u0645\u0631\u064a\u0644\u0629 \u0627\u0644\u062c\u062f\u064a\u062f\u0629 \u0627\u0644\u062a\u064a \u0635\u0645\u0645\u0647\u0627 JACKSON \u0648\u0627\u0644\u062a\u064a \u062a\u0633\u0645\u0649 &quot;Vortex Generator&quot;. \u0645\u0646 \u0627\u0644\u0635\u0639\u0628 \u0625\u0644\u0642\u0627\u0621 \u0627\u0644\u0637\u064f\u0639\u0648\u0645 \u0627\u0644\u0637\u0648\u064a\u0644\u0629 \u0648\u0627\u0644\u0646\u062d\u064a\u0644\u0629 \u0628\u0633\u0628\u0628 \u0627\u0647\u062a\u0632\u0627\u0632\u0627\u062a \u0627\u0644\u062c\u0633\u0645 \u0627\u0644\u062a\u064a \u062a\u0648\u0644\u062f \u0645\u0642\u0627\u0648\u0645\u0629 \u0623\u0643\u0628\u0631 \u0641\u064a \u0627\u0644\u0647\u0648\u0627\u0621 \u0645\u0645\u0627 \u064a\u0642\u0644\u0644 \u0645\u0633\u0627\u0641\u0627\u062a \u0627\u0644\u0635\u0628. \u064a\u0642\u0644\u0644 \u0631\u0641\u0631\u0641 ATHLETE 17SSV \u0645\u0646 \u0627\u0647\u062a\u0632\u0627\u0632\u0627\u062a \u0627\u0644\u062c\u0633\u0645 \u0648\u0645\u0642\u0627\u0648\u0645\u0629 \u0627\u0644\u0647\u0648\u0627\u0621\u060c \u0645\u0645\u0627 \u064a\u0633\u0645\u062d \u0628\u0645\u062a\u0648\u0633\u0637 \u0645\u0633\u0627\u0641\u0629 10.3% \u0645\u0642\u0627\u0631\u0646\u0629 \u0628\u0627\u0644\u0637\u0639\u0645 \u063a\u064a\u0631 \u0627\u0644\u0645\u062c\u0647\u0632 \u0628\u0645\u0648\u0644\u062f Vortex. \u064a\u062d\u0627\u0641\u0638 ATHLETE 17SSV \u0639\u0644\u0649 \u0648\u0636\u0639 \u062b\u0627\u0628\u062a \u062d\u062a\u0649 \u0641\u064a \u0645\u0648\u0627\u062c\u0647\u0629 \u0627\u0644\u0631\u064a\u062d\u060c \u0643\u0645\u0627 \u0623\u0646\u0647 \u064a\u062a\u0645\u062a\u0639 \u0628\u0636\u0631\u0628\u0629 \u0645\u062d\u0643\u0645\u0629 \u0645\u0639 \u0627\u0644\u062a\u0630\u0628\u0630\u0628 \u0648\u0627\u0644\u062a\u062f\u062d\u0631\u062c \u0648\u0627\u0644\u062a\u064a \u062a\u0639\u0645\u0644 \u0628\u0633\u0631\u0639\u0629 \u062a\u0639\u0627\u0641\u064a \u0628\u0637\u064a\u0626\u0629 \u0645\u0645\u0627 \u064a\u0633\u0645\u062d \u0644\u0647 \u0628\u0627\u0644\u062a\u0646\u0627\u0648\u0628 \u0645\u0639 \u0627\u0644\u0647\u0632\u0627\u062a \u0641\u064a \u0627\u0644\u0623\u0648\u0642\u0627\u062a \u0627\u0644\u0645\u0646\u0627\u0633\u0628\u0629<\/p>\n<p>\u0627\u0644\u062d\u062c\u0645: 17 \u0633\u0645<\/p>\n<p>\u0627\u0644\u0648\u0632\u0646: 30 \u062c\u0631\u0627\u0645<\/p>\n<p>\u0627\u0644\u0646\u0648\u0639: \u063a\u0631\u0642<\/p>\n<p>\u0627\u0644\u062e\u0637\u0627\u0641: #4<\/p>","protected":false},"excerpt":{"rendered":"<p>L\u2019ATHLETE 17SSV est con\u00e7u pour se lancer loin gr\u00e2ce \u00e0 une nouvelle bavette imagin\u00e9e par JACKSON et appel\u00e9e \u00ab Vortex Generator \u00bb. Les leurres longs et effil\u00e9s sont difficiles \u00e0 lancer du fait des vibrations de leur corps qui g\u00e9n\u00e8rent une r\u00e9sistance sup\u00e9rieure dans l\u2019air laquelle r\u00e9duit les distances de lancer. La bavette de l\u2019ATHLETE [&hellip;]<\/p>","protected":false},"featured_media":8968,"comment_status":"open","ping_status":"closed","template":"","meta":{"_uf_show_specific_survey":0,"_uf_disable_surveys":false},"product_brand":[],"product_cat":[164,227],"product_tag":[],"class_list":{"0":"post-8963","1":"product","2":"type-product","3":"status-publish","4":"has-post-thumbnail","6":"product_cat-peche","7":"product_cat-materiel-de-peche","9":"first","10":"instock","11":"shipping-taxable","12":"purchasable","13":"product-type-variable"},"aioseo_notices":[],"_links":{"self":[{"href":"https:\/\/dsmarinealgerie.com\/ar\/wp-json\/wp\/v2\/product\/8963","targetHints":{"allow":["GET"]}}],"collection":[{"href":"https:\/\/dsmarinealgerie.com\/ar\/wp-json\/wp\/v2\/product"}],"about":[{"href":"https:\/\/dsmarinealgerie.com\/ar\/wp-json\/wp\/v2\/types\/product"}],"replies":[{"embeddable":true,"href":"https:\/\/dsmarinealgerie.com\/ar\/wp-json\/wp\/v2\/comments?post=8963"}],"wp:featuredmedia":[{"embeddable":true,"href":"https:\/\/dsmarinealgerie.com\/ar\/wp-json\/wp\/v2\/media\/8968"}],"wp:attachment":[{"href":"https:\/\/dsmarinealgerie.com\/ar\/wp-json\/wp\/v2\/media?parent=8963"}],"wp:term":[{"taxonomy":"product_brand","embeddable":true,"href":"https:\/\/dsmarinealgerie.com\/ar\/wp-json\/wp\/v2\/product_brand?post=8963"},{"taxonomy":"product_cat","embeddable":true,"href":"https:\/\/dsmarinealgerie.com\/ar\/wp-json\/wp\/v2\/product_cat?post=8963"},{"taxonomy":"product_tag","embeddable":true,"href":"https:\/\/dsmarinealgerie.com\/ar\/wp-json\/wp\/v2\/product_tag?post=8963"}],"curies":[{"name":"wp","href":"https:\/\/api.w.org\/{rel}","templated":true}]}}