{"id":9044,"date":"2024-03-25T11:33:19","date_gmt":"2024-03-25T11:33:19","guid":{"rendered":"https:\/\/dsmarinealgerie.com\/?post_type=product&#038;p=9044"},"modified":"2025-11-13T10:29:16","modified_gmt":"2025-11-13T10:29:16","slug":"leurre-shimano-silent-assassin-jet-boost-163mm","status":"publish","type":"product","link":"https:\/\/dsmarinealgerie.com\/ar\/shop\/peche\/leurre-shimano-silent-assassin-jet-boost-163mm\/","title":{"rendered":"\u0637\u064f\u0639\u0645 \u0634\u064a\u0645\u0627\u0646\u0648 \u0627\u0644\u0635\u0627\u0645\u062a \u0627\u0644\u0642\u0627\u062a\u0644 \u0627\u0644\u0646\u0641\u0627\u062b 163 \u0645\u0644\u0645"},"content":{"rendered":"<h4>\u064a\u064f\u0639\u062f Exsence Silent Assassin XM116S \u0623\u0643\u0628\u0631 \u0637\u0639\u0645 \u0628\u0627\u0633 \u0639\u0627\u0626\u0645 \u0641\u064a \u0645\u062c\u0645\u0648\u0639\u0629 Silent Assassin \u0627\u0644\u0634\u0647\u064a\u0631\u0629. \u0645\u0632\u0648\u062f \u0628\u0640 JET BOOST \u0644\u062a\u062d\u0642\u064a\u0642 \u0623\u0642\u0635\u0649 \u0645\u0633\u0627\u0641\u0629 \u0644\u0644\u0631\u0645\u064a\u060c \u0633\u064a\u0635\u0644 \u0647\u0630\u0627 \u0627\u0644\u0637\u064f\u0639\u0645 \u0627\u0644\u0643\u0628\u064a\u0631 \u0625\u0644\u0649 \u0623\u0645\u0627\u0643\u0646 \u0644\u0627 \u062a\u0633\u062a\u0637\u064a\u0639 \u0627\u0644\u0637\u064f\u0639\u0645 \u0627\u0644\u0623\u062e\u0631\u0649 \u0627\u0644\u0648\u0635\u0648\u0644 \u0625\u0644\u064a\u0647\u0627\u060c \u0643\u0645\u0627 \u064a\u062a\u0645\u062a\u0639 \u0628\u062d\u0631\u0643\u0629 \u0645\u062a\u0639\u062f\u062f\u0629 \u0627\u0644\u0627\u0633\u062a\u062e\u062f\u0627\u0645\u0627\u062a \u064a\u0645\u0643\u0646 \u0627\u0644\u0639\u0645\u0644 \u0628\u0647\u0627 \u062d\u062a\u0649 \u0639\u0645\u0642 0.8 \u0645\u062a\u0631.<\/h4>\n<h4>\u064a\u062a\u0645\u062a\u0639 The Silent Assassin \u0628\u0633\u0645\u0639\u0629 \u0623\u0633\u0637\u0648\u0631\u064a\u0629 \u0641\u064a \u0627\u0635\u0637\u064a\u0627\u062f \u0633\u0645\u0643 \u0627\u0644\u0642\u0627\u0631\u0648\u0633\u060c \u0648\u0644\u0643\u0646 \u0644\u0627 \u062a\u0642\u0644\u0644 \u0645\u0646 \u0634\u0623\u0646 \u0642\u062f\u0631\u062a\u0647 \u0639\u0644\u0649 \u0627\u0635\u0637\u064a\u0627\u062f \u0627\u0644\u062d\u064a\u0648\u0627\u0646\u0627\u062a \u0627\u0644\u0645\u0641\u062a\u0631\u0633\u0629 \u0627\u0644\u0623\u062e\u0631\u0649 \u0627\u0644\u062a\u064a \u062a\u062a\u063a\u0630\u0649 \u0639\u0644\u0649 \u0627\u0644\u0645\u064a\u0627\u0647 \u0627\u0644\u0645\u0627\u0644\u062d\u0629. \u062a\u062a\u0645\u064a\u0632 \u0628\u062a\u0642\u0646\u064a\u0629 JET BOOST \u0644\u0632\u064a\u0627\u062f\u0629 \u0623\u062f\u0627\u0621 \u0627\u0644\u0635\u0628 \u062d\u062a\u0649 62 \u0645\u062a\u0631\u064b\u0627\u060c \u0648\u0647\u064a \u0627\u0644\u0637\u0639\u0645 \u0627\u0644\u0645\u062b\u0627\u0644\u064a \u0639\u0646\u062f\u0645\u0627 \u062a\u062a\u063a\u0630\u0649 \u0627\u0644\u0623\u0633\u0645\u0627\u0643 \u0639\u0644\u0649 \u0645\u0633\u0627\u0641\u0629. \u0628\u0627\u0633\u062a\u062e\u062f\u0627\u0645 \u0627\u0644\u0627\u0633\u062a\u0631\u062f\u0627\u062f \u0627\u0644\u062b\u0627\u0628\u062a \u0648\u0627\u0644\u062b\u0627\u0628\u062a\u060c \u062a\u062a\u0645\u062a\u0639 \u0644\u0639\u0628\u0629 Silent Assassin \u0628\u062d\u0631\u0643\u0629 \u062a\u062f\u062d\u0631\u062c \u0645\u062d\u0643\u0645\u0629 \u0639\u0646\u062f \u062f\u062e\u0648\u0644 \u0627\u0644\u0645\u0631\u064a\u0644\u0629 \u0625\u0644\u0649 \u0627\u0644\u0645\u0627\u0621\u060c \u0648\u0644\u0643\u0646 \u064a\u0645\u0643\u0646 \u0625\u0636\u0627\u0641\u0629 \u062d\u0631\u0643\u0629 \u0639\u062f\u0648\u0627\u0646\u064a\u0629 \u0628\u0627\u0633\u062a\u062e\u062f\u0627\u0645 \u0647\u0632\u0627\u062a \u062d\u0627\u062f\u0629 \u0623\u0648 \u062d\u0631\u0643\u0629 \u0627\u0646\u0632\u0644\u0627\u0642\u064a\u0629 \u0645\u0646 \u0627\u0644\u064a\u0645\u064a\u0646 \u0625\u0644\u0649 \u0627\u0644\u064a\u0633\u0627\u0631 \u0645\u0639 \u0633\u062d\u0628 \u0637\u0648\u064a\u0644 \u0644\u0637\u0631\u0641 \u0627\u0644\u0639\u0635\u0627.<\/h4>\n<h5 class=\"s-header\"><strong>\u0633\u0645\u0627\u062a:<\/strong><br \/>\n\u0648\u0632\u0646 \u0627\u0644\u0637\u0639\u0645: 32 \u062c\u0631\u0627\u0645<br \/>\n\u0637\u0648\u0644 \u0627\u0644\u0637\u0639\u0645: 163 \u0645\u0644\u0645<br \/>\n\u0646\u0648\u0639 \u0627\u0644\u0637\u0639\u0645: \u0639\u0627\u0626\u0645<br \/>\n\u0646\u0637\u0627\u0642 \u0627\u0644\u0637\u0639\u0645: 40~80 \u0633\u0645<br \/>\n\u0645\u0633\u0627\u0641\u0629 \u0627\u0644\u0637\u064a\u0631\u0627\u0646: 62 \u0645<\/h5>","protected":false},"excerpt":{"rendered":"<p>L&rsquo;Exsence Silent Assassin XM116S est le plus grand leurre flottant pour le bar de la c\u00e9l\u00e8bre gamme Silent Assassin. Equip\u00e9 du JET BOOST pour une distance de lancer maximale, ce gros leurre atteindra des endroits que d&rsquo;autres leurres ne peuvent atteindre et poss\u00e8de une action polyvalente qui peut \u00eatre travaill\u00e9e jusqu&rsquo;\u00e0 une profondeur de 0,8 [&hellip;]<\/p>","protected":false},"featured_media":9052,"comment_status":"open","ping_status":"closed","template":"","meta":{"_uf_show_specific_survey":0,"_uf_disable_surveys":false},"product_brand":[],"product_cat":[164],"product_tag":[],"class_list":{"0":"post-9044","1":"product","2":"type-product","3":"status-publish","4":"has-post-thumbnail","6":"product_cat-peche","8":"first","9":"instock","10":"shipping-taxable","11":"purchasable","12":"product-type-variable"},"aioseo_notices":[],"_links":{"self":[{"href":"https:\/\/dsmarinealgerie.com\/ar\/wp-json\/wp\/v2\/product\/9044","targetHints":{"allow":["GET"]}}],"collection":[{"href":"https:\/\/dsmarinealgerie.com\/ar\/wp-json\/wp\/v2\/product"}],"about":[{"href":"https:\/\/dsmarinealgerie.com\/ar\/wp-json\/wp\/v2\/types\/product"}],"replies":[{"embeddable":true,"href":"https:\/\/dsmarinealgerie.com\/ar\/wp-json\/wp\/v2\/comments?post=9044"}],"wp:featuredmedia":[{"embeddable":true,"href":"https:\/\/dsmarinealgerie.com\/ar\/wp-json\/wp\/v2\/media\/9052"}],"wp:attachment":[{"href":"https:\/\/dsmarinealgerie.com\/ar\/wp-json\/wp\/v2\/media?parent=9044"}],"wp:term":[{"taxonomy":"product_brand","embeddable":true,"href":"https:\/\/dsmarinealgerie.com\/ar\/wp-json\/wp\/v2\/product_brand?post=9044"},{"taxonomy":"product_cat","embeddable":true,"href":"https:\/\/dsmarinealgerie.com\/ar\/wp-json\/wp\/v2\/product_cat?post=9044"},{"taxonomy":"product_tag","embeddable":true,"href":"https:\/\/dsmarinealgerie.com\/ar\/wp-json\/wp\/v2\/product_tag?post=9044"}],"curies":[{"name":"wp","href":"https:\/\/api.w.org\/{rel}","templated":true}]}}