{"id":9067,"date":"2024-03-25T12:27:46","date_gmt":"2024-03-25T12:27:46","guid":{"rendered":"https:\/\/dsmarinealgerie.com\/?post_type=product&#038;p=9067"},"modified":"2024-03-25T12:27:46","modified_gmt":"2024-03-25T12:27:46","slug":"tresse-gosen-answer-eging-pe-0-8-150m","status":"publish","type":"product","link":"https:\/\/dsmarinealgerie.com\/ar\/shop\/peche\/materiel-de-peche\/tresse\/tresse-gosen-answer-eging-pe-0-8-150m\/","title":{"rendered":"\u062c\u062f\u064a\u0644\u0629 \u062c\u0648\u0633\u0646 \u0627\u0644\u0625\u062c\u0627\u0628\u0629 Eging PE 0.8 -150 \u0645"},"content":{"rendered":"<p><strong>\u062c\u062f\u064a\u0644\u0629 Gosen Eging X8 \u0645\u0635\u0646\u0648\u0639\u0629 \u0645\u0646 Izanus \u0641\u064a \u0627\u0644\u064a\u0627\u0628\u0627\u0646\u00a0<\/strong><\/p>\n<p><span>\u0637\u0631\u064a\u0642\u0629 \u0627\u0644\u062a\u0635\u0646\u064a\u0639 \u201cMPX\u201d \u00d7 \u201cHDX\u201d.\u00a0<\/span><br \/>\n<span>\u0628\u0627\u0633\u062a\u062e\u062f\u0627\u0645 \u0637\u0631\u064a\u0642\u0629 \u0627\u0644\u062a\u0635\u0646\u064a\u0639 MPX\u060c \u0627\u0644\u062a\u064a \u062a\u0642\u0648\u0645 \u0628\u062a\u062c\u0645\u064a\u0639 \u0633\u0644\u0643 \u062e\u0627\u0645 \u0639\u0627\u0644\u064a \u0627\u0644\u0643\u062b\u0627\u0641\u0629\u060c \u0645\u0646 \u0627\u0644\u0645\u0645\u0643\u0646 \u062a\u062d\u0642\u064a\u0642 \u0645\u0633\u062a\u0648\u0649 \u0639\u0627\u0644\u064d \u0645\u0646 \u0645\u0642\u0627\u0648\u0645\u0629 \u0627\u0644\u062a\u0622\u0643\u0644 \u0648\u0627\u0644\u0635\u062f\u0645\u0627\u062a\u00a0<\/span><br \/>\n<span>\u0628\u0627\u0644\u0625\u0636\u0627\u0641\u0629 \u0625\u0644\u0649 \u0630\u0644\u0643\u060c \u0641\u0625\u0646 \u0637\u0631\u064a\u0642\u0629 \u0627\u0644\u062a\u0635\u0646\u064a\u0639 HDX\u060c \u0627\u0644\u062a\u064a \u062a\u0642\u0648\u0645 \u0628\u062a\u062c\u0645\u064a\u0639 \u0627\u0644\u0623\u0633\u0644\u0627\u0643 \u0627\u0644\u062e\u0627\u0645 \u0628\u062f\u0642\u0629 \u062a\u062d\u062a \u0636\u063a\u0637 \u0639\u0627\u0644\u064d\u060c \u062a\u062d\u0642\u0642 \u0627\u0633\u062a\u0642\u0631\u0627\u0631\u064b\u0627 \u0642\u0648\u064a\u064b\u0627 \u0648\u062d\u0633\u0627\u0633\u064a\u0629 \u0639\u0627\u0644\u064a\u0629.<\/span><br \/>\n<span>&quot;\u0639\u0644\u0627\u062c SG&quot; \u0627\u0644\u0623\u0635\u0644\u064a \u0644\u0640 GOSEN \u064a\u062e\u0644\u0642 &quot;\u062a\u0648\u062a\u0631\u064b\u0627&quot; \u0648&quot;\u0642\u0648\u0629&quot; \u0648&quot;\u062d\u0633\u0627\u0633\u064a\u0629 \u0639\u0627\u0644\u064a\u0629&quot; <\/span><br \/>\n<span>\u062a\u0645 \u0627\u0639\u062a\u0645\u0627\u062f BCM (\u0646\u0638\u0627\u0645 \u062a\u062d\u062f\u064a\u062f \u0627\u0644\u062a\u0642\u0627\u0637 \u0627\u0644\u0639\u0636) \u0628\u062d\u064a\u062b \u064a\u0645\u0643\u0646 \u0627\u0643\u062a\u0634\u0627\u0641 \u0623\u062f\u0646\u0649 \u062d\u0631\u0643\u0629 \u0644\u0644\u062e\u0637.<\/span><\/p>\n<p><strong>\u0644\u0648\u0646 \u0627\u0644\u062e\u0637: \u0639\u0644\u0627\u0645\u0629 \u0627\u0644\u0644\u0648\u0646 \u0627\u0644\u0623\u0633\u0627\u0633\u064a \u0627\u0644\u0623\u0628\u064a\u0636<\/strong><\/p>","protected":false},"excerpt":{"rendered":"<p>Tresse Gosen Eging X8 fabriqu\u00e9e \u00e0 partir d&rsquo;Izanus au Japon\u00a0 M\u00e9thode de fabrication \u00ab MPX \u00bb \u00d7 \u00ab HDX \u00bb\u00a0 En utilisant la m\u00e9thode de fabrication MPX, qui assemble du fil brut \u00e0 haute densit\u00e9, il est possible d&rsquo;atteindre un haut niveau de r\u00e9sistance \u00e0 l&rsquo;abrasion et aux chocs\u00a0 De plus, la m\u00e9thode de fabrication [&hellip;]<\/p>","protected":false},"featured_media":9068,"comment_status":"open","ping_status":"closed","template":"","meta":{"_uf_show_specific_survey":0,"_uf_disable_surveys":false},"product_brand":[],"product_cat":[581,164,227],"product_tag":[],"class_list":{"0":"post-9067","1":"product","2":"type-product","3":"status-publish","4":"has-post-thumbnail","6":"product_cat-tresse","7":"product_cat-peche","8":"product_cat-materiel-de-peche","10":"first","11":"instock","12":"shipping-taxable","13":"purchasable","14":"product-type-simple"},"aioseo_notices":[],"_links":{"self":[{"href":"https:\/\/dsmarinealgerie.com\/ar\/wp-json\/wp\/v2\/product\/9067","targetHints":{"allow":["GET"]}}],"collection":[{"href":"https:\/\/dsmarinealgerie.com\/ar\/wp-json\/wp\/v2\/product"}],"about":[{"href":"https:\/\/dsmarinealgerie.com\/ar\/wp-json\/wp\/v2\/types\/product"}],"replies":[{"embeddable":true,"href":"https:\/\/dsmarinealgerie.com\/ar\/wp-json\/wp\/v2\/comments?post=9067"}],"wp:featuredmedia":[{"embeddable":true,"href":"https:\/\/dsmarinealgerie.com\/ar\/wp-json\/wp\/v2\/media\/9068"}],"wp:attachment":[{"href":"https:\/\/dsmarinealgerie.com\/ar\/wp-json\/wp\/v2\/media?parent=9067"}],"wp:term":[{"taxonomy":"product_brand","embeddable":true,"href":"https:\/\/dsmarinealgerie.com\/ar\/wp-json\/wp\/v2\/product_brand?post=9067"},{"taxonomy":"product_cat","embeddable":true,"href":"https:\/\/dsmarinealgerie.com\/ar\/wp-json\/wp\/v2\/product_cat?post=9067"},{"taxonomy":"product_tag","embeddable":true,"href":"https:\/\/dsmarinealgerie.com\/ar\/wp-json\/wp\/v2\/product_tag?post=9067"}],"curies":[{"name":"wp","href":"https:\/\/api.w.org\/{rel}","templated":true}]}}