{"id":9069,"date":"2024-03-25T12:28:39","date_gmt":"2024-03-25T12:28:39","guid":{"rendered":"https:\/\/dsmarinealgerie.com\/?post_type=product&#038;p=9069"},"modified":"2024-04-16T07:50:26","modified_gmt":"2024-04-16T07:50:26","slug":"tresse-gosen-samon-pe-1-200m","status":"publish","type":"product","link":"https:\/\/dsmarinealgerie.com\/ar\/shop\/peche\/materiel-de-peche\/tresse\/tresse-gosen-samon-pe-1-200m\/","title":{"rendered":"\u062c\u062f\u064a\u0644\u0629 \u062c\u0648\u0633\u0646 \u0633\u0627\u0645\u0648\u0646 Surfcasting PE 1 - 200 \u0645"},"content":{"rendered":"<p><strong>\u062c\u062f\u064a\u0644\u0629 Gosen Samon PEx8 \u0645\u0635\u0646\u0648\u0639\u0629 \u0645\u0646 Izanus \u0641\u064a \u0627\u0644\u064a\u0627\u0628\u0627\u0646\u00a0<\/strong><\/p>\n<p>\u062a\u0648\u0641\u0631 \u062c\u062f\u064a\u0644\u0629 GOSEN SAMON Surf Casting PEX8 \u062c\u0648\u062f\u0629 \u0641\u0627\u0626\u0642\u0629 \u0628\u0637\u0648\u0644 200 \u0645\u062a\u0631 \u0644\u0635\u064a\u062f \u0627\u0644\u0623\u0633\u0645\u0627\u0643 \u0639\u0628\u0631 \u0627\u0644\u0623\u0645\u0648\u0627\u062c. \u0645\u062a\u0639\u062f\u062f\u0629 \u0627\u0644\u0623\u0644\u0648\u0627\u0646 \u0648\u0642\u0648\u064a\u0629\u060c \u0641\u0647\u064a \u062a\u0636\u0645\u0646 \u0627\u0644\u0623\u062f\u0627\u0621 \u0627\u0644\u0623\u0645\u062b\u0644 \u0644\u0645\u063a\u0627\u0645\u0631\u0627\u062a \u0627\u0644\u0635\u064a\u062f \u0627\u0644\u062e\u0627\u0635\u0629 \u0628\u0643.<\/p>","protected":false},"excerpt":{"rendered":"<p>Tresse Gosen Samon PEx8 fabriqu\u00e9e \u00e0 partir d&rsquo;Izanus au Japon\u00a0 La tresse GOSEN SAMON Surf Casting PEX8 offre 200m de qualit\u00e9 sup\u00e9rieure pour la p\u00eache en surfcasting. Multicolore et robuste, elle garantit des performances optimales pour vos aventures de p\u00eache.<\/p>","protected":false},"featured_media":9070,"comment_status":"open","ping_status":"closed","template":"","meta":{"_uf_show_specific_survey":0,"_uf_disable_surveys":false},"product_brand":[],"product_cat":[581,164,227],"product_tag":[],"class_list":{"0":"post-9069","1":"product","2":"type-product","3":"status-publish","4":"has-post-thumbnail","6":"product_cat-tresse","7":"product_cat-peche","8":"product_cat-materiel-de-peche","10":"first","11":"instock","12":"shipping-taxable","13":"purchasable","14":"product-type-simple"},"aioseo_notices":[],"_links":{"self":[{"href":"https:\/\/dsmarinealgerie.com\/ar\/wp-json\/wp\/v2\/product\/9069","targetHints":{"allow":["GET"]}}],"collection":[{"href":"https:\/\/dsmarinealgerie.com\/ar\/wp-json\/wp\/v2\/product"}],"about":[{"href":"https:\/\/dsmarinealgerie.com\/ar\/wp-json\/wp\/v2\/types\/product"}],"replies":[{"embeddable":true,"href":"https:\/\/dsmarinealgerie.com\/ar\/wp-json\/wp\/v2\/comments?post=9069"}],"wp:featuredmedia":[{"embeddable":true,"href":"https:\/\/dsmarinealgerie.com\/ar\/wp-json\/wp\/v2\/media\/9070"}],"wp:attachment":[{"href":"https:\/\/dsmarinealgerie.com\/ar\/wp-json\/wp\/v2\/media?parent=9069"}],"wp:term":[{"taxonomy":"product_brand","embeddable":true,"href":"https:\/\/dsmarinealgerie.com\/ar\/wp-json\/wp\/v2\/product_brand?post=9069"},{"taxonomy":"product_cat","embeddable":true,"href":"https:\/\/dsmarinealgerie.com\/ar\/wp-json\/wp\/v2\/product_cat?post=9069"},{"taxonomy":"product_tag","embeddable":true,"href":"https:\/\/dsmarinealgerie.com\/ar\/wp-json\/wp\/v2\/product_tag?post=9069"}],"curies":[{"name":"wp","href":"https:\/\/api.w.org\/{rel}","templated":true}]}}