{"id":9071,"date":"2024-03-25T12:37:06","date_gmt":"2024-03-25T12:37:06","guid":{"rendered":"https:\/\/dsmarinealgerie.com\/?post_type=product&#038;p=9071"},"modified":"2024-03-25T12:52:13","modified_gmt":"2024-03-25T12:52:13","slug":"tresse-toray-jigging-power-game-x8-300m","status":"publish","type":"product","link":"https:\/\/dsmarinealgerie.com\/ar\/shop\/peche\/materiel-de-peche\/tresse\/tresse-toray-jigging-power-game-x8-300m\/","title":{"rendered":"\u0644\u0639\u0628\u0629 Toray Jigging Power X8 \u062c\u062f\u064a\u0644\u0629 \u2013 300 \u0645\u062a\u0631"},"content":{"rendered":"<p>\u062a\u0645 \u062a\u0635\u0646\u064a\u0639 \u062c\u062f\u064a\u0644\u0629 Toray Jigging PE Power Game X8 \u0628\u0627\u0633\u062a\u062e\u062f\u0627\u0645 \u0637\u0631\u064a\u0642\u0629 8 \u062c\u062f\u0627\u0626\u0644 \u0627\u0644\u0623\u0635\u0644\u064a\u0629 \u0644\u0633\u0644\u0633\u0644\u0629 Power game +.<\/p>\n<p>\u0625\u0646\u0647 \u0630\u0648 \u0637\u0644\u0627\u0621 \u062e\u0627\u0635 \u064a\u0642\u0644\u0644 \u0645\u0646 \u0633\u062d\u0628 \u0627\u0644\u062a\u064a\u0627\u0631\u060c \u0648\u0647\u0648 \u0645\u062b\u0627\u0644\u064a \u0644\u0644\u0642\u0641\u0632! \u0628\u0627\u0644\u0625\u0636\u0627\u0641\u0629 \u0625\u0644\u0649 \u0630\u0644\u0643\u060c \u064a\u0648\u0641\u0631 \u0637\u0644\u0627\u0621 \u0627\u0644\u0633\u0637\u062d \u0627\u0644\u0631\u0627\u062a\u0646\u062c\u064a \u0647\u0630\u0627 \u0645\u0642\u0627\u0648\u0645\u0629 \u0623\u0641\u0636\u0644 \u0644\u0644\u062a\u0622\u0643\u0644 \u0648\u064a\u0633\u0645\u062d \u0623\u064a\u0636\u064b\u0627 \u0644\u0644\u0631\u0642\u0635 \u0628\u0627\u0644\u0647\u0628\u0648\u0637 \u0628\u0633\u0644\u0627\u0633\u0629.<\/p>\n<p>\u0627\u0633\u062a\u062e\u062f\u0627\u0645 \u0646\u0645\u0648\u0630\u062c \u0623\u0644\u0648\u0627\u0646 \u062c\u062f\u064a\u062f \u064a\u0633\u0627\u0639\u062f \u0639\u0644\u0649 \u0632\u064a\u0627\u062f\u0629 \u0627\u0644\u0631\u0624\u064a\u0629.<\/p>\n<p>\u0627\u0644\u0644\u0648\u0646: \u0627\u0644\u0623\u062e\u0636\u0631\u060c \u0627\u0644\u0648\u0631\u062f\u064a\u060c \u0627\u0644\u0623\u0632\u0631\u0642\u060c \u0627\u0644\u0623\u0635\u0641\u0631\u060c \u0627\u0644\u0623\u062d\u0645\u0631 (\u062a\u062a\u063a\u064a\u0631 \u0627\u0644\u0623\u0644\u0648\u0627\u0646 \u0643\u0644 10 \u0623\u0645\u062a\u0627\u0631)<\/p>","protected":false},"excerpt":{"rendered":"<p>La tresse Toray Jigging PE Power Game X8 est fabriqu\u00e9e avec la m\u00e9thode originale \u00e0 8 brins de la s\u00e9rie Power game +. Elle dispose d&rsquo;un rev\u00eatement sp\u00e9cial qui r\u00e9duit la prise au courant, id\u00e9al pour le jigging ! En outre, ce rev\u00eatement de surface en r\u00e9sine offre une meilleure r\u00e9sistance \u00e0 l\u2019abrasion et permet [&hellip;]<\/p>","protected":false},"featured_media":9073,"comment_status":"open","ping_status":"closed","template":"","meta":{"_uf_show_specific_survey":0,"_uf_disable_surveys":false},"product_brand":[],"product_cat":[581,164,227],"product_tag":[],"class_list":{"0":"post-9071","1":"product","2":"type-product","3":"status-publish","4":"has-post-thumbnail","6":"product_cat-tresse","7":"product_cat-peche","8":"product_cat-materiel-de-peche","10":"first","11":"instock","12":"shipping-taxable","13":"purchasable","14":"product-type-variable"},"aioseo_notices":[],"_links":{"self":[{"href":"https:\/\/dsmarinealgerie.com\/ar\/wp-json\/wp\/v2\/product\/9071","targetHints":{"allow":["GET"]}}],"collection":[{"href":"https:\/\/dsmarinealgerie.com\/ar\/wp-json\/wp\/v2\/product"}],"about":[{"href":"https:\/\/dsmarinealgerie.com\/ar\/wp-json\/wp\/v2\/types\/product"}],"replies":[{"embeddable":true,"href":"https:\/\/dsmarinealgerie.com\/ar\/wp-json\/wp\/v2\/comments?post=9071"}],"wp:featuredmedia":[{"embeddable":true,"href":"https:\/\/dsmarinealgerie.com\/ar\/wp-json\/wp\/v2\/media\/9073"}],"wp:attachment":[{"href":"https:\/\/dsmarinealgerie.com\/ar\/wp-json\/wp\/v2\/media?parent=9071"}],"wp:term":[{"taxonomy":"product_brand","embeddable":true,"href":"https:\/\/dsmarinealgerie.com\/ar\/wp-json\/wp\/v2\/product_brand?post=9071"},{"taxonomy":"product_cat","embeddable":true,"href":"https:\/\/dsmarinealgerie.com\/ar\/wp-json\/wp\/v2\/product_cat?post=9071"},{"taxonomy":"product_tag","embeddable":true,"href":"https:\/\/dsmarinealgerie.com\/ar\/wp-json\/wp\/v2\/product_tag?post=9071"}],"curies":[{"name":"wp","href":"https:\/\/api.w.org\/{rel}","templated":true}]}}