{"id":9114,"date":"2024-03-27T09:04:18","date_gmt":"2024-03-27T09:04:18","guid":{"rendered":"https:\/\/dsmarinealgerie.com\/?post_type=product&#038;p=9114"},"modified":"2024-03-27T09:04:19","modified_gmt":"2024-03-27T09:04:19","slug":"lampe-de-lecture-led-avec-interrupteur-tactile","status":"publish","type":"product","link":"https:\/\/dsmarinealgerie.com\/ar\/shop\/accastillage\/lumieres\/lampe-de-lecture-led-avec-interrupteur-tactile\/","title":{"rendered":"\u0636\u0648\u0621 \u0627\u0644\u0642\u0631\u0627\u0621\u0629 LED \u0645\u0639 \u0645\u0641\u062a\u0627\u062d \u0627\u0644\u0644\u0645\u0633"},"content":{"rendered":"<div class=\"product-information\">\n<div id=\"product-description-short-19497\" class=\"rte-content product-description\">\n<p>\u0645\u0635\u0628\u0627\u062d LED \u064a\u062c\u0639\u0644 \u0628\u0637\u0627\u0642\u0627\u062a \u0627\u0644\u0642\u0631\u0627\u0621\u0629 \u0645\u0645\u062a\u0639\u0629 \u0628\u0634\u0643\u0644 \u0645\u0636\u0627\u0639\u0641. \u064a\u0645\u0643\u0646 \u0627\u0633\u062a\u062e\u062f\u0627\u0645 \u0627\u0644\u0642\u0627\u0631\u0626 \u0627\u0644\u0625\u0644\u0643\u062a\u0631\u0648\u0646\u064a \u0628\u0642\u0648\u0629 18 \u0641\u0648\u0644\u062a \u0628\u0637\u0631\u064a\u0642\u0629 \u0645\u0633\u062a\u0647\u062f\u0641\u0629 \u0648\u0648\u0641\u0642\u064b\u0627 \u0644\u0644\u0627\u062d\u062a\u064a\u0627\u062c\u0627\u062a: \u0641\u0647\u0648 \u0645\u062b\u0627\u0644\u064a \u0644\u0644\u0639\u0645\u0644 \u0648\u0627\u0644\u0642\u0631\u0627\u0621\u0629! \u0645\u064a\u0632\u062a\u0643: \u062d\u062a\u0649 \u0644\u0648 \u0643\u0627\u0646 \u0627\u0644\u062c\u0648 \u0645\u0638\u0644\u0645\u064b\u0627 \u0628\u0627\u0644\u0641\u0639\u0644 \u0628\u0627\u0644\u062e\u0627\u0631\u062c\u060c \u0641\u0625\u0646 \u0645\u0635\u0628\u0627\u062d \u0642\u0631\u0627\u0621\u0629 \u0627\u0644\u0642\u0627\u0631\u0628 LED \u0628\u0642\u062f\u0631\u0629 18 \u0641\u0648\u0644\u062a \u064a\u0633\u0645\u062d \u0644\u0643 \u0628\u0627\u0644\u0639\u0646\u0627\u064a\u0629 \u0628\u0639\u064a\u0646\u064a\u0643 \u0648\u0645\u0646\u0639 \u0627\u0644\u0635\u062f\u0627\u0639.<\/p>\n<ul>\n<li>\u0627\u0644\u062c\u0647\u062f: 18 \u0641\u0648\u0644\u062a<\/li>\n<li>\u0627\u0644\u0637\u0627\u0642\u0629: 6 \u0648\u0627\u0637<\/li>\n<\/ul>\n<\/div>\n<\/div>","protected":false},"excerpt":{"rendered":"<p>Une lampe\u00a0 LED rend la lecture des cartes deux fois plus agr\u00e9able. Une liseuse 18V peut \u00eatre utilis\u00e9e de fa\u00e7on cibl\u00e9e et en fonction des besoins : elle est parfaite pour travailler et pour lire ! Votre avantage : m\u00eame s\u2019il fait d\u00e9j\u00e0 sombre dehors, une liseuse LED 18V bateau vous permet de m\u00e9nager vos [&hellip;]<\/p>","protected":false},"featured_media":9115,"comment_status":"open","ping_status":"closed","template":"","meta":{"_uf_show_specific_survey":0,"_uf_disable_surveys":false},"product_brand":[],"product_cat":[163,615],"product_tag":[],"class_list":{"0":"post-9114","1":"product","2":"type-product","3":"status-publish","4":"has-post-thumbnail","6":"product_cat-accastillage","7":"product_cat-lumieres","9":"first","10":"instock","11":"shipping-taxable","12":"purchasable","13":"product-type-simple"},"aioseo_notices":[],"_links":{"self":[{"href":"https:\/\/dsmarinealgerie.com\/ar\/wp-json\/wp\/v2\/product\/9114","targetHints":{"allow":["GET"]}}],"collection":[{"href":"https:\/\/dsmarinealgerie.com\/ar\/wp-json\/wp\/v2\/product"}],"about":[{"href":"https:\/\/dsmarinealgerie.com\/ar\/wp-json\/wp\/v2\/types\/product"}],"replies":[{"embeddable":true,"href":"https:\/\/dsmarinealgerie.com\/ar\/wp-json\/wp\/v2\/comments?post=9114"}],"wp:featuredmedia":[{"embeddable":true,"href":"https:\/\/dsmarinealgerie.com\/ar\/wp-json\/wp\/v2\/media\/9115"}],"wp:attachment":[{"href":"https:\/\/dsmarinealgerie.com\/ar\/wp-json\/wp\/v2\/media?parent=9114"}],"wp:term":[{"taxonomy":"product_brand","embeddable":true,"href":"https:\/\/dsmarinealgerie.com\/ar\/wp-json\/wp\/v2\/product_brand?post=9114"},{"taxonomy":"product_cat","embeddable":true,"href":"https:\/\/dsmarinealgerie.com\/ar\/wp-json\/wp\/v2\/product_cat?post=9114"},{"taxonomy":"product_tag","embeddable":true,"href":"https:\/\/dsmarinealgerie.com\/ar\/wp-json\/wp\/v2\/product_tag?post=9114"}],"curies":[{"name":"wp","href":"https:\/\/api.w.org\/{rel}","templated":true}]}}