{"id":9124,"date":"2024-03-27T09:15:25","date_gmt":"2024-03-27T09:15:25","guid":{"rendered":"https:\/\/dsmarinealgerie.com\/?post_type=product&#038;p=9124"},"modified":"2024-03-27T09:17:08","modified_gmt":"2024-03-27T09:17:08","slug":"lampe-led-en-laiton-pour-une-lumiere-sous-marine-12-v","status":"publish","type":"product","link":"https:\/\/dsmarinealgerie.com\/ar\/shop\/accastillage\/lumieres\/lampe-led-en-laiton-pour-une-lumiere-sous-marine-12-v\/","title":{"rendered":"\u0645\u0635\u0628\u0627\u062d LED \u0646\u062d\u0627\u0633\u064a \u0644\u0625\u0636\u0627\u0621\u0629 \u062a\u062d\u062a \u0627\u0644\u0645\u0627\u0621 12 \u0641\u0648\u0644\u062a"},"content":{"rendered":"<p>\u0647\u0630\u0647 \u0645\u062c\u0645\u0648\u0639\u0629 \u0645\u0646 \u0642\u0637\u0639\u062a\u064a\u0646 \u0645\u0646 \u0645\u0635\u0627\u0628\u064a\u062d LED \u0628\u0627\u0644\u0644\u0648\u0646 \u0627\u0644\u0623\u0632\u0631\u0642. \u0647\u0630\u0627 \u0627\u0644\u0645\u0635\u0628\u0627\u062d \u0645\u0635\u0646\u0648\u0639 \u0645\u0646 \u0642\u0627\u0628\u0633 \u0646\u062d\u0627\u0633\u064a \u0633\u0645\u064a\u0643 \u0648\u0642\u0648\u064a \u0645\u0642\u0627\u0633 1\/2 \u0628\u0648\u0635\u0629 NPT. \u0627\u0644\u062c\u0627\u0646\u0628 \u0627\u0644\u062e\u0644\u0641\u064a \u0645\u0646 \u0627\u0644\u0632\u0627\u0626\u062f \u0645\u0645\u0644\u0648\u0621 \u0628\u0645\u0627\u062f\u0629 \u0625\u064a\u0628\u0648\u0643\u0633\u064a \u0630\u0627\u062a \u062f\u0631\u062c\u0629 \u062d\u0631\u0627\u0631\u0629 \u0639\u0627\u0644\u064a\u0629. \u0627\u0644\u0639\u062f\u0633\u0627\u062a \u0627\u0644\u062e\u0627\u0631\u062c\u064a\u0629 \u0627\u0644\u0634\u0641\u0627\u0641\u0629 \u0645\u0635\u0646\u0648\u0639\u0629 \u0645\u0646 \u0645\u0627\u062f\u0629 \u0627\u0644\u0628\u0648\u0644\u064a \u0643\u0631\u0628\u0648\u0646\u0627\u062a \u0627\u0644\u0634\u0641\u0627\u0641\u0629 \u0627\u0644\u0645\u0642\u0627\u0648\u0645\u0629 \u0644\u0644\u0623\u0634\u0639\u0629 \u0641\u0648\u0642 \u0627\u0644\u0628\u0646\u0641\u0633\u062c\u064a\u0629.<\/p>\n<p>\u0627\u0644\u0645\u0648\u0627\u062f: \u0627\u0644\u0646\u062d\u0627\u0633.<br \/>\n\u0644\u0648\u0646 \u0627\u0644\u0633\u0643\u0646: \u0627\u0644\u0646\u062d\u0627\u0633 \u0627\u0644\u0645\u0637\u0644\u064a.<br \/>\n\u0644\u0648\u0646 LED: \u0636\u0648\u0621 \u0627\u0644\u0646\u0647\u0627\u0631 \u0627\u0644\u0623\u0632\u0631\u0642.<br \/>\n\u0627\u0644\u0635\u0645\u0627\u0645: 2 \u0642\u0637\u0639\u0629.<br \/>\n\u0627\u0644\u0639\u0632\u0644 \u0627\u0644\u0645\u0627\u0626\u064a: IP 68.<br \/>\n\u062c\u0647\u062f \u0627\u0644\u062a\u0634\u063a\u064a\u0644: 12 \u0641\u0648\u0644\u062a.<br \/>\n\u0627\u0644\u0637\u0627\u0642\u0629: 0.4 \u0648\u0627\u0637.<br \/>\n\u0627\u0644\u062a\u062c\u0648\u064a\u0641 \u0627\u0644\u0641\u0639\u0627\u0644: 3.<\/p>\n<p>\u0642\u0637\u0631 \u0627\u0644\u062e\u064a\u0637: 1\/2&quot;-14<br \/>\n\u0637\u0648\u0644 \u0627\u0644\u0643\u0627\u0628\u0644: 22 \u0628\u0648\u0635\u0629.<\/p>","protected":false},"excerpt":{"rendered":"<p>Il s&rsquo;agit d&rsquo;un ensemble de 2 pi\u00e8ces de lumi\u00e8re\u00a0 bouchon LED bleu . Cette lampe est compos\u00e9e d&rsquo;un bouchon NPT 1\/2&Prime; en laiton \u00e9pais et robuste. La face arri\u00e8re du plus est remplie d&rsquo;\u00e9poxy haute temp\u00e9rature. La lentille ext\u00e9rieure transparente est en PC transparent et r\u00e9sistant aux UV. Mat\u00e9riau : laiton. Couleur du bo\u00eetier : [&hellip;]<\/p>","protected":false},"featured_media":9125,"comment_status":"open","ping_status":"closed","template":"","meta":{"_uf_show_specific_survey":0,"_uf_disable_surveys":false},"product_brand":[],"product_cat":[163,615],"product_tag":[],"class_list":{"0":"post-9124","1":"product","2":"type-product","3":"status-publish","4":"has-post-thumbnail","6":"product_cat-accastillage","7":"product_cat-lumieres","9":"first","10":"instock","11":"shipping-taxable","12":"purchasable","13":"product-type-simple"},"aioseo_notices":[],"_links":{"self":[{"href":"https:\/\/dsmarinealgerie.com\/ar\/wp-json\/wp\/v2\/product\/9124","targetHints":{"allow":["GET"]}}],"collection":[{"href":"https:\/\/dsmarinealgerie.com\/ar\/wp-json\/wp\/v2\/product"}],"about":[{"href":"https:\/\/dsmarinealgerie.com\/ar\/wp-json\/wp\/v2\/types\/product"}],"replies":[{"embeddable":true,"href":"https:\/\/dsmarinealgerie.com\/ar\/wp-json\/wp\/v2\/comments?post=9124"}],"wp:featuredmedia":[{"embeddable":true,"href":"https:\/\/dsmarinealgerie.com\/ar\/wp-json\/wp\/v2\/media\/9125"}],"wp:attachment":[{"href":"https:\/\/dsmarinealgerie.com\/ar\/wp-json\/wp\/v2\/media?parent=9124"}],"wp:term":[{"taxonomy":"product_brand","embeddable":true,"href":"https:\/\/dsmarinealgerie.com\/ar\/wp-json\/wp\/v2\/product_brand?post=9124"},{"taxonomy":"product_cat","embeddable":true,"href":"https:\/\/dsmarinealgerie.com\/ar\/wp-json\/wp\/v2\/product_cat?post=9124"},{"taxonomy":"product_tag","embeddable":true,"href":"https:\/\/dsmarinealgerie.com\/ar\/wp-json\/wp\/v2\/product_tag?post=9124"}],"curies":[{"name":"wp","href":"https:\/\/api.w.org\/{rel}","templated":true}]}}