{"id":9127,"date":"2024-03-27T09:20:07","date_gmt":"2024-03-27T09:20:07","guid":{"rendered":"https:\/\/dsmarinealgerie.com\/?post_type=product&#038;p=9127"},"modified":"2026-01-08T14:07:41","modified_gmt":"2026-01-08T14:07:41","slug":"lampe-led-en-laiton-pour-une-lumiere-sous-marine-10-30v","status":"publish","type":"product","link":"https:\/\/dsmarinealgerie.com\/ar\/shop\/accastillage\/lumieres\/lampe-led-en-laiton-pour-une-lumiere-sous-marine-10-30v\/","title":{"rendered":"\u0645\u0635\u0628\u0627\u062d LED \u0646\u062d\u0627\u0633\u064a \u0644\u0625\u0636\u0627\u0621\u0629 \u062a\u062d\u062a \u0627\u0644\u0645\u0627\u0621 10-30 \u0641\u0648\u0644\u062a"},"content":{"rendered":"<p>\u0645\u0635\u0628\u0627\u062d LED \u0646\u062d\u0627\u0633\u064a \u0644\u0644\u0636\u0648\u0621 \u062a\u062d\u062a \u0627\u0644\u0645\u0627\u0621 \u0644\u0644\u0642\u0627\u0631\u0628<\/p>\n<p>\u0627\u0644\u062c\u0647\u062f: 10-30 \u0641\u0648\u0644\u062a<br \/>\n\u0627\u0644\u0642\u0648\u0629 \u0627\u0644\u0643\u0647\u0631\u0628\u0627\u0626\u064a\u0629: 6 \u0648\u0627\u0637<br \/>\n\u0637\u0648\u0644 \u0627\u0644\u0643\u0627\u0628\u0644: 1.2 \u0645\u062a\u0631<br \/>\n\u0627\u0644\u0645\u0648\u0636\u0648\u0639: 1\/2 \u0628\u0648\u0635\u0629 \u0645\u0639\u0627\u0647\u062f\u0629 \u0639\u062f\u0645 \u0627\u0644\u0627\u0646\u062a\u0634\u0627\u0631<\/p>\n<p>\u0627\u0644\u0633\u0637\u0648\u0639: \u0623\u0643\u0628\u0631 \u0645\u0646 97LM<br \/>\n\u0645\u062a\u0648\u0627\u0641\u0642 \u0645\u0639: \u0645\u0646\u0627\u0633\u0628 \u0644\u0644\u0627\u0633\u062a\u062e\u062f\u0627\u0645 \u062a\u062d\u062a \u0627\u0644\u0645\u0627\u0621<br \/>\n\u0644\u0648\u0646 \u0641\u0627\u062a\u062d: \u0623\u0632\u0631\u0642<br \/>\n\u0627\u0644\u0645\u0648\u0627\u062f: \u0627\u0644\u0646\u062d\u0627\u0633<\/p>","protected":false},"excerpt":{"rendered":"<p>Lampe LED en laiton pour une lumi\u00e8re sous-marine pour bateau Tension: 10-30V Watts: 6W Longueur du c\u00e2ble: 1.2m Filetage: 1\/2 pouce NPT Luminosit\u00e9: sup\u00e9rieure \u00e0 97LM Compatible avec: Convient pour une utilisation sous-marine Couleur de la lumi\u00e8re: Bleu Mat\u00e9riau: Laiton<\/p>","protected":false},"featured_media":9136,"comment_status":"open","ping_status":"closed","template":"","meta":{"_uf_show_specific_survey":0,"_uf_disable_surveys":false},"product_brand":[],"product_cat":[163,615],"product_tag":[],"class_list":{"0":"post-9127","1":"product","2":"type-product","3":"status-publish","4":"has-post-thumbnail","6":"product_cat-accastillage","7":"product_cat-lumieres","9":"first","10":"outofstock","11":"shipping-taxable","12":"purchasable","13":"product-type-simple"},"aioseo_notices":[],"_links":{"self":[{"href":"https:\/\/dsmarinealgerie.com\/ar\/wp-json\/wp\/v2\/product\/9127","targetHints":{"allow":["GET"]}}],"collection":[{"href":"https:\/\/dsmarinealgerie.com\/ar\/wp-json\/wp\/v2\/product"}],"about":[{"href":"https:\/\/dsmarinealgerie.com\/ar\/wp-json\/wp\/v2\/types\/product"}],"replies":[{"embeddable":true,"href":"https:\/\/dsmarinealgerie.com\/ar\/wp-json\/wp\/v2\/comments?post=9127"}],"wp:featuredmedia":[{"embeddable":true,"href":"https:\/\/dsmarinealgerie.com\/ar\/wp-json\/wp\/v2\/media\/9136"}],"wp:attachment":[{"href":"https:\/\/dsmarinealgerie.com\/ar\/wp-json\/wp\/v2\/media?parent=9127"}],"wp:term":[{"taxonomy":"product_brand","embeddable":true,"href":"https:\/\/dsmarinealgerie.com\/ar\/wp-json\/wp\/v2\/product_brand?post=9127"},{"taxonomy":"product_cat","embeddable":true,"href":"https:\/\/dsmarinealgerie.com\/ar\/wp-json\/wp\/v2\/product_cat?post=9127"},{"taxonomy":"product_tag","embeddable":true,"href":"https:\/\/dsmarinealgerie.com\/ar\/wp-json\/wp\/v2\/product_tag?post=9127"}],"curies":[{"name":"wp","href":"https:\/\/api.w.org\/{rel}","templated":true}]}}