{"id":9209,"date":"2024-03-28T08:26:50","date_gmt":"2024-03-28T08:26:50","guid":{"rendered":"https:\/\/dsmarinealgerie.com\/?post_type=product&#038;p=9209"},"modified":"2026-01-07T13:54:31","modified_gmt":"2026-01-07T13:54:31","slug":"poignee-de-maintien-pour-bateau-pneumatiques-en-pvc","status":"publish","type":"product","link":"https:\/\/dsmarinealgerie.com\/ar\/shop\/accastillage\/accessoires\/poignee-de-maintien-pour-bateau-pneumatiques-en-pvc\/","title":{"rendered":"\u0645\u0642\u0628\u0636 \u0644\u0644\u0625\u0645\u0633\u0627\u0643 \u0628\u0627\u0644\u0642\u0648\u0627\u0631\u0628 \u0627\u0644\u0642\u0627\u0628\u0644\u0629 \u0644\u0644\u0646\u0641\u062e \u0645\u0646 \u0645\u0627\u062f\u0629 PVC"},"content":{"rendered":"<p>\u0627\u0644\u0645\u0648\u0627\u062f: \u0645\u0642\u0628\u0636 \u062f\u0631\u0627\u0628\u0632\u064a\u0646 \u0627\u0644\u0642\u0627\u0631\u0628 \u0647\u0630\u0627 \u0645\u0639 \u0641\u062a\u062d\u0629 \u0645\u0635\u0646\u0648\u0639 \u0645\u0646 \u0645\u0627\u062f\u0629 \u0628\u0644\u0627\u0633\u062a\u064a\u0643\u064a\u0629 \u0645\u062a\u064a\u0646\u0629 \u0639\u0627\u0644\u064a\u0629 \u0627\u0644\u062c\u0648\u062f\u0629\u060c \u064a\u0645\u0643\u0646 \u0627\u0644\u0627\u0639\u062a\u0645\u0627\u062f \u0639\u0644\u064a\u0647\u0627 \u0641\u064a \u0627\u0644\u0625\u0645\u0633\u0627\u0643 \u0628\u0647\u0627.<br \/>\n\u0627\u0644\u062a\u0635\u0645\u064a\u0645: \u0645\u0642\u0628\u0636 \u0644\u0644\u0633\u0643\u0643 \u0627\u0644\u062d\u062f\u064a\u062f\u064a\u0629 \u0627\u0644\u0628\u062d\u0631\u064a\u0629\u060c \u0642\u0627\u0639\u062f\u0629 \u0648\u0627\u0633\u0639\u0629\u060c \u062b\u0627\u0628\u062a \u0648\u0645\u0631\u064a\u062d.<br \/>\n\u0645\u0631\u064a\u062d\u0629 \u0641\u064a \u0627\u0644\u0627\u0633\u062a\u062e\u062f\u0627\u0645: \u0635\u063a\u064a\u0631\u0629 \u0627\u0644\u062d\u062c\u0645 \u0648\u062e\u0641\u064a\u0641\u0629 \u0627\u0644\u0648\u0632\u0646 \u0648\u0645\u062d\u0645\u0648\u0644\u0629 \u0648\u0633\u0647\u0644\u0629 \u0627\u0644\u062d\u0645\u0644.<br \/>\n\u062a\u0631\u0643\u064a\u0628 \u0628\u0633\u064a\u0637: \u0627\u0644\u0645\u0642\u0628\u0636 \u0627\u0644\u0647\u0648\u0627\u0626\u064a \u0633\u0647\u0644 \u0627\u0644\u062a\u0631\u0643\u064a\u0628\u060c \u0648\u0647\u0648 \u0628\u062f\u064a\u0644 \u0645\u062b\u0627\u0644\u064a \u0644\u0644\u0623\u062c\u0632\u0627\u0621 \u0627\u0644\u0642\u062f\u064a\u0645\u0629 \u0623\u0648 \u0627\u0644\u0645\u0643\u0633\u0648\u0631\u0629.<\/p>","protected":false},"excerpt":{"rendered":"<p>Mat\u00e9riau : cette poign\u00e9e de main courante de bateau avec trou est fabriqu\u00e9e en mati\u00e8re plastique durable de haute qualit\u00e9, fiable \u00e0 saisir. Conception : poign\u00e9e de maintien pour rail marin, base large, stable et confortable. Pratique \u00e0 utiliser : petite taille, l\u00e9ger, portable et facile \u00e0 transporter. Installation simple : la poign\u00e9e pneumatiques est [&hellip;]<\/p>","protected":false},"featured_media":9210,"comment_status":"open","ping_status":"closed","template":"","meta":{"_uf_show_specific_survey":0,"_uf_disable_surveys":false},"product_brand":[],"product_cat":[163,171,170],"product_tag":[],"class_list":{"0":"post-9209","1":"product","2":"type-product","3":"status-publish","4":"has-post-thumbnail","6":"product_cat-accastillage","7":"product_cat-bateaux-et-remorques","8":"product_cat-accessoires","10":"first","11":"instock","12":"shipping-taxable","13":"purchasable","14":"product-type-variable"},"aioseo_notices":[],"_links":{"self":[{"href":"https:\/\/dsmarinealgerie.com\/ar\/wp-json\/wp\/v2\/product\/9209","targetHints":{"allow":["GET"]}}],"collection":[{"href":"https:\/\/dsmarinealgerie.com\/ar\/wp-json\/wp\/v2\/product"}],"about":[{"href":"https:\/\/dsmarinealgerie.com\/ar\/wp-json\/wp\/v2\/types\/product"}],"replies":[{"embeddable":true,"href":"https:\/\/dsmarinealgerie.com\/ar\/wp-json\/wp\/v2\/comments?post=9209"}],"wp:featuredmedia":[{"embeddable":true,"href":"https:\/\/dsmarinealgerie.com\/ar\/wp-json\/wp\/v2\/media\/9210"}],"wp:attachment":[{"href":"https:\/\/dsmarinealgerie.com\/ar\/wp-json\/wp\/v2\/media?parent=9209"}],"wp:term":[{"taxonomy":"product_brand","embeddable":true,"href":"https:\/\/dsmarinealgerie.com\/ar\/wp-json\/wp\/v2\/product_brand?post=9209"},{"taxonomy":"product_cat","embeddable":true,"href":"https:\/\/dsmarinealgerie.com\/ar\/wp-json\/wp\/v2\/product_cat?post=9209"},{"taxonomy":"product_tag","embeddable":true,"href":"https:\/\/dsmarinealgerie.com\/ar\/wp-json\/wp\/v2\/product_tag?post=9209"}],"curies":[{"name":"wp","href":"https:\/\/api.w.org\/{rel}","templated":true}]}}