{"id":9242,"date":"2024-03-31T09:37:32","date_gmt":"2024-03-31T09:37:32","guid":{"rendered":"https:\/\/dsmarinealgerie.com\/?post_type=product&#038;p=9242"},"modified":"2024-03-31T09:37:32","modified_gmt":"2024-03-31T09:37:32","slug":"hamecon-assist-hook-decoy-twin-dj-88-2-0","status":"publish","type":"product","link":"https:\/\/dsmarinealgerie.com\/ar\/shop\/peche\/materiel-de-peche\/hamecons\/hamecon-assist-hook-decoy-twin-dj-88-2-0\/","title":{"rendered":"\u0645\u0633\u0627\u0639\u062f \u0647\u0648\u0643 \u0634\u0631\u0643 \u0645\u0632\u062f\u0648\u062c DJ-88 \u2013 2\/0"},"content":{"rendered":"<p>\u062e\u0637\u0627\u0641 \u0645\u0633\u0627\u0639\u062f\u0629 \u062e\u0627\u0635 \u0644\u062a\u0631\u0643\u064a\u0628 \u0627\u0644\u0631\u0642\u0635\u0627\u062a \u0623\u0648 \u0627\u0644\u0645\u0644\u0627\u0639\u0642 \u0644\u0644\u0628\u0627\u0633 \u0648\u0627\u0644\u0628\u0648\u0644\u0627\u0643 \u0648\u0627\u0644\u0635\u064a\u062f \u0627\u0644\u062b\u0642\u064a\u0644<br \/>\n\u0641\u062a\u062d\u0629 \u062e\u0637\u0627\u0641 \u0643\u0628\u064a\u0631\u0629\u060c \u062a\u062c\u0645\u064a\u0639 \u062b\u0646\u0627\u0626\u064a \u0623\u0635\u0644\u064a. \u0628\u0645\u062c\u0631\u062f \u0639\u0636 \u0627\u0644\u0633\u0645\u0643\u0629\u060c \u0644\u0645 \u062a\u0639\u062f \u0642\u0627\u062f\u0631\u0629 \u0639\u0644\u0649 \u0627\u0644\u062a\u062d\u0631\u0631.<\/p>\n<p>\u0627\u0644\u0645\u0642\u0627\u0648\u0645\u0629: 150 \u0631\u0637\u0644 2\/0<\/p>","protected":false},"excerpt":{"rendered":"<p>Hame\u00e7on assist Hook Sp\u00e9cial pour montage des jigs ou cuill\u00e8res sp\u00e9cial bars, lieus et p\u00eaches fortes Grande ouverture d\u2019hame\u00e7on, montage en duo d\u2019origine. Une fois piqu\u00e9, le poisson ne peut plus se d\u00e9crocher. R\u00e9sistance : 150 lb\u00a0 2\/0<\/p>","protected":false},"featured_media":9243,"comment_status":"open","ping_status":"closed","template":"","meta":{"_uf_show_specific_survey":0,"_uf_disable_surveys":false},"product_brand":[],"product_cat":[742,164,227],"product_tag":[],"class_list":{"0":"post-9242","1":"product","2":"type-product","3":"status-publish","4":"has-post-thumbnail","6":"product_cat-hamecons","7":"product_cat-peche","8":"product_cat-materiel-de-peche","10":"first","11":"instock","12":"shipping-taxable","13":"purchasable","14":"product-type-simple"},"aioseo_notices":[],"_links":{"self":[{"href":"https:\/\/dsmarinealgerie.com\/ar\/wp-json\/wp\/v2\/product\/9242","targetHints":{"allow":["GET"]}}],"collection":[{"href":"https:\/\/dsmarinealgerie.com\/ar\/wp-json\/wp\/v2\/product"}],"about":[{"href":"https:\/\/dsmarinealgerie.com\/ar\/wp-json\/wp\/v2\/types\/product"}],"replies":[{"embeddable":true,"href":"https:\/\/dsmarinealgerie.com\/ar\/wp-json\/wp\/v2\/comments?post=9242"}],"wp:featuredmedia":[{"embeddable":true,"href":"https:\/\/dsmarinealgerie.com\/ar\/wp-json\/wp\/v2\/media\/9243"}],"wp:attachment":[{"href":"https:\/\/dsmarinealgerie.com\/ar\/wp-json\/wp\/v2\/media?parent=9242"}],"wp:term":[{"taxonomy":"product_brand","embeddable":true,"href":"https:\/\/dsmarinealgerie.com\/ar\/wp-json\/wp\/v2\/product_brand?post=9242"},{"taxonomy":"product_cat","embeddable":true,"href":"https:\/\/dsmarinealgerie.com\/ar\/wp-json\/wp\/v2\/product_cat?post=9242"},{"taxonomy":"product_tag","embeddable":true,"href":"https:\/\/dsmarinealgerie.com\/ar\/wp-json\/wp\/v2\/product_tag?post=9242"}],"curies":[{"name":"wp","href":"https:\/\/api.w.org\/{rel}","templated":true}]}}