{"id":9312,"date":"2024-04-02T13:02:02","date_gmt":"2024-04-02T13:02:02","guid":{"rendered":"https:\/\/dsmarinealgerie.com\/?post_type=product&#038;p=9312"},"modified":"2025-10-07T10:26:39","modified_gmt":"2025-10-07T10:26:39","slug":"hamecon-sasame-porto-chinu-x-f-846","status":"publish","type":"product","link":"https:\/\/dsmarinealgerie.com\/ar\/shop\/peche\/materiel-de-peche\/hamecons\/hamecon-sasame-porto-chinu-x-f-846\/","title":{"rendered":"\u062e\u0637\u0627\u0641 \u0628\u0648\u0631\u062a\u0648 \u062a\u0634\u064a\u0646\u0648 \u0645\u0646 \u0627\u0644\u0633\u0627\u0633\u0627\u0645\u064a x F-846"},"content":{"rendered":"<p>L&rsquo;un des hame\u00e7ons les plus r\u00e9cents d\u00e9velopp\u00e9s par Sasame pour la p\u00eache \u00e0 la carpe. \u00a0Cet hame\u00e7on est un hame\u00e7on \u00e0 pointe ultrapointue qui est id\u00e9al pour une utilisation sur des fonds de mauvaises herbes, de gravier dur ou d&rsquo;argile<\/p>\n<p>-\u0627\u0644\u062d\u062c\u0645 1: 8 \u0642\u0637\u0639<\/p>\n<p>-\u0627\u0644\u0645\u0642\u0627\u0633 2: 9 \u0642\u0637\u0639<\/p>\n<p>-Size 3: 10pcs<\/p>\n<p>\u0627\u0644\u062d\u062c\u0645 4: 11 \u0642\u0637\u0639\u0629<\/p>\n<p>\u0627\u0644\u062d\u062c\u0645 6: 12 \u0642\u0637\u0639\u0629<\/p>","protected":false},"excerpt":{"rendered":"<p>L&rsquo;un des hame\u00e7ons les plus r\u00e9cents d\u00e9velopp\u00e9s par Sasame pour la p\u00eache \u00e0 la carpe. \u00a0Cet hame\u00e7on est un hame\u00e7on \u00e0 pointe ultrapointue qui est id\u00e9al pour une utilisation sur des fonds de mauvaises herbes, de gravier dur ou d&rsquo;argile -Size 1 : 8pcs -Size 2 : 9pcs -Size 3: 10pcs Size 4 : 11pcs [&hellip;]<\/p>","protected":false},"featured_media":9313,"comment_status":"open","ping_status":"closed","template":"","meta":{"_uf_show_specific_survey":0,"_uf_disable_surveys":false},"product_brand":[],"product_cat":[742,227],"product_tag":[],"class_list":{"0":"post-9312","1":"product","2":"type-product","3":"status-publish","4":"has-post-thumbnail","6":"product_cat-hamecons","7":"product_cat-materiel-de-peche","9":"first","10":"instock","11":"shipping-taxable","12":"purchasable","13":"product-type-variable"},"aioseo_notices":[],"_links":{"self":[{"href":"https:\/\/dsmarinealgerie.com\/ar\/wp-json\/wp\/v2\/product\/9312","targetHints":{"allow":["GET"]}}],"collection":[{"href":"https:\/\/dsmarinealgerie.com\/ar\/wp-json\/wp\/v2\/product"}],"about":[{"href":"https:\/\/dsmarinealgerie.com\/ar\/wp-json\/wp\/v2\/types\/product"}],"replies":[{"embeddable":true,"href":"https:\/\/dsmarinealgerie.com\/ar\/wp-json\/wp\/v2\/comments?post=9312"}],"wp:featuredmedia":[{"embeddable":true,"href":"https:\/\/dsmarinealgerie.com\/ar\/wp-json\/wp\/v2\/media\/9313"}],"wp:attachment":[{"href":"https:\/\/dsmarinealgerie.com\/ar\/wp-json\/wp\/v2\/media?parent=9312"}],"wp:term":[{"taxonomy":"product_brand","embeddable":true,"href":"https:\/\/dsmarinealgerie.com\/ar\/wp-json\/wp\/v2\/product_brand?post=9312"},{"taxonomy":"product_cat","embeddable":true,"href":"https:\/\/dsmarinealgerie.com\/ar\/wp-json\/wp\/v2\/product_cat?post=9312"},{"taxonomy":"product_tag","embeddable":true,"href":"https:\/\/dsmarinealgerie.com\/ar\/wp-json\/wp\/v2\/product_tag?post=9312"}],"curies":[{"name":"wp","href":"https:\/\/api.w.org\/{rel}","templated":true}]}}