{"id":9319,"date":"2024-04-02T12:23:36","date_gmt":"2024-04-02T12:23:36","guid":{"rendered":"https:\/\/dsmarinealgerie.com\/?post_type=product&#038;p=9319"},"modified":"2025-11-13T09:03:31","modified_gmt":"2025-11-13T09:03:31","slug":"moulinet-penn-spinfisher-vi-7500","status":"publish","type":"product","link":"https:\/\/dsmarinealgerie.com\/ar\/shop\/peche\/moulinets\/moulinet-penn-spinfisher-vi-7500\/","title":{"rendered":"\u0628\u0646 \u0633\u0628\u064a\u0646\u0641\u064a\u0634\u0631 \u0627\u0644\u0633\u0627\u062f\u0633 7500 \u0628\u0643\u0631\u0629"},"content":{"rendered":"<div class=\"row description content\">\n<p class=\"col-12 value content\">\u0627\u0644\u062d\u0645\u0627\u064a\u0629 \u0627\u0644\u0643\u0627\u0645\u0644\u0629 \u0636\u062f \u0645\u064a\u0627\u0647 \u0627\u0644\u0628\u062d\u0631 \u0648\u0627\u0644\u062f\u0642\u0629 \u0647\u064a \u0646\u0642\u0627\u0637 \u0627\u0644\u0642\u0648\u0629 \u0641\u064a\u00a0<strong>\u0633\u0628\u064a\u0646\u0641\u064a\u0634\u0631 \u0627\u0644\u0633\u0627\u062f\u0633\u00a0<\/strong>\u0627\u0644\u062f\u0648\u0631\u0627\u0646.<br \/>\n\u0628\u0643\u0631\u0629 \u0623\u0633\u0637\u0648\u0631\u064a\u0629 \u062a\u062c\u0639\u0644 \u0635\u064a\u0627\u062f\u064a \u0627\u0644\u0628\u062d\u0631 \u0648\u0627\u0644\u0645\u064a\u0627\u0647 \u0627\u0644\u0639\u0630\u0628\u0629 \u064a\u062d\u0644\u0645\u0648\u0646.<br \/>\n\u0627\u0644\u00a0<strong>\u0628\u0646 \u0633\u0628\u064a\u0646\u0641\u064a\u0634\u0631 \u0627\u0644\u0633\u0627\u062f\u0633\u00a0<\/strong>\u0647\u064a \u0628\u0643\u0631\u0629 \u0644\u0639\u0634\u0627\u0642 \u0627\u0644\u0623\u062d\u0627\u0633\u064a\u0633 \u0627\u0644\u0642\u0648\u064a\u0629. \u0627\u0644\u0646\u0633\u062e\u0629 \u0627\u0644\u062f\u0648\u0627\u0631\u0629<strong>\u00a0\u0633\u0628\u064a\u0646\u0641\u064a\u0634\u0631 \u0627\u0644\u0633\u0627\u062f\u0633<\/strong>\u00a0\u0645\u0646 \u0627\u0644\u0645\u0642\u062f\u0631 \u0623\u0646 \u064a\u0635\u0628\u062d \u0623\u0645\u0631\u064b\u0627 \u0636\u0631\u0648\u0631\u064a\u064b\u0627 \u0644\u0635\u064a\u062f \u0627\u0644\u0623\u0633\u0645\u0627\u0643 \u0627\u0644\u0628\u062d\u0631\u064a\u0629 \u0648\u0635\u064a\u062f \u0633\u0645\u0643 \u0627\u0644\u0633\u0644\u0648\u0631 \u0641\u064a \u0627\u0644\u0645\u064a\u0627\u0647 \u0627\u0644\u0639\u0630\u0628\u0629.<br \/>\n\u0627\u0644\u062d\u062c\u0645 7500 \u0645\u062e\u0635\u0635 \u0644\u0635\u064a\u062f \u0627\u0644\u0623\u0633\u0645\u0627\u0643 \u0627\u0644\u062b\u0642\u064a\u0644\u0629. \u0628\u0643\u0631\u0629 \u0645\u0635\u0645\u0645\u0629 \u0644\u0645\u0648\u0627\u062c\u0647\u0629 \u0645\u0639\u0627\u0631\u0643 \u0627\u0644\u062a\u0648\u0646\u0629 \u0623\u062b\u0646\u0627\u0621 \u0627\u0644\u0635\u064a\u062f. \u0628\u0643\u0631\u0629 \u0628\u0646 <strong>Spinfisher \u0627\u0644\u0633\u0627\u062f\u0633 \u0627\u0644\u063a\u0632\u0644<\/strong> \u062a\u0633\u062a\u062e\u062f\u0645 \u0644\u0635\u064a\u062f \u0633\u0645\u0643 \u0627\u0644\u0633\u0644\u0648\u0631 \u0628\u0627\u0633\u062a\u062e\u062f\u0627\u0645 \u0637\u064f\u0639\u0645 \u0627\u0644\u0634\u0627\u0637\u0626 \u0623\u0648 \u0645\u0646 \u0627\u0644\u0642\u0627\u0631\u0628. \u062a\u062a\u0645\u064a\u0632 \u0628\u0643\u0631\u0629 \u0628\u0646 \u0647\u0630\u0647 \u0628\u0646\u0638\u0627\u0645 \u0645\u0642\u0627\u0648\u0645 \u0644\u0644\u0645\u0627\u0621 IPX5 \u0644\u0630\u0627\u060c \u0633\u0648\u0627\u0621 \u0643\u0646\u062a \u062a\u0633\u062a\u062e\u062f\u0645 \u0647\u0630\u0647 \u0627\u0644\u0628\u0643\u0631\u0629 \u0623\u062b\u0646\u0627\u0621 \u0631\u0643\u0648\u0628 \u0627\u0644\u0623\u0645\u0648\u0627\u062c \u0623\u0648 \u062a\u0631\u0643\u062a\u0647\u0627 \u0645\u0633\u062a\u0644\u0642\u064a\u0629 \u0641\u064a \u0627\u0644\u0631\u063a\u0648\u0629 \u0637\u0648\u0627\u0644 \u0627\u0644\u064a\u0648\u0645\u060c \u0641\u0644\u0627 \u064a\u0648\u062c\u062f \u062e\u0637\u0631 \u0645\u0646 \u0627\u062e\u062a\u0631\u0627\u0642 \u0645\u064a\u0627\u0647 \u0627\u0644\u0628\u062d\u0631 \u0644\u0639\u0644\u0628\u0629 \u0627\u0644\u062a\u0631\u0648\u0633 \u0623\u0648 \u0646\u0638\u0627\u0645 \u0627\u0644\u0633\u062d\u0628. \u064a\u062a\u0645 \u0648\u0636\u0639 \u0648\u0635\u0644\u0627\u062a HT 100 \u0641\u064a \u0645\u0644\u0641 \u0645\u0642\u0627\u0648\u0645 \u0644\u0644\u0645\u0627\u0621 \u062a\u0645\u0627\u0645\u064b\u0627 \u0644\u062a\u0648\u0641\u064a\u0631 \u0642\u0648\u0629 \u0627\u0644\u062a\u0648\u0642\u0641 \u0627\u0644\u0644\u0627\u0632\u0645\u0629 \u0644\u0644\u0623\u0633\u0645\u0627\u0643 \u0627\u0644\u0643\u0628\u064a\u0631\u0629 \u0623\u0648 \u0627\u0644\u0642\u0648\u064a\u0629 \u062c\u062f\u064b\u0627. \u064a\u062d\u0627\u0641\u0638 \u0627\u0644\u0625\u0637\u0627\u0631 \u0627\u0644\u0645\u0639\u062f\u0646\u064a \u0628\u0627\u0644\u0643\u0627\u0645\u0644 \u0648\u0627\u0644\u0644\u0648\u062d\u0629 \u0627\u0644\u062c\u0627\u0646\u0628\u064a\u0629 \u0639\u0644\u0649 \u0646\u0638\u0627\u0645 \u062a\u0631\u0648\u0633 CNC \u0641\u064a \u0645\u062d\u0627\u0630\u0627\u0629 \u062f\u0642\u064a\u0642\u0629 \u062a\u062d\u062a \u0648\u0637\u0623\u0629 \u0627\u0644\u0623\u062d\u0645\u0627\u0644 \u0627\u0644\u062b\u0642\u064a\u0644\u0629.<\/p>\n<\/div>\n<div class=\"row details content\">\n<div class=\"col-12\">\n<div class=\"longdesc content\" data-more=\"Voir plus\" data-less=\"Voir moins\">\n<div class=\"value\">\u062a\u0645 \u062a\u062c\u0647\u064a\u0632 \u0627\u0644\u0628\u0643\u0631\u0629 \u0628\u0634\u0631\u064a\u0637 \u0645\u0637\u0627\u0637\u064a \u0639\u0644\u0649 \u0627\u0644\u0645\u062d\u0648\u0631 \u0644\u0645\u0646\u0639 \u0627\u0644\u062c\u062f\u064a\u0644\u0629 \u0645\u0646 \u0627\u0644\u0627\u0646\u0632\u0644\u0627\u0642 \u0623\u062b\u0646\u0627\u0621 \u0627\u0644\u0633\u062d\u0628 \u0627\u0644\u0642\u0648\u064a.<\/div>\n<div><\/div>\n<div>\n<p><b>\u062a\u0642\u0646\u064a\u0627\u062a\u00a0<strong>\u0628\u0643\u0631\u0629 Spinfisher VI \u0645\u0642\u0627\u0633 7500<\/strong><\/b><\/p>\n<ul>\n<li>\u062a\u0643\u0646\u0648\u0644\u0648\u062c\u064a\u0627 \u0627\u0644\u0639\u062a\u0627\u062f \u0628\u0627\u0633\u062a\u062e\u062f\u0627\u0645 \u0627\u0644\u062d\u0627\u0633\u0628 \u0627\u0644\u0622\u0644\u064a<\/li>\n<li>\u0646\u0638\u0627\u0645 \u062f\u0639\u0645 \u0643\u0631\u0648\u064a \u0645\u062d\u0643\u0645 \u0627\u0644\u0625\u063a\u0644\u0627\u0642 \u0645\u0646 \u0627\u0644\u0641\u0648\u0644\u0627\u0630 \u0627\u0644\u0645\u0642\u0627\u0648\u0645 \u0644\u0644\u0635\u062f\u0623 5+1<\/li>\n<li>\u0628\u0643\u0631\u0629 \u062c\u062f\u064a\u0644\u0629 \u062e\u0627\u0635\u0629<\/li>\n<li>\u062c\u0633\u0645 \u0648\u0645\u0644\u0641 \u0645\u062e\u062a\u0648\u0645 IPX5<\/li>\n<li>\u063a\u0633\u0627\u0644\u0627\u062a \u0642\u0641\u0644 \u0645\u0646 \u0623\u0644\u064a\u0627\u0641 \u0627\u0644\u0643\u0631\u0628\u0648\u0646 HT-100<\/li>\n<li>\u0625\u0637\u0627\u0631 \u0645\u0639\u062f\u0646\u064a \u0643\u0627\u0645\u0644<\/li>\n<li>\u0643\u0631\u0646\u0643 \u0642\u062a\u0627\u0644\u064a \u0642\u0648\u064a \u0648\u0645\u0631\u064a\u062d<\/li>\n<li>\u0641\u0631\u0627\u0645\u0644 \u0633\u0644\u0633\u0629 \u0648\u062a\u0642\u062f\u0645\u064a\u0629<\/li>\n<li>\u0639\u0632\u0632\u062a \u0627\u0644\u0628\u064a\u0643 \u0627\u0628<\/li>\n<\/ul>\n<\/div>\n<\/div>\n<\/div>\n<\/div>","protected":false},"excerpt":{"rendered":"<p>Protection totale \u00e0 l\u2019eau de mer et pr\u00e9cision sont les atouts du\u00a0Spinfisher VI\u00a0spinning. Un moulinet l\u00e9gendaire qu\u2019il fait r\u00eaver les p\u00eacheurs en mer et en eau douce. Le\u00a0Penn Spinfisher VI\u00a0est le moulinet pour les amateurs des sensations forts. La version spinning du\u00a0Spinfisher VI\u00a0est destin\u00e9 \u00e0 devenir un must pour les p\u00eache en mer et pour [&hellip;]<\/p>","protected":false},"featured_media":9320,"comment_status":"open","ping_status":"closed","template":"","meta":{"_uf_show_specific_survey":0,"_uf_disable_surveys":false},"product_brand":[],"product_cat":[164,228],"product_tag":[],"class_list":{"0":"post-9319","1":"product","2":"type-product","3":"status-publish","4":"has-post-thumbnail","6":"product_cat-peche","7":"product_cat-moulinets","9":"first","10":"instock","11":"shipping-taxable","12":"purchasable","13":"product-type-simple"},"aioseo_notices":[],"_links":{"self":[{"href":"https:\/\/dsmarinealgerie.com\/ar\/wp-json\/wp\/v2\/product\/9319","targetHints":{"allow":["GET"]}}],"collection":[{"href":"https:\/\/dsmarinealgerie.com\/ar\/wp-json\/wp\/v2\/product"}],"about":[{"href":"https:\/\/dsmarinealgerie.com\/ar\/wp-json\/wp\/v2\/types\/product"}],"replies":[{"embeddable":true,"href":"https:\/\/dsmarinealgerie.com\/ar\/wp-json\/wp\/v2\/comments?post=9319"}],"wp:featuredmedia":[{"embeddable":true,"href":"https:\/\/dsmarinealgerie.com\/ar\/wp-json\/wp\/v2\/media\/9320"}],"wp:attachment":[{"href":"https:\/\/dsmarinealgerie.com\/ar\/wp-json\/wp\/v2\/media?parent=9319"}],"wp:term":[{"taxonomy":"product_brand","embeddable":true,"href":"https:\/\/dsmarinealgerie.com\/ar\/wp-json\/wp\/v2\/product_brand?post=9319"},{"taxonomy":"product_cat","embeddable":true,"href":"https:\/\/dsmarinealgerie.com\/ar\/wp-json\/wp\/v2\/product_cat?post=9319"},{"taxonomy":"product_tag","embeddable":true,"href":"https:\/\/dsmarinealgerie.com\/ar\/wp-json\/wp\/v2\/product_tag?post=9319"}],"curies":[{"name":"wp","href":"https:\/\/api.w.org\/{rel}","templated":true}]}}