{"id":9338,"date":"2024-04-02T12:28:09","date_gmt":"2024-04-02T12:28:09","guid":{"rendered":"https:\/\/dsmarinealgerie.com\/?post_type=product&#038;p=9338"},"modified":"2026-03-02T09:29:34","modified_gmt":"2026-03-02T09:29:34","slug":"huile-moteur-neptuna-2t-super-sport","status":"publish","type":"product","link":"https:\/\/dsmarinealgerie.com\/ar\/shop\/accastillage\/produits-dentretien\/huile-moteur-neptuna-2t-super-sport\/","title":{"rendered":"\u0632\u064a\u062a \u0645\u062d\u0631\u0643 \u0646\u064a\u0628\u062a\u0648\u0646\u0627 2T \u0633\u0648\u0628\u0631 \u0633\u0628\u0648\u0631\u062a"},"content":{"rendered":"<p>Total Energies Neptuna 2T Super Sport \u0647\u0648 \u0632\u064a\u062a \u0645\u0639\u062f\u0646\u064a \u0644\u0645\u062d\u0631\u0643\u0627\u062a \u0627\u0644\u0628\u0646\u0632\u064a\u0646 \u062b\u0646\u0627\u0626\u064a\u0629 \u0627\u0644\u0634\u0648\u0637 \u0641\u064a \u0642\u0648\u0627\u0631\u0628 \u0627\u0644\u0645\u062a\u0639\u0629.<\/p>\n<p>\u0648\u064a\u062c\u0628 \u0623\u0646 \u064a\u062a\u0645 \u0627\u0644\u062e\u0644\u0637 \u0645\u0639 \u0627\u0644\u0648\u0642\u0648\u062f \u0648\u0641\u0642\u0627\u064b \u0644\u0644\u062a\u0648\u0635\u064a\u0627\u062a \u0627\u0644\u0645\u0642\u062f\u0645\u0629 \u0645\u0646 \u0642\u0628\u0644 \u0627\u0644\u0634\u0631\u0643\u0627\u062a \u0627\u0644\u0645\u0635\u0646\u0639\u0629.<\/p>","protected":false},"excerpt":{"rendered":"<p>Total Energies Neptuna 2T Super Sport est une huile min\u00e9rale pour les moteurs 2 temps essence des bateaux de plaisance. Le m\u00e9lange avec le carburant doit \u00eatre fait selon les recommandations indiqu\u00e9es par les constructeurs.<\/p>","protected":false},"featured_media":9339,"comment_status":"open","ping_status":"closed","template":"","meta":{"_uf_show_specific_survey":0,"_uf_disable_surveys":false},"product_brand":[],"product_cat":[163,216],"product_tag":[],"class_list":{"0":"post-9338","1":"product","2":"type-product","3":"status-publish","4":"has-post-thumbnail","6":"product_cat-accastillage","7":"product_cat-produits-dentretien","9":"first","10":"instock","11":"shipping-taxable","12":"purchasable","13":"product-type-simple"},"aioseo_notices":[],"_links":{"self":[{"href":"https:\/\/dsmarinealgerie.com\/ar\/wp-json\/wp\/v2\/product\/9338","targetHints":{"allow":["GET"]}}],"collection":[{"href":"https:\/\/dsmarinealgerie.com\/ar\/wp-json\/wp\/v2\/product"}],"about":[{"href":"https:\/\/dsmarinealgerie.com\/ar\/wp-json\/wp\/v2\/types\/product"}],"replies":[{"embeddable":true,"href":"https:\/\/dsmarinealgerie.com\/ar\/wp-json\/wp\/v2\/comments?post=9338"}],"wp:featuredmedia":[{"embeddable":true,"href":"https:\/\/dsmarinealgerie.com\/ar\/wp-json\/wp\/v2\/media\/9339"}],"wp:attachment":[{"href":"https:\/\/dsmarinealgerie.com\/ar\/wp-json\/wp\/v2\/media?parent=9338"}],"wp:term":[{"taxonomy":"product_brand","embeddable":true,"href":"https:\/\/dsmarinealgerie.com\/ar\/wp-json\/wp\/v2\/product_brand?post=9338"},{"taxonomy":"product_cat","embeddable":true,"href":"https:\/\/dsmarinealgerie.com\/ar\/wp-json\/wp\/v2\/product_cat?post=9338"},{"taxonomy":"product_tag","embeddable":true,"href":"https:\/\/dsmarinealgerie.com\/ar\/wp-json\/wp\/v2\/product_tag?post=9338"}],"curies":[{"name":"wp","href":"https:\/\/api.w.org\/{rel}","templated":true}]}}