{"id":9415,"date":"2024-04-18T15:24:22","date_gmt":"2024-04-18T15:24:22","guid":{"rendered":"https:\/\/dsmarinealgerie.com\/?post_type=product&#038;p=9415"},"modified":"2025-02-11T12:49:00","modified_gmt":"2025-02-11T12:49:00","slug":"hamecon-sasame-chunu-double-barb-f-383","status":"publish","type":"product","link":"https:\/\/dsmarinealgerie.com\/ar\/shop\/peche\/materiel-de-peche\/hamecons\/hamecon-sasame-chunu-double-barb-f-383\/","title":{"rendered":"\u062e\u0637\u0627\u0641 \u0634\u0648\u0646\u0648 \u0645\u0632\u062f\u0648\u062c \u0645\u0646 \u0633\u0627\u0633\u0627\u0645\u064a F-383"},"content":{"rendered":"<p>\u062a\u0645 \u062a\u0635\u0646\u064a\u0639 \u062e\u0637\u0627\u0641 Sasame Chinu Double Barb F-838 \u0628\u0648\u0627\u0633\u0637\u0629 \u0627\u0644\u0639\u0644\u0627\u0645\u0629 \u0627\u0644\u062a\u062c\u0627\u0631\u064a\u0629 \u0627\u0644\u064a\u0627\u0628\u0627\u0646\u064a\u0629 \u0627\u0644\u0645\u0631\u0645\u0648\u0642\u0629 Sasame. \u064a\u0623\u062a\u064a \u0646\u0645\u0648\u0630\u062c Chinu Double Barb \u0645\u0632\u0648\u062f\u064b\u0627 \u0628\u0642\u062a\u0644 \u0645\u0632\u062f\u0648\u062c \u0644\u0636\u0645\u0627\u0646 \u0627\u0644\u0645\u0635\u064a\u062f<\/p>\n<p>-size 0\/1: 10pcs<\/p>\n<p>-size 1: 11pcs<\/p>\n<p>-size 2: 11pcs<\/p>\n<p>&nbsp;<\/p>\n<p>&nbsp;<\/p>","protected":false},"excerpt":{"rendered":"<p>L&rsquo; hame\u00e7on\u00a0Sasame Chinu Double Barb F-838\u00a0\u00a0est fabriqu\u00e9 par la prestigieuse marque japonaise Sasame. Le mod\u00e8le Chinu Double Barb est livr\u00e9 avec un double kill pour garantir les captures -size 0\/1: 10pcs -size 1: 11pcs -size 2: 11pcs &nbsp; &nbsp;<\/p>","protected":false},"featured_media":9437,"comment_status":"open","ping_status":"closed","template":"","meta":{"_uf_show_specific_survey":0,"_uf_disable_surveys":false},"product_brand":[],"product_cat":[742,227],"product_tag":[],"class_list":{"0":"post-9415","1":"product","2":"type-product","3":"status-publish","4":"has-post-thumbnail","6":"product_cat-hamecons","7":"product_cat-materiel-de-peche","9":"first","10":"instock","11":"shipping-taxable","12":"purchasable","13":"product-type-variable"},"aioseo_notices":[],"_links":{"self":[{"href":"https:\/\/dsmarinealgerie.com\/ar\/wp-json\/wp\/v2\/product\/9415","targetHints":{"allow":["GET"]}}],"collection":[{"href":"https:\/\/dsmarinealgerie.com\/ar\/wp-json\/wp\/v2\/product"}],"about":[{"href":"https:\/\/dsmarinealgerie.com\/ar\/wp-json\/wp\/v2\/types\/product"}],"replies":[{"embeddable":true,"href":"https:\/\/dsmarinealgerie.com\/ar\/wp-json\/wp\/v2\/comments?post=9415"}],"wp:featuredmedia":[{"embeddable":true,"href":"https:\/\/dsmarinealgerie.com\/ar\/wp-json\/wp\/v2\/media\/9437"}],"wp:attachment":[{"href":"https:\/\/dsmarinealgerie.com\/ar\/wp-json\/wp\/v2\/media?parent=9415"}],"wp:term":[{"taxonomy":"product_brand","embeddable":true,"href":"https:\/\/dsmarinealgerie.com\/ar\/wp-json\/wp\/v2\/product_brand?post=9415"},{"taxonomy":"product_cat","embeddable":true,"href":"https:\/\/dsmarinealgerie.com\/ar\/wp-json\/wp\/v2\/product_cat?post=9415"},{"taxonomy":"product_tag","embeddable":true,"href":"https:\/\/dsmarinealgerie.com\/ar\/wp-json\/wp\/v2\/product_tag?post=9415"}],"curies":[{"name":"wp","href":"https:\/\/api.w.org\/{rel}","templated":true}]}}