{"id":9428,"date":"2024-05-21T14:38:17","date_gmt":"2024-05-21T14:38:17","guid":{"rendered":"https:\/\/dsmarinealgerie.com\/?post_type=product&#038;p=9428"},"modified":"2024-12-15T11:02:29","modified_gmt":"2024-12-15T11:02:29","slug":"hamecons-sasame-baybay-f-715","status":"publish","type":"product","link":"https:\/\/dsmarinealgerie.com\/ar\/shop\/peche\/materiel-de-peche\/hamecons\/hamecons-sasame-baybay-f-715\/","title":{"rendered":"\u0633\u0627\u0633\u0627\u0645\u064a \u0628\u0627\u064a\u0628\u0627\u064a \u0647\u0648\u0643\u0633 F-715"},"content":{"rendered":"<p>\u062e\u0637\u0627\u0641 \u0643\u0631\u0628\u0648\u0646\u060c \u0644\u0648\u0646 \u0623\u0633\u0648\u062f\u060c \u0642\u0648\u064a\u060c \u0645\u062b\u0627\u0644\u064a \u0644\u062c\u0645\u064a\u0639 \u0623\u0646\u0648\u0627\u0639 \u0627\u0644\u0635\u064a\u062f.<\/p>\n<p>-\u0627\u0644\u0645\u0642\u0627\u0633 1\/0: 9 \u0642\u0637\u0639<\/p>\n<p>-\u0627\u0644\u0645\u0642\u0627\u0633 2\/0: 8 \u0642\u0637\u0639<\/p>\n<p>-\u0627\u0644\u062d\u062c\u0645 1: 10 \u0642\u0637\u0639<\/p>\n<p>-\u0627\u0644\u062d\u062c\u0645 3: 12 \u0642\u0637\u0639\u0629<\/p>\n<p>-Size 4: 12 pcs<\/p>\n<p>&nbsp;<\/p>","protected":false},"excerpt":{"rendered":"<p>Hame\u00e7on en carbone, couleur noire, robuste, id\u00e9al pour tout type de p\u00eache. -Size 1\/0: 9 pcs -Size 2\/0: 8 pcs -Size 1 : 10 pcs -Size 3 : 12 pcs -Size 4: 12 pcs &nbsp;<\/p>","protected":false},"featured_media":9711,"comment_status":"open","ping_status":"closed","template":"","meta":{"_uf_show_specific_survey":0,"_uf_disable_surveys":false},"product_brand":[],"product_cat":[742,164,227],"product_tag":[],"class_list":{"0":"post-9428","1":"product","2":"type-product","3":"status-publish","4":"has-post-thumbnail","6":"product_cat-hamecons","7":"product_cat-peche","8":"product_cat-materiel-de-peche","10":"first","11":"instock","12":"shipping-taxable","13":"purchasable","14":"product-type-variable"},"aioseo_notices":[],"_links":{"self":[{"href":"https:\/\/dsmarinealgerie.com\/ar\/wp-json\/wp\/v2\/product\/9428","targetHints":{"allow":["GET"]}}],"collection":[{"href":"https:\/\/dsmarinealgerie.com\/ar\/wp-json\/wp\/v2\/product"}],"about":[{"href":"https:\/\/dsmarinealgerie.com\/ar\/wp-json\/wp\/v2\/types\/product"}],"replies":[{"embeddable":true,"href":"https:\/\/dsmarinealgerie.com\/ar\/wp-json\/wp\/v2\/comments?post=9428"}],"wp:featuredmedia":[{"embeddable":true,"href":"https:\/\/dsmarinealgerie.com\/ar\/wp-json\/wp\/v2\/media\/9711"}],"wp:attachment":[{"href":"https:\/\/dsmarinealgerie.com\/ar\/wp-json\/wp\/v2\/media?parent=9428"}],"wp:term":[{"taxonomy":"product_brand","embeddable":true,"href":"https:\/\/dsmarinealgerie.com\/ar\/wp-json\/wp\/v2\/product_brand?post=9428"},{"taxonomy":"product_cat","embeddable":true,"href":"https:\/\/dsmarinealgerie.com\/ar\/wp-json\/wp\/v2\/product_cat?post=9428"},{"taxonomy":"product_tag","embeddable":true,"href":"https:\/\/dsmarinealgerie.com\/ar\/wp-json\/wp\/v2\/product_tag?post=9428"}],"curies":[{"name":"wp","href":"https:\/\/api.w.org\/{rel}","templated":true}]}}