{"id":9439,"date":"2024-04-18T15:24:37","date_gmt":"2024-04-18T15:24:37","guid":{"rendered":"https:\/\/dsmarinealgerie.com\/?post_type=product&#038;p=9439"},"modified":"2024-04-18T15:24:37","modified_gmt":"2024-04-18T15:24:37","slug":"anneaux-soudes-owner","status":"publish","type":"product","link":"https:\/\/dsmarinealgerie.com\/ar\/shop\/peche\/materiel-de-peche\/accessoires-de-peche\/anneaux-soudes-owner\/","title":{"rendered":"\u062d\u0644\u0642\u0627\u062a \u0645\u0644\u062d\u0648\u0645\u0629 \u0627\u0644\u0645\u0627\u0644\u0643"},"content":{"rendered":"<p>\u062d\u0644\u0642\u0627\u062a \u0642\u0648\u064a\u0629 \u0648\u0634\u062f\u064a\u062f\u0629 \u0627\u0644\u062a\u062d\u0645\u0644 \u0645\u0646 \u0627\u0644\u0641\u0648\u0644\u0627\u0630 \u0627\u0644\u0645\u0642\u0627\u0648\u0645 \u0644\u0644\u0635\u062f\u0623 &quot;\u063a\u064a\u0631 \u0642\u0627\u0628\u0644\u0629 \u0644\u0644\u0643\u0633\u0631&quot; \u062a\u0642\u0631\u064a\u0628\u064b\u0627 \u0648\u062a\u0648\u0641\u0631 \u0642\u0648\u0629 \u0641\u0627\u0626\u0642\u0629 \u0643\u0645\u0648\u0635\u0644\u0627\u062a \u0628\u064a\u0646 \u0627\u0644\u062e\u0637\u0648\u0637 \u0648\u0627\u0644\u0642\u0627\u0626\u062f.<\/p>\n<p>\u0625\u0646\u0647\u0627 \u0645\u0642\u0627\u0648\u0645\u0629 \u0644\u0644\u062a\u0622\u0643\u0644 \u0627\u0644\u0646\u0627\u062a\u062c \u0639\u0646 \u0627\u0644\u062e\u0637\u0648\u0637 \u0627\u0644\u0645\u0639\u062f\u0646\u064a\u0629 \u0648\u0639\u0644\u0649 \u0639\u0643\u0633 \u0627\u0644\u062d\u0644\u0642\u0627\u062a \u0627\u0644\u0645\u0642\u0633\u0645\u0629.<\/p>\n<ul>\n<li>\u0627\u0644\u062d\u062c\u0645: 7.5<\/li>\n<li>\u0627\u0644\u0642\u0637\u0631 \u0627\u0644\u062e\u0627\u0631\u062c\u064a: 11.5 \u0645\u0644\u0645<\/li>\n<li>\u0627\u0644\u0642\u0637\u0631 \u0627\u0644\u062f\u0627\u062e\u0644\u064a: 7.5 \u0645\u0644\u0645<\/li>\n<li>\u062d\u0632\u0645\u0629 \u0645\u0646: 8 \u0642\u0637\u0639<\/li>\n<li>\u0627\u0644\u0648\u0632\u0646: 0.5 \u062c\u0631\u0627\u0645<\/li>\n<li>\u0631\u0637\u0644 \u0627\u0644\u0642\u0648\u0629: 450 \u0631\u0637\u0644\u0627<\/li>\n<\/ul>","protected":false},"excerpt":{"rendered":"<p>Anneaux solides en acier inoxydable robustes qui sont pratiquement \u00ab incassables \u00bb et offrent une r\u00e9sistance sup\u00e9rieure en tant que connecteurs entre les lignes et le bas de ligne. Ils r\u00e9sistent \u00e0 l&rsquo;abrasion des lignes m\u00e9talliques et contrairement aux anneaux bris\u00e9s. Taille : 7.5 Diam\u00e8tre ext\u00e9rieur: 11.5 mm Diam\u00e8tre int\u00e9rieur:7.5 mm Paquet de:8 pcs Poids:0.5 [&hellip;]<\/p>","protected":false},"featured_media":9440,"comment_status":"open","ping_status":"closed","template":"","meta":{"_uf_show_specific_survey":0,"_uf_disable_surveys":false},"product_brand":[],"product_cat":[183,227],"product_tag":[],"class_list":{"0":"post-9439","1":"product","2":"type-product","3":"status-publish","4":"has-post-thumbnail","6":"product_cat-accessoires-de-peche","7":"product_cat-materiel-de-peche","9":"first","10":"instock","11":"shipping-taxable","12":"purchasable","13":"product-type-simple"},"aioseo_notices":[],"_links":{"self":[{"href":"https:\/\/dsmarinealgerie.com\/ar\/wp-json\/wp\/v2\/product\/9439","targetHints":{"allow":["GET"]}}],"collection":[{"href":"https:\/\/dsmarinealgerie.com\/ar\/wp-json\/wp\/v2\/product"}],"about":[{"href":"https:\/\/dsmarinealgerie.com\/ar\/wp-json\/wp\/v2\/types\/product"}],"replies":[{"embeddable":true,"href":"https:\/\/dsmarinealgerie.com\/ar\/wp-json\/wp\/v2\/comments?post=9439"}],"wp:featuredmedia":[{"embeddable":true,"href":"https:\/\/dsmarinealgerie.com\/ar\/wp-json\/wp\/v2\/media\/9440"}],"wp:attachment":[{"href":"https:\/\/dsmarinealgerie.com\/ar\/wp-json\/wp\/v2\/media?parent=9439"}],"wp:term":[{"taxonomy":"product_brand","embeddable":true,"href":"https:\/\/dsmarinealgerie.com\/ar\/wp-json\/wp\/v2\/product_brand?post=9439"},{"taxonomy":"product_cat","embeddable":true,"href":"https:\/\/dsmarinealgerie.com\/ar\/wp-json\/wp\/v2\/product_cat?post=9439"},{"taxonomy":"product_tag","embeddable":true,"href":"https:\/\/dsmarinealgerie.com\/ar\/wp-json\/wp\/v2\/product_tag?post=9439"}],"curies":[{"name":"wp","href":"https:\/\/api.w.org\/{rel}","templated":true}]}}