{"id":9457,"date":"2024-05-21T13:59:31","date_gmt":"2024-05-21T13:59:31","guid":{"rendered":"https:\/\/dsmarinealgerie.com\/?post_type=product&#038;p=9457"},"modified":"2024-05-21T13:59:31","modified_gmt":"2024-05-21T13:59:31","slug":"hamecon-jigger-medium-jf-36","status":"publish","type":"product","link":"https:\/\/dsmarinealgerie.com\/ar\/shop\/peche\/materiel-de-peche\/hamecons\/hamecon-jigger-medium-jf-36\/","title":{"rendered":"\u062e\u0637\u0627\u0641 \u062c\u064a\u062c\u0631 \u0645\u062a\u0648\u0633\u0637 JF-36"},"content":{"rendered":"<p>\u064a\u0639\u062a\u0628\u0631 \u062e\u0637\u0627\u0641 Taff \u0627\u0644\u0633\u0644\u0643\u064a \u0645\u062b\u0627\u0644\u064a\u064b\u0627 \u0644\u062a\u0642\u0646\u064a\u0627\u062a \u0627\u0644\u0642\u0641\u0632 \u0628\u0641\u0636\u0644 \u0634\u0643\u0644\u0647 \u0627\u0644\u062e\u0627\u0635\u060c \u0641\u0647\u0648 \u064a\u0636\u0645\u0646 \u062a\u062b\u0628\u064a\u062a\u064b\u0627 \u0641\u0648\u0631\u064a\u064b\u0627 \u0648\u0643\u0627\u0645\u0644\u0627\u064b\u060c \u062d\u062a\u0649 \u0623\u062b\u0646\u0627\u0621 \u062d\u0631\u0643\u0627\u062a \u0627\u0644\u0627\u0633\u062a\u0631\u062f\u0627\u062f \u0627\u0644\u0623\u0633\u0631\u0639 \u0644\u0631\u0642\u0635\u062a\u0646\u0627.<\/p>\n<p>\u0645\u0646\u0627\u0633\u0628\u0629 \u0644\u062a\u0631\u0643\u064a\u0628 \u0627\u0644\u0631\u0642\u0635 \u0627\u0644\u0628\u0637\u064a\u0621<\/p>\n<p>\u0627\u0644\u0644\u0648\u0646: \u0646\u064a\u0643\u0644<\/p>\n<ul>\n<li>\u0627\u0644\u062d\u062c\u0645 3\/0: 7 \u0642\u0637\u0639\u060c \u0627\u0644\u0642\u0648\u0629 \u0631\u0637\u0644: 27 \u0631\u0637\u0644\u0627\u064b (12.2 \u0643\u062c\u0645)<\/li>\n<li>\u0627\u0644\u062d\u062c\u0645 4\/0: 6 \u0642\u0637\u0639\u060c \u0627\u0644\u0642\u0648\u0629 \u0631\u0637\u0644: 36 \u0631\u0637\u0644\u0627\u064b (16.3 \u0643\u062c\u0645)<\/li>\n<li>\u0627\u0644\u062d\u062c\u0645 5\/0: 5 \u0642\u0637\u0639\u060c \u0627\u0644\u0642\u0648\u0629 \u0631\u0637\u0644: 37 \u0631\u0637\u0644 (17.0 \u0643\u062c\u0645)<\/li>\n<li>\u0627\u0644\u062d\u062c\u0645 6\/0: 4 \u0642\u0637\u0639\u060c \u0642\u0648\u0629 \u0631\u0637\u0644: 45 \u0631\u0637\u0644 (20.6 \u0643\u062c\u0645)<\/li>\n<li>\u0627\u0644\u062d\u062c\u0645 7\/0: 4 \u0642\u0637\u0639\u060c \u0627\u0644\u0642\u0648\u0629 \u0631\u0637\u0644: 46 \u0631\u0637\u0644 (21.0 \u0643\u062c\u0645)<\/li>\n<\/ul>\n<p>&nbsp;<\/p>","protected":false},"excerpt":{"rendered":"<p>Crochet en fil Taff, id\u00e9al pour les techniques de Jigging gr\u00e2ce \u00e0 sa forme particuli\u00e8re, il garantit un clouage imm\u00e9diat et complet, m\u00eame lors des mouvements de r\u00e9cup\u00e9ration plus rapides de notre jig. Convient pour monter des gabarits Slow Jigging Couleur: Nicke Taille 3\/0: 7 pcs\u00a0 ,Force Lb:27lb (12.2kg) Taille 4\/0: 6 pcs\u00a0 ,Force Lb:36lb [&hellip;]<\/p>","protected":false},"featured_media":9475,"comment_status":"open","ping_status":"closed","template":"","meta":{"_uf_show_specific_survey":0,"_uf_disable_surveys":false},"product_brand":[],"product_cat":[742,164,227],"product_tag":[],"class_list":{"0":"post-9457","1":"product","2":"type-product","3":"status-publish","4":"has-post-thumbnail","6":"product_cat-hamecons","7":"product_cat-peche","8":"product_cat-materiel-de-peche","10":"first","11":"instock","12":"shipping-taxable","13":"purchasable","14":"product-type-variable"},"aioseo_notices":[],"_links":{"self":[{"href":"https:\/\/dsmarinealgerie.com\/ar\/wp-json\/wp\/v2\/product\/9457","targetHints":{"allow":["GET"]}}],"collection":[{"href":"https:\/\/dsmarinealgerie.com\/ar\/wp-json\/wp\/v2\/product"}],"about":[{"href":"https:\/\/dsmarinealgerie.com\/ar\/wp-json\/wp\/v2\/types\/product"}],"replies":[{"embeddable":true,"href":"https:\/\/dsmarinealgerie.com\/ar\/wp-json\/wp\/v2\/comments?post=9457"}],"wp:featuredmedia":[{"embeddable":true,"href":"https:\/\/dsmarinealgerie.com\/ar\/wp-json\/wp\/v2\/media\/9475"}],"wp:attachment":[{"href":"https:\/\/dsmarinealgerie.com\/ar\/wp-json\/wp\/v2\/media?parent=9457"}],"wp:term":[{"taxonomy":"product_brand","embeddable":true,"href":"https:\/\/dsmarinealgerie.com\/ar\/wp-json\/wp\/v2\/product_brand?post=9457"},{"taxonomy":"product_cat","embeddable":true,"href":"https:\/\/dsmarinealgerie.com\/ar\/wp-json\/wp\/v2\/product_cat?post=9457"},{"taxonomy":"product_tag","embeddable":true,"href":"https:\/\/dsmarinealgerie.com\/ar\/wp-json\/wp\/v2\/product_tag?post=9457"}],"curies":[{"name":"wp","href":"https:\/\/api.w.org\/{rel}","templated":true}]}}