{"id":9465,"date":"2024-04-22T13:48:50","date_gmt":"2024-04-22T13:48:50","guid":{"rendered":"https:\/\/dsmarinealgerie.com\/?post_type=product&#038;p=9465"},"modified":"2024-04-22T13:48:50","modified_gmt":"2024-04-22T13:48:50","slug":"hamecon-jigger-light-jf-22","status":"publish","type":"product","link":"https:\/\/dsmarinealgerie.com\/ar\/shop\/peche\/materiel-de-peche\/hamecons\/hamecon-jigger-light-jf-22\/","title":{"rendered":"\u062e\u0637\u0627\u0641 \u062c\u064a\u062c\u0631 \u0627\u0644\u062e\u0641\u064a\u0641 JF-22"},"content":{"rendered":"<p>\u062e\u0637\u0627\u0641\u0627\u062a JF-22 \u0645\u0635\u0646\u0648\u0639\u0629 \u0628\u0627\u0633\u062a\u062e\u062f\u0627\u0645 \u062a\u0642\u0646\u064a\u0629 Taff Wire \u0627\u0644\u0634\u0647\u064a\u0631\u0629 \u0627\u0644\u062a\u064a \u062a\u0648\u0641\u0631 \u0646\u0642\u0637\u0629 \u062d\u0627\u062f\u0629 \u062c\u062f\u064b\u0627. \u062a\u0633\u062a\u0647\u062f\u0641 \u0627\u0644\u0635\u064a\u0627\u062f\u064a\u0646 \u0627\u0644\u0630\u064a\u0646 \u064a\u0641\u0636\u0644\u0648\u0646 \u0631\u0628\u0637 \u062e\u0637\u0627\u0641\u0627\u062a\u0647\u0645 \u0627\u0644\u062e\u0627\u0635\u0629.<\/p>\n<p>\u0625\u0646 Cultiva JF-22 \u0639\u0628\u0627\u0631\u0629 \u0639\u0646 \u062e\u0637\u0627\u0641\u0627\u062a \u0645\u0633\u0627\u0639\u062f\u0629 \u062e\u0641\u064a\u0641\u0629 \u0627\u0644\u0648\u0632\u0646\u060c \u0645\u0639 \u0633\u0627\u0642 \u0645\u0637\u0631\u0648\u0642\u0629\u060c \u0648\u0627\u0646\u062d\u0646\u0627\u0621 \u063a\u064a\u0631 \u0642\u0627\u0628\u0644 \u0644\u0644\u0625\u0632\u0627\u062d\u0629 \u0645\u0639 \u0646\u0647\u0627\u064a\u0629 \u0639\u0644\u0649 \u0634\u0643\u0644 \u0627\u0644\u0623\u0634\u064a\u0627\u0621 \u0628\u0623\u0633\u0645\u0627\u0626\u0647\u0627 \u0627\u0644\u062d\u0642\u064a\u0642\u064a\u0629. \u062a\u0645 \u062a\u0635\u0645\u064a\u0645\u0647\u0627 \u062e\u0635\u064a\u0635\u064b\u0627 \u0645\u0646 \u0642\u0628\u0644 \u0627\u0644\u0645\u0627\u0644\u0643 \u0644\u0644\u062a\u0631\u0643\u064a\u0628 \u0639\u0644\u0649 \u0623\u062f\u0648\u0627\u062a \u0627\u0644\u0645\u064a\u0627\u0647 \u0627\u0644\u0639\u0645\u064a\u0642\u0629\u060c \u0644\u0623\u0646\u0647\u0627 \u0642\u0648\u064a\u0629 \u0644\u0644\u063a\u0627\u064a\u0629 \u0645\u0639 \u0642\u062f\u0631\u0629 \u0627\u062e\u062a\u0631\u0627\u0642 \u0645\u0645\u062a\u0627\u0632\u0629. \u062a\u0639\u062a\u0628\u0631 \u0647\u0630\u0647 \u0627\u0644\u062e\u0637\u0627\u0641\u0627\u062a \u0623\u064a\u0636\u064b\u0627 \u0645\u062b\u0627\u0644\u064a\u0629 \u0644\u0644\u0642\u0641\u0632 \u0644\u0623\u0646\u0647\u0627 \u062e\u0641\u064a\u0641\u0629 \u0648\u0642\u0648\u064a\u0629 \u0648\u0645\u0635\u0646\u0648\u0639\u0629 \u0645\u0646 \u0623\u062c\u0632\u0627\u0621 \u0639\u0627\u0644\u064a\u0629 \u0627\u0644\u062c\u0648\u062f\u0629 \u0648\u0645\u0635\u0645\u0645\u0629 \u0628\u062f\u0642\u0629.<\/p>\n<ul>\n<li>\u0627\u0644\u062d\u062c\u0645 3\/0: 9 \u0642\u0637\u0639\u060c \u0627\u0644\u0642\u0648\u0629 \u0631\u0637\u0644: 21 \u0631\u0637\u0644 (9 \u0643\u062c\u0645)<\/li>\n<li>\u0627\u0644\u062d\u062c\u0645 4\/0: 8 \u0642\u0637\u0639\u060c \u0627\u0644\u0642\u0648\u0629 \u0631\u0637\u0644: 25 \u0631\u0637\u0644 (11.5 \u0643\u062c\u0645)<\/li>\n<li>\u0627\u0644\u062d\u062c\u0645 6\/0: 5 \u0642\u0637\u0639\u060c \u0642\u0648\u0629 \u0631\u0637\u0644: 34 \u0631\u0637\u0644 (15.2 \u0643\u062c\u0645)<\/li>\n<\/ul>","protected":false},"excerpt":{"rendered":"<p>Les hame\u00e7ons JF-22 sont fabriqu\u00e9s avec la c\u00e9l\u00e8bre technologie Taff Wire qui fournit une pointe tr\u00e8s pointue. sont destin\u00e9 aux p\u00eacheurs qui pr\u00e9f\u00e8rent attacher leurs propres hame\u00e7ons. Les Cultiva JF-22 sont des hame\u00e7ons d&rsquo;assistance l\u00e9gers, avec une tige forg\u00e9e, une courbure non d\u00e9cal\u00e9e avec une extr\u00e9mit\u00e9 en forme de b\u00eache. Sp\u00e9cialement con\u00e7u par Owner pour [&hellip;]<\/p>","protected":false},"featured_media":9481,"comment_status":"open","ping_status":"closed","template":"","meta":{"_uf_show_specific_survey":0,"_uf_disable_surveys":false},"product_brand":[],"product_cat":[742,164,227],"product_tag":[],"class_list":{"0":"post-9465","1":"product","2":"type-product","3":"status-publish","4":"has-post-thumbnail","6":"product_cat-hamecons","7":"product_cat-peche","8":"product_cat-materiel-de-peche","10":"first","11":"instock","12":"shipping-taxable","13":"purchasable","14":"product-type-variable"},"aioseo_notices":[],"_links":{"self":[{"href":"https:\/\/dsmarinealgerie.com\/ar\/wp-json\/wp\/v2\/product\/9465","targetHints":{"allow":["GET"]}}],"collection":[{"href":"https:\/\/dsmarinealgerie.com\/ar\/wp-json\/wp\/v2\/product"}],"about":[{"href":"https:\/\/dsmarinealgerie.com\/ar\/wp-json\/wp\/v2\/types\/product"}],"replies":[{"embeddable":true,"href":"https:\/\/dsmarinealgerie.com\/ar\/wp-json\/wp\/v2\/comments?post=9465"}],"wp:featuredmedia":[{"embeddable":true,"href":"https:\/\/dsmarinealgerie.com\/ar\/wp-json\/wp\/v2\/media\/9481"}],"wp:attachment":[{"href":"https:\/\/dsmarinealgerie.com\/ar\/wp-json\/wp\/v2\/media?parent=9465"}],"wp:term":[{"taxonomy":"product_brand","embeddable":true,"href":"https:\/\/dsmarinealgerie.com\/ar\/wp-json\/wp\/v2\/product_brand?post=9465"},{"taxonomy":"product_cat","embeddable":true,"href":"https:\/\/dsmarinealgerie.com\/ar\/wp-json\/wp\/v2\/product_cat?post=9465"},{"taxonomy":"product_tag","embeddable":true,"href":"https:\/\/dsmarinealgerie.com\/ar\/wp-json\/wp\/v2\/product_tag?post=9465"}],"curies":[{"name":"wp","href":"https:\/\/api.w.org\/{rel}","templated":true}]}}