{"id":9490,"date":"2024-05-21T14:11:47","date_gmt":"2024-05-21T14:11:47","guid":{"rendered":"https:\/\/dsmarinealgerie.com\/?post_type=product&#038;p=9490"},"modified":"2024-05-21T14:11:48","modified_gmt":"2024-05-21T14:11:48","slug":"hamecon-owner-cutting-point","status":"publish","type":"product","link":"https:\/\/dsmarinealgerie.com\/ar\/shop\/peche\/materiel-de-peche\/hamecons\/hamecon-owner-cutting-point\/","title":{"rendered":"\u062e\u0637\u0627\u0641 \u0646\u0642\u0637\u0629 \u0627\u0644\u0642\u0637\u0639 \u0644\u0644\u0645\u0627\u0644\u0643"},"content":{"rendered":"<p>\u062a\u0639\u062a\u0628\u0631 \u062e\u0637\u0627\u0641\u0627\u062a \u0627\u0644\u0645\u064a\u0627\u0647 \u0627\u0644\u0645\u0627\u0644\u062d\u0629 \u0647\u0630\u0647\u060c \u0630\u0627\u062a \u0627\u0644\u0633\u064a\u0642\u0627\u0646 \u0627\u0644\u0642\u0648\u064a\u0629 \u0627\u0644\u0645\u0632\u062e\u0631\u0641\u0629 \u0648\u0637\u0631\u0641 \u0627\u0644\u0642\u0637\u0639\u060c \u0645\u062b\u0627\u0644\u064a\u0629 \u0644\u0631\u0628\u0637 \u0623\u0646\u0645\u0627\u0637 \u0627\u0644\u0634\u0631\u0627\u0626\u0637 \u0644\u0623\u0633\u0645\u0627\u0643 \u0627\u0644\u0645\u064a\u0627\u0647 \u0627\u0644\u0645\u0627\u0644\u062d\u0629.<\/p>\n<ul>\n<li>\u0645\u0642\u0627\u0633 4\/0:28 \u0642\u0637\u0639\u0629<\/li>\n<li>\u0645\u0642\u0627\u0633 2\/0: 34 \u0642\u0637\u0639\u0629<\/li>\n<\/ul>","protected":false},"excerpt":{"rendered":"<p>Ces hame\u00e7ons d&rsquo;eau sal\u00e9e, avec des tiges forg\u00e9es solides et une pointe coupante, sont parfaits pour attacher des mod\u00e8les de banderoles pour les poissons d&rsquo;eau sal\u00e9e. Size 4\/0 :28 pcs Size 2\/0 : 34 pcs<\/p>","protected":false},"featured_media":9710,"comment_status":"open","ping_status":"closed","template":"","meta":{"_uf_show_specific_survey":0,"_uf_disable_surveys":false},"product_brand":[],"product_cat":[742,164,227],"product_tag":[],"class_list":{"0":"post-9490","1":"product","2":"type-product","3":"status-publish","4":"has-post-thumbnail","6":"product_cat-hamecons","7":"product_cat-peche","8":"product_cat-materiel-de-peche","10":"first","11":"instock","12":"shipping-taxable","13":"purchasable","14":"product-type-variable"},"aioseo_notices":[],"_links":{"self":[{"href":"https:\/\/dsmarinealgerie.com\/ar\/wp-json\/wp\/v2\/product\/9490","targetHints":{"allow":["GET"]}}],"collection":[{"href":"https:\/\/dsmarinealgerie.com\/ar\/wp-json\/wp\/v2\/product"}],"about":[{"href":"https:\/\/dsmarinealgerie.com\/ar\/wp-json\/wp\/v2\/types\/product"}],"replies":[{"embeddable":true,"href":"https:\/\/dsmarinealgerie.com\/ar\/wp-json\/wp\/v2\/comments?post=9490"}],"wp:featuredmedia":[{"embeddable":true,"href":"https:\/\/dsmarinealgerie.com\/ar\/wp-json\/wp\/v2\/media\/9710"}],"wp:attachment":[{"href":"https:\/\/dsmarinealgerie.com\/ar\/wp-json\/wp\/v2\/media?parent=9490"}],"wp:term":[{"taxonomy":"product_brand","embeddable":true,"href":"https:\/\/dsmarinealgerie.com\/ar\/wp-json\/wp\/v2\/product_brand?post=9490"},{"taxonomy":"product_cat","embeddable":true,"href":"https:\/\/dsmarinealgerie.com\/ar\/wp-json\/wp\/v2\/product_cat?post=9490"},{"taxonomy":"product_tag","embeddable":true,"href":"https:\/\/dsmarinealgerie.com\/ar\/wp-json\/wp\/v2\/product_tag?post=9490"}],"curies":[{"name":"wp","href":"https:\/\/api.w.org\/{rel}","templated":true}]}}