{"id":9493,"date":"2024-04-22T14:02:41","date_gmt":"2024-04-22T14:02:41","guid":{"rendered":"https:\/\/dsmarinealgerie.com\/?post_type=product&#038;p=9493"},"modified":"2024-04-22T14:18:53","modified_gmt":"2024-04-22T14:18:53","slug":"hamecon-owner-tournament-mutu-light-circle","status":"publish","type":"product","link":"https:\/\/dsmarinealgerie.com\/ar\/shop\/peche\/materiel-de-peche\/hamecons\/hamecon-owner-tournament-mutu-light-circle\/","title":{"rendered":"\u0647\u0648\u0643 \u0635\u0627\u062d\u0628 \u0627\u0644\u0628\u0637\u0648\u0644\u0629 \u062f\u0627\u0626\u0631\u0629 \u0636\u0648\u0621 \u0645\u0648\u062a\u0648"},"content":{"rendered":"<p>\u062e\u0637\u0627\u0641 \u062f\u0627\u0626\u0631\u064a \u0645\u0642\u0644\u0648\u0628. \u062e\u0641\u0629 \u0648\u0632\u0646\u0647 \u062a\u0633\u0645\u062d \u0644\u0637\u0639\u0645\u0643 \u0628\u0627\u0644\u062d\u0635\u0648\u0644 \u0639\u0644\u0649 \u0642\u062f\u0631 \u0623\u0643\u0628\u0631 \u0645\u0646 \u0627\u0644\u062d\u0631\u064a\u0629 \u0641\u064a \u0627\u0644\u062a\u064a\u0627\u0631 \u0648\u064a\u0645\u0643\u0646 \u0627\u0645\u062a\u0635\u0627\u0635\u0647 \u0628\u0633\u0647\u0648\u0644\u0629 \u0623\u0643\u0628\u0631. \u0643\u0631\u0648\u0645 \u0623\u0633\u0648\u062f \u0645\u0639\u0627\u0644\u062c \u0636\u062f \u0627\u0644\u062a\u0622\u0643\u0644 (\u0627\u0644\u0645\u064a\u0627\u0647 \u0627\u0644\u0645\u0627\u0644\u062d\u0629). \u0637\u0631\u0641 \u0645\u0634\u062d\u0630 \u0643\u064a\u0645\u064a\u0627\u0626\u064a\u064b\u0627.<\/p>\n<p>-\u0627\u0644\u0645\u0642\u0627\u0633 8\/0: 3 \u0642\u0637\u0639<\/p>\n<p>&nbsp;<\/p>","protected":false},"excerpt":{"rendered":"<p>Hame\u00e7on renvers\u00e9 de forme circle. Sa l\u00e9g\u00e8ret\u00e9 permet de laisser une plus grande libert\u00e9 de votre app\u00e2t dans le courant et d\u2019\u00eatre plus facilement aspir\u00e9. Chrom\u00e9 noir trait\u00e9 anti corrosion (saltwater) Pointe \u00e0 affutage chimique. -Size8\/0: 3 pcs &nbsp;<\/p>","protected":false},"featured_media":9507,"comment_status":"open","ping_status":"closed","template":"","meta":{"_uf_show_specific_survey":0,"_uf_disable_surveys":false},"product_brand":[],"product_cat":[742,164,227],"product_tag":[],"class_list":{"0":"post-9493","1":"product","2":"type-product","3":"status-publish","4":"has-post-thumbnail","6":"product_cat-hamecons","7":"product_cat-peche","8":"product_cat-materiel-de-peche","10":"first","11":"instock","12":"shipping-taxable","13":"purchasable","14":"product-type-simple"},"aioseo_notices":[],"_links":{"self":[{"href":"https:\/\/dsmarinealgerie.com\/ar\/wp-json\/wp\/v2\/product\/9493","targetHints":{"allow":["GET"]}}],"collection":[{"href":"https:\/\/dsmarinealgerie.com\/ar\/wp-json\/wp\/v2\/product"}],"about":[{"href":"https:\/\/dsmarinealgerie.com\/ar\/wp-json\/wp\/v2\/types\/product"}],"replies":[{"embeddable":true,"href":"https:\/\/dsmarinealgerie.com\/ar\/wp-json\/wp\/v2\/comments?post=9493"}],"wp:featuredmedia":[{"embeddable":true,"href":"https:\/\/dsmarinealgerie.com\/ar\/wp-json\/wp\/v2\/media\/9507"}],"wp:attachment":[{"href":"https:\/\/dsmarinealgerie.com\/ar\/wp-json\/wp\/v2\/media?parent=9493"}],"wp:term":[{"taxonomy":"product_brand","embeddable":true,"href":"https:\/\/dsmarinealgerie.com\/ar\/wp-json\/wp\/v2\/product_brand?post=9493"},{"taxonomy":"product_cat","embeddable":true,"href":"https:\/\/dsmarinealgerie.com\/ar\/wp-json\/wp\/v2\/product_cat?post=9493"},{"taxonomy":"product_tag","embeddable":true,"href":"https:\/\/dsmarinealgerie.com\/ar\/wp-json\/wp\/v2\/product_tag?post=9493"}],"curies":[{"name":"wp","href":"https:\/\/api.w.org\/{rel}","templated":true}]}}