{"id":9499,"date":"2024-04-22T14:11:02","date_gmt":"2024-04-22T14:11:02","guid":{"rendered":"https:\/\/dsmarinealgerie.com\/?post_type=product&#038;p=9499"},"modified":"2024-04-22T14:15:08","modified_gmt":"2024-04-22T14:15:08","slug":"hamecon-owner-6537-worm-bh-round","status":"publish","type":"product","link":"https:\/\/dsmarinealgerie.com\/ar\/shop\/peche\/materiel-de-peche\/hamecons\/hamecon-owner-6537-worm-bh-round\/","title":{"rendered":"\u0627\u0644\u0645\u0627\u0644\u0643 6537 \u062e\u0637\u0627\u0641 \u062f\u0627\u0626\u0631\u064a \u0645\u0646 \u0646\u0648\u0639 Worm BH"},"content":{"rendered":"<p>\u064a\u0639\u062a\u0628\u0631 \u0627\u0644\u0645\u0627\u0644\u0643 6537 Worm BH-Round \u0639\u0628\u0627\u0631\u0629 \u0639\u0646 \u062e\u0637\u0627\u0641 \u0637\u0648\u064a\u0644 \u0627\u0644\u0633\u0627\u0642 \u0645\u062b\u0627\u0644\u064a \u0644\u0631\u0628\u0637 \u0627\u0644\u062f\u064a\u062f\u0627\u0646.<\/p>\n<p>\u064a\u0648\u062c\u062f \u0639\u0644\u0649 \u0627\u0644\u062c\u0632\u0621 \u0627\u0644\u062e\u0644\u0641\u064a \u0645\u0646 \u0627\u0644\u0642\u0636\u064a\u0628 \u0645\u062d\u0637\u062a\u0627\u0646 \u0644\u0644\u0625\u063a\u0631\u0627\u0621.<\/p>\n<p>-\u062d\u062c\u0645 10: 10 \u0642\u0637\u0639<\/p>","protected":false},"excerpt":{"rendered":"<p>Le Owner 6537 Worm BH-Round est un hame\u00e7on \u00e0 longue tige id\u00e9al pour accrocher les vers . \u00c0 l&rsquo;arri\u00e8re de la tige, il y a deux arr\u00eats pour leurres. -Size 10: 10 pcs<\/p>","protected":false},"featured_media":9511,"comment_status":"open","ping_status":"closed","template":"","meta":{"_uf_show_specific_survey":0,"_uf_disable_surveys":false},"product_brand":[],"product_cat":[742,164,227],"product_tag":[],"class_list":{"0":"post-9499","1":"product","2":"type-product","3":"status-publish","4":"has-post-thumbnail","6":"product_cat-hamecons","7":"product_cat-peche","8":"product_cat-materiel-de-peche","10":"first","11":"instock","12":"shipping-taxable","13":"purchasable","14":"product-type-simple"},"aioseo_notices":[],"_links":{"self":[{"href":"https:\/\/dsmarinealgerie.com\/ar\/wp-json\/wp\/v2\/product\/9499","targetHints":{"allow":["GET"]}}],"collection":[{"href":"https:\/\/dsmarinealgerie.com\/ar\/wp-json\/wp\/v2\/product"}],"about":[{"href":"https:\/\/dsmarinealgerie.com\/ar\/wp-json\/wp\/v2\/types\/product"}],"replies":[{"embeddable":true,"href":"https:\/\/dsmarinealgerie.com\/ar\/wp-json\/wp\/v2\/comments?post=9499"}],"wp:featuredmedia":[{"embeddable":true,"href":"https:\/\/dsmarinealgerie.com\/ar\/wp-json\/wp\/v2\/media\/9511"}],"wp:attachment":[{"href":"https:\/\/dsmarinealgerie.com\/ar\/wp-json\/wp\/v2\/media?parent=9499"}],"wp:term":[{"taxonomy":"product_brand","embeddable":true,"href":"https:\/\/dsmarinealgerie.com\/ar\/wp-json\/wp\/v2\/product_brand?post=9499"},{"taxonomy":"product_cat","embeddable":true,"href":"https:\/\/dsmarinealgerie.com\/ar\/wp-json\/wp\/v2\/product_cat?post=9499"},{"taxonomy":"product_tag","embeddable":true,"href":"https:\/\/dsmarinealgerie.com\/ar\/wp-json\/wp\/v2\/product_tag?post=9499"}],"curies":[{"name":"wp","href":"https:\/\/api.w.org\/{rel}","templated":true}]}}