{"id":9546,"date":"2024-04-14T13:31:46","date_gmt":"2024-04-14T13:31:46","guid":{"rendered":"https:\/\/dsmarinealgerie.com\/?post_type=product&#038;p=9546"},"modified":"2024-04-14T13:34:59","modified_gmt":"2024-04-14T13:34:59","slug":"hamecon-bkk-red-octopus-beak","status":"publish","type":"product","link":"https:\/\/dsmarinealgerie.com\/ar\/shop\/peche\/materiel-de-peche\/hamecons\/hamecon-bkk-red-octopus-beak\/","title":{"rendered":"\u062e\u0637\u0627\u0641 \u0645\u0646\u0642\u0627\u0631 \u0627\u0644\u0623\u062e\u0637\u0628\u0648\u0637 \u0627\u0644\u0623\u062d\u0645\u0631 BKK"},"content":{"rendered":"<p>\u0645\u0646\u0642\u0627\u0631 \u0627\u0644\u0623\u062e\u0637\u0628\u0648\u0637 \u0627\u0644\u0623\u062d\u0645\u0631 \u0645\u0646 BKK \u0647\u0648 \u062e\u0637\u0627\u0641 \u0645\u062a\u0639\u062f\u062f \u0627\u0644\u0627\u0633\u062a\u062e\u062f\u0627\u0645\u0627\u062a \u0648\u0645\u0646\u0627\u0633\u0628 \u0644\u0635\u064a\u062f \u0627\u0644\u0623\u0633\u0645\u0627\u0643 \u0641\u064a \u0627\u0644\u0645\u064a\u0627\u0647 \u0627\u0644\u0639\u0630\u0628\u0629 \u0648\u0627\u0644\u0645\u064a\u0627\u0647 \u0627\u0644\u0645\u0627\u0644\u062d\u0629.<\/p>\n<p>\u064a\u062a\u0645\u064a\u0632 \u0627\u0644\u062e\u0637\u0627\u0641 \u0628\u062a\u0635\u0645\u064a\u0645 \u0630\u0648 \u0641\u062c\u0648\u0629 \u0648\u0627\u0633\u0639\u0629 \u064a\u0645\u0643\u0646\u0647 \u0627\u0633\u062a\u064a\u0639\u0627\u0628 \u0627\u0644\u0637\u0639\u0648\u0645 \u0627\u0644\u0623\u0643\u0628\u0631 \u062d\u062c\u0645\u064b\u0627 \u0645\u062b\u0644 \u0642\u0637\u0639 \u0627\u0644\u0623\u0633\u0645\u0627\u0643<\/p>\n<ul>\n<li>\u0627\u0644\u062d\u062c\u0645 5\/0<\/li>\n<li>\u0627\u0644\u062d\u062c\u0645 6\/0<\/li>\n<\/ul>","protected":false},"excerpt":{"rendered":"<p>Le Red Octopus Beak de chez BKK est un hame\u00e7on tr\u00e8s polyvalent adapt\u00e9 \u00e0 la p\u00eache en eau douce et en eau sal\u00e9e. L&rsquo;hame\u00e7on pr\u00e9sente une conception \u00e0 large espace qui peut accueillir des app\u00e2ts plus gros et plus volumineux tels que des morceaux de poisson Size 5\/0 Size 6\/0<\/p>","protected":false},"featured_media":9648,"comment_status":"open","ping_status":"closed","template":"","meta":{"_uf_show_specific_survey":0,"_uf_disable_surveys":false},"product_brand":[],"product_cat":[742,227],"product_tag":[],"class_list":{"0":"post-9546","1":"product","2":"type-product","3":"status-publish","4":"has-post-thumbnail","6":"product_cat-hamecons","7":"product_cat-materiel-de-peche","9":"first","10":"instock","11":"shipping-taxable","12":"purchasable","13":"product-type-variable"},"aioseo_notices":[],"_links":{"self":[{"href":"https:\/\/dsmarinealgerie.com\/ar\/wp-json\/wp\/v2\/product\/9546","targetHints":{"allow":["GET"]}}],"collection":[{"href":"https:\/\/dsmarinealgerie.com\/ar\/wp-json\/wp\/v2\/product"}],"about":[{"href":"https:\/\/dsmarinealgerie.com\/ar\/wp-json\/wp\/v2\/types\/product"}],"replies":[{"embeddable":true,"href":"https:\/\/dsmarinealgerie.com\/ar\/wp-json\/wp\/v2\/comments?post=9546"}],"wp:featuredmedia":[{"embeddable":true,"href":"https:\/\/dsmarinealgerie.com\/ar\/wp-json\/wp\/v2\/media\/9648"}],"wp:attachment":[{"href":"https:\/\/dsmarinealgerie.com\/ar\/wp-json\/wp\/v2\/media?parent=9546"}],"wp:term":[{"taxonomy":"product_brand","embeddable":true,"href":"https:\/\/dsmarinealgerie.com\/ar\/wp-json\/wp\/v2\/product_brand?post=9546"},{"taxonomy":"product_cat","embeddable":true,"href":"https:\/\/dsmarinealgerie.com\/ar\/wp-json\/wp\/v2\/product_cat?post=9546"},{"taxonomy":"product_tag","embeddable":true,"href":"https:\/\/dsmarinealgerie.com\/ar\/wp-json\/wp\/v2\/product_tag?post=9546"}],"curies":[{"name":"wp","href":"https:\/\/api.w.org\/{rel}","templated":true}]}}