{"id":9555,"date":"2024-04-14T14:44:21","date_gmt":"2024-04-14T14:44:21","guid":{"rendered":"https:\/\/dsmarinealgerie.com\/?post_type=product&#038;p=9555"},"modified":"2024-04-14T14:44:21","modified_gmt":"2024-04-14T14:44:21","slug":"monofilament-spiderwire-300m","status":"publish","type":"product","link":"https:\/\/dsmarinealgerie.com\/ar\/shop\/peche\/materiel-de-peche\/fil-de-peche-materiel-de-peche\/monofilament-spiderwire-300m\/","title":{"rendered":"\u0633\u0644\u0643 \u0639\u0646\u0643\u0628\u0648\u062a \u0623\u062d\u0627\u062f\u064a \u0627\u0644\u062e\u064a\u0637 \u0628\u0637\u0648\u0644 300 \u0645\u062a\u0631"},"content":{"rendered":"<div class=\"woocommerce-tabs wc-tabs-wrapper\">\n<div id=\"tab-description\" class=\"woocommerce-Tabs-panel woocommerce-Tabs-panel--description panel entry-content wc-tab\" role=\"tabpanel\" aria-labelledby=\"tab-title-description\">\n<p>\u062e\u0637 \u062d\u062f\u064a\u062b \u0648\u0645\u062a\u0639\u062f\u062f \u0627\u0644\u0627\u0633\u062a\u062e\u062f\u0627\u0645\u0627\u062a \u0644\u0645\u0639\u0638\u0645 \u0637\u0631\u0642 \u0627\u0644\u0635\u064a\u062f<\/p>\n<p>\u0642\u0648\u0629 \u0627\u0644\u0634\u062f \u0648\u0627\u0644\u0639\u0642\u062f\u0629 \u0627\u0644\u0639\u0627\u0644\u064a\u0629\u060c \u062c\u0646\u0628\u064b\u0627 \u0625\u0644\u0649 \u062c\u0646\u0628 \u0645\u0639 \u0627\u0644\u0627\u0633\u062a\u0637\u0627\u0644\u0629 \u0627\u0644\u0645\u0646\u062e\u0641\u0636\u0629\u060c \u062a\u0639\u0637\u064a\u0646\u0627 \u0627\u0644\u062e\u064a\u0637 \u0627\u0644\u0623\u062d\u0627\u062f\u064a \u0627\u0644\u0645\u062b\u0627\u0644\u064a \u0644\u062c\u0645\u064a\u0639 \u0627\u0644\u0635\u064a\u0627\u062f\u064a\u0646.<\/p>\n<p>&nbsp;<\/p>\n<\/div>\n<\/div>\n<div class=\"related-products\"><\/div>","protected":false},"excerpt":{"rendered":"<p>Ligne polyvalente et moderne pour la plupart des m\u00e9thodes de p\u00eache La haute r\u00e9sistance \u00e0 la traction et aux n\u0153uds, combin\u00e9e \u00e0 un faible allongement, nous donne le monofilament parfait pour\u00a0 tous les p\u00eacheurs. &nbsp;<\/p>","protected":false},"featured_media":9578,"comment_status":"open","ping_status":"closed","template":"","meta":{"_uf_show_specific_survey":0,"_uf_disable_surveys":false},"product_brand":[],"product_cat":[227,230],"product_tag":[],"class_list":{"0":"post-9555","1":"product","2":"type-product","3":"status-publish","4":"has-post-thumbnail","6":"product_cat-materiel-de-peche","7":"product_cat-fil-de-peche-materiel-de-peche","9":"first","10":"instock","11":"shipping-taxable","12":"purchasable","13":"product-type-variable"},"aioseo_notices":[],"_links":{"self":[{"href":"https:\/\/dsmarinealgerie.com\/ar\/wp-json\/wp\/v2\/product\/9555","targetHints":{"allow":["GET"]}}],"collection":[{"href":"https:\/\/dsmarinealgerie.com\/ar\/wp-json\/wp\/v2\/product"}],"about":[{"href":"https:\/\/dsmarinealgerie.com\/ar\/wp-json\/wp\/v2\/types\/product"}],"replies":[{"embeddable":true,"href":"https:\/\/dsmarinealgerie.com\/ar\/wp-json\/wp\/v2\/comments?post=9555"}],"wp:featuredmedia":[{"embeddable":true,"href":"https:\/\/dsmarinealgerie.com\/ar\/wp-json\/wp\/v2\/media\/9578"}],"wp:attachment":[{"href":"https:\/\/dsmarinealgerie.com\/ar\/wp-json\/wp\/v2\/media?parent=9555"}],"wp:term":[{"taxonomy":"product_brand","embeddable":true,"href":"https:\/\/dsmarinealgerie.com\/ar\/wp-json\/wp\/v2\/product_brand?post=9555"},{"taxonomy":"product_cat","embeddable":true,"href":"https:\/\/dsmarinealgerie.com\/ar\/wp-json\/wp\/v2\/product_cat?post=9555"},{"taxonomy":"product_tag","embeddable":true,"href":"https:\/\/dsmarinealgerie.com\/ar\/wp-json\/wp\/v2\/product_tag?post=9555"}],"curies":[{"name":"wp","href":"https:\/\/api.w.org\/{rel}","templated":true}]}}