{"id":9584,"date":"2024-04-14T14:50:28","date_gmt":"2024-04-14T14:50:28","guid":{"rendered":"https:\/\/dsmarinealgerie.com\/?post_type=product&#038;p=9584"},"modified":"2025-11-13T09:49:47","modified_gmt":"2025-11-13T09:49:47","slug":"canne-colmic-athena-surf","status":"publish","type":"product","link":"https:\/\/dsmarinealgerie.com\/ar\/shop\/peche\/cannes\/canne-colmic-athena-surf\/","title":{"rendered":"Canne Colmic Athena Surf copie"},"content":{"rendered":"<div>\u0642\u0636\u064a\u0628 \u0645\u0642\u0633\u0645 \u0625\u0644\u0649 3 \u0623\u0642\u0633\u0627\u0645\u060c \u062e\u0641\u064a\u0641 \u0648\u0633\u0647\u0644 \u0627\u0644\u0627\u0633\u062a\u062e\u062f\u0627\u0645 \u0648\u0631\u0641\u064a\u0639\u060c \u0645\u062a\u0648\u0627\u0632\u0646 \u0648\u0645\u062b\u0627\u0644\u064a \u0644\u0644\u0642\u0648\u0627\u0644\u0628 \u0627\u0644\u062c\u0627\u0646\u0628\u064a\u0629 \u0648\u0627\u0644\u0623\u0631\u0636\u064a\u0629.<\/div>\n<div>\u0627\u0644\u0645\u062a\u0627\u0646\u0629 \u0648\u0627\u0644\u0645\u0648\u062b\u0648\u0642\u064a\u0629 \u062a\u0633\u0648\u062f.<\/div>\n<div>Structure en carbone avec une incroyable r\u00e9activit\u00e9 en action de p\u00eache<\/div>\n<div class=\"pct__features\">\n<p>1- \u0627\u0644\u0645\u0648\u062f\u064a\u0644: 4.20<\/p>\n<ul>\n<li>\u0627\u0644\u0648\u0632\u0646: 483 \u062c\u0631\u0627\u0645<\/li>\n<li>\u0627\u0644\u0637\u0648\u0644: 4.20 \u0645<\/li>\n<li>\u0627\u0644\u0642\u0637\u0631: 21.70 \u0645\u0644\u0645<\/li>\n<li>\u0627\u0644\u0623\u0628\u0639\u0627\u062f: 146 \u0633\u0645<\/li>\n<li>\u0627\u0644\u0641\u0639\u0644 : \u0642\u0648\u064a<\/li>\n<li>\u0627\u0644\u062e\u064a\u0648\u0637: 3<\/li>\n<li>\u0627\u0644\u0648\u0632\u0646: 100-250 \u062c\u0631\u0627\u0645<\/li>\n<\/ul>\n<\/div>\n<div class=\"pct__products\"><\/div>","protected":false},"excerpt":{"rendered":"<p>\u0627\u0644\u0646\u0633\u062e\u0629 \u0627\u0644\u0623\u0635\u0644\u064a\u0629<\/p>","protected":false},"featured_media":9585,"comment_status":"open","ping_status":"closed","template":"","meta":{"_uf_show_specific_survey":0,"_uf_disable_surveys":false},"product_brand":[],"product_cat":[164,229],"product_tag":[],"class_list":{"0":"post-9584","1":"product","2":"type-product","3":"status-publish","4":"has-post-thumbnail","6":"product_cat-peche","7":"product_cat-cannes","9":"first","10":"instock","11":"shipping-taxable","12":"purchasable","13":"product-type-simple"},"aioseo_notices":[],"_links":{"self":[{"href":"https:\/\/dsmarinealgerie.com\/ar\/wp-json\/wp\/v2\/product\/9584","targetHints":{"allow":["GET"]}}],"collection":[{"href":"https:\/\/dsmarinealgerie.com\/ar\/wp-json\/wp\/v2\/product"}],"about":[{"href":"https:\/\/dsmarinealgerie.com\/ar\/wp-json\/wp\/v2\/types\/product"}],"replies":[{"embeddable":true,"href":"https:\/\/dsmarinealgerie.com\/ar\/wp-json\/wp\/v2\/comments?post=9584"}],"wp:featuredmedia":[{"embeddable":true,"href":"https:\/\/dsmarinealgerie.com\/ar\/wp-json\/wp\/v2\/media\/9585"}],"wp:attachment":[{"href":"https:\/\/dsmarinealgerie.com\/ar\/wp-json\/wp\/v2\/media?parent=9584"}],"wp:term":[{"taxonomy":"product_brand","embeddable":true,"href":"https:\/\/dsmarinealgerie.com\/ar\/wp-json\/wp\/v2\/product_brand?post=9584"},{"taxonomy":"product_cat","embeddable":true,"href":"https:\/\/dsmarinealgerie.com\/ar\/wp-json\/wp\/v2\/product_cat?post=9584"},{"taxonomy":"product_tag","embeddable":true,"href":"https:\/\/dsmarinealgerie.com\/ar\/wp-json\/wp\/v2\/product_tag?post=9584"}],"curies":[{"name":"wp","href":"https:\/\/api.w.org\/{rel}","templated":true}]}}