{"id":9592,"date":"2024-04-15T14:23:46","date_gmt":"2024-04-15T14:23:46","guid":{"rendered":"https:\/\/dsmarinealgerie.com\/?post_type=product&#038;p=9592"},"modified":"2024-04-15T14:23:46","modified_gmt":"2024-04-15T14:23:46","slug":"hamecon-gorilla-live-bait-owner","status":"publish","type":"product","link":"https:\/\/dsmarinealgerie.com\/ar\/shop\/peche\/materiel-de-peche\/hamecons\/hamecon-gorilla-live-bait-owner\/","title":{"rendered":"\u062e\u0637\u0627\u0641 \u0645\u0627\u0644\u0643 \u0627\u0644\u0637\u0639\u0645 \u0627\u0644\u062d\u064a \u0644\u0644\u063a\u0648\u0631\u064a\u0644\u0627"},"content":{"rendered":"<p>\u062a\u0645 \u062a\u0635\u0645\u064a\u0645 \u062e\u0637\u0627\u0641\u0627\u062a \u063a\u0648\u0631\u064a\u0644\u0627 \u0644\u062a\u0631\u0643\u064a\u0628 \u0627\u0644\u0637\u0639\u0648\u0645 \u0627\u0644\u0643\u0628\u064a\u0631\u0629\u060c \u0645\u0639 \u0633\u0627\u0642 \u0645\u062a\u064a\u0646\u0629 \u0645\u0632\u062e\u0631\u0641\u0629 2X.<\/p>\n<p>\u062e\u0637\u0627\u0641\u0627\u062a \u0627\u0644\u063a\u0648\u0631\u064a\u0644\u0627 \u0647\u064a \u0623\u0641\u0636\u0644 \u062e\u0637\u0627\u0641\u0627\u062a \u0644\u0635\u064a\u062f \u0627\u0644\u0623\u0633\u0645\u0627\u0643 \u0641\u064a \u0627\u0644\u0645\u064a\u0627\u0647 \u0627\u0644\u0645\u0627\u0644\u062d\u0629! \u062a\u0634\u062a\u0645\u0644 \u0627\u0644\u0645\u064a\u0632\u0627\u062a \u0639\u0644\u0649 XXX \u0639\u0627\u0644\u064a \u0627\u0644\u062a\u062d\u0645\u0644\u060c \u0648\u062c\u0630\u0639 \u0645\u0632\u062e\u0631\u0641 \u0628\u0646\u0642\u0637\u0629 \u0627\u0644\u0642\u0637\u0639 \u0648\u0637\u0644\u0627\u0621 \u0643\u0631\u0648\u0645 \u0623\u0633\u0648\u062f \u0645\u0642\u0627\u0648\u0645 \u0644\u0644\u062a\u0622\u0643\u0644. \u0645\u062b\u0627\u0644\u064a\u0629 \u0644\u062a\u062c\u0647\u064a\u0632 \u0627\u0644\u0645\u0627\u0643\u0631\u064a\u0644 \u0648\u0627\u0644\u062d\u0628\u0627\u0631 \u0648\u0627\u0644\u0637\u0639\u0648\u0645 \u0627\u0644\u0643\u0628\u064a\u0631\u0629 \u0627\u0644\u0623\u062e\u0631\u0649.<\/p>\n<ul>\n<li>\u0645\u0642\u0627\u0633 10\/0: 2 \u0642\u0637\u0639\u0629<\/li>\n<li>\u0627\u0644\u0645\u0642\u0627\u0633 9\/0: 2 \u0642\u0637\u0639\u0629<\/li>\n<\/ul>","protected":false},"excerpt":{"rendered":"<p>Les hame\u00e7ons Gorilla sont con\u00e7us pour monter de gros app\u00e2ts, avec une tige forg\u00e9e robuste 2X. Les hame\u00e7ons Gorilla sont les hame\u00e7ons ultimes pour la p\u00eache en eau sal\u00e9e ! Les caract\u00e9ristiques comprennent une tige forg\u00e9e robuste XXX, Cutting Point et une finition chrom\u00e9e noire r\u00e9sistante \u00e0 la corrosion. Id\u00e9al pour gr\u00e9er le maquereau, le [&hellip;]<\/p>","protected":false},"featured_media":9593,"comment_status":"open","ping_status":"closed","template":"","meta":{"_uf_show_specific_survey":0,"_uf_disable_surveys":false},"product_brand":[],"product_cat":[742,227],"product_tag":[],"class_list":{"0":"post-9592","1":"product","2":"type-product","3":"status-publish","4":"has-post-thumbnail","6":"product_cat-hamecons","7":"product_cat-materiel-de-peche","9":"first","10":"instock","11":"shipping-taxable","12":"purchasable","13":"product-type-variable"},"aioseo_notices":[],"_links":{"self":[{"href":"https:\/\/dsmarinealgerie.com\/ar\/wp-json\/wp\/v2\/product\/9592","targetHints":{"allow":["GET"]}}],"collection":[{"href":"https:\/\/dsmarinealgerie.com\/ar\/wp-json\/wp\/v2\/product"}],"about":[{"href":"https:\/\/dsmarinealgerie.com\/ar\/wp-json\/wp\/v2\/types\/product"}],"replies":[{"embeddable":true,"href":"https:\/\/dsmarinealgerie.com\/ar\/wp-json\/wp\/v2\/comments?post=9592"}],"wp:featuredmedia":[{"embeddable":true,"href":"https:\/\/dsmarinealgerie.com\/ar\/wp-json\/wp\/v2\/media\/9593"}],"wp:attachment":[{"href":"https:\/\/dsmarinealgerie.com\/ar\/wp-json\/wp\/v2\/media?parent=9592"}],"wp:term":[{"taxonomy":"product_brand","embeddable":true,"href":"https:\/\/dsmarinealgerie.com\/ar\/wp-json\/wp\/v2\/product_brand?post=9592"},{"taxonomy":"product_cat","embeddable":true,"href":"https:\/\/dsmarinealgerie.com\/ar\/wp-json\/wp\/v2\/product_cat?post=9592"},{"taxonomy":"product_tag","embeddable":true,"href":"https:\/\/dsmarinealgerie.com\/ar\/wp-json\/wp\/v2\/product_tag?post=9592"}],"curies":[{"name":"wp","href":"https:\/\/api.w.org\/{rel}","templated":true}]}}