{"id":9614,"date":"2024-04-15T14:13:00","date_gmt":"2024-04-15T14:13:00","guid":{"rendered":"https:\/\/dsmarinealgerie.com\/?post_type=product&#038;p=9614"},"modified":"2024-04-15T14:13:37","modified_gmt":"2024-04-15T14:13:37","slug":"emerillon-crane-noir-60-kg","status":"publish","type":"product","link":"https:\/\/dsmarinealgerie.com\/ar\/shop\/peche\/materiel-de-peche\/accessoires-de-peche\/emerillon-crane-noir-60-kg\/","title":{"rendered":"\u0631\u0627\u0641\u0639\u0629 \u062f\u0648\u0627\u0631\u0629 \u0633\u0648\u062f\u0627\u0621 60 \u0643\u062c\u0645"},"content":{"rendered":"<p>\u062f\u0648\u0627\u0631\u0629 \u062f\u0648\u0627\u0631\u0629 \u0645\u0642\u0627\u0648\u0645\u0629 \u0644\u0644\u063a\u0627\u064a\u0629 \u0645\u0646 \u0627\u0644\u0641\u0648\u0644\u0627\u0630 \u0627\u0644\u0645\u0642\u0627\u0648\u0645 \u0644\u0644\u0635\u062f\u0623\u060c \u0644\u062c\u0645\u064a\u0639 \u0623\u0646\u0648\u0627\u0639 \u0627\u0644\u0635\u064a\u062f \u0627\u0644\u062b\u0642\u064a\u0644.<\/p>\n<ul>\n<li>\u0627\u0644\u062d\u062c\u0645 1: 8 \u0642\u0637\u0639<\/li>\n<li>\u0627\u0644\u062d\u062c\u0645 3: 8 \u0642\u0637\u0639<\/li>\n<li>\u0645\u0642\u0627\u0633 5: 8 \u0642\u0637\u0639<\/li>\n<\/ul>\n<p>&nbsp;<\/p>","protected":false},"excerpt":{"rendered":"<p>\u00c9merillon rolling tr\u00e8s r\u00e9sistant en acier inoxydable , Pour toutes les p\u00eaches fortes. Size 1 : 8 pcs Size 3 : 8 pcs Size 5 : 8 pcs &nbsp;<\/p>","protected":false},"featured_media":9618,"comment_status":"open","ping_status":"closed","template":"","meta":{"_uf_show_specific_survey":0,"_uf_disable_surveys":false},"product_brand":[],"product_cat":[183,164,227],"product_tag":[],"class_list":{"0":"post-9614","1":"product","2":"type-product","3":"status-publish","4":"has-post-thumbnail","6":"product_cat-accessoires-de-peche","7":"product_cat-peche","8":"product_cat-materiel-de-peche","10":"first","11":"instock","12":"shipping-taxable","13":"purchasable","14":"product-type-variable"},"aioseo_notices":[],"_links":{"self":[{"href":"https:\/\/dsmarinealgerie.com\/ar\/wp-json\/wp\/v2\/product\/9614","targetHints":{"allow":["GET"]}}],"collection":[{"href":"https:\/\/dsmarinealgerie.com\/ar\/wp-json\/wp\/v2\/product"}],"about":[{"href":"https:\/\/dsmarinealgerie.com\/ar\/wp-json\/wp\/v2\/types\/product"}],"replies":[{"embeddable":true,"href":"https:\/\/dsmarinealgerie.com\/ar\/wp-json\/wp\/v2\/comments?post=9614"}],"wp:featuredmedia":[{"embeddable":true,"href":"https:\/\/dsmarinealgerie.com\/ar\/wp-json\/wp\/v2\/media\/9618"}],"wp:attachment":[{"href":"https:\/\/dsmarinealgerie.com\/ar\/wp-json\/wp\/v2\/media?parent=9614"}],"wp:term":[{"taxonomy":"product_brand","embeddable":true,"href":"https:\/\/dsmarinealgerie.com\/ar\/wp-json\/wp\/v2\/product_brand?post=9614"},{"taxonomy":"product_cat","embeddable":true,"href":"https:\/\/dsmarinealgerie.com\/ar\/wp-json\/wp\/v2\/product_cat?post=9614"},{"taxonomy":"product_tag","embeddable":true,"href":"https:\/\/dsmarinealgerie.com\/ar\/wp-json\/wp\/v2\/product_tag?post=9614"}],"curies":[{"name":"wp","href":"https:\/\/api.w.org\/{rel}","templated":true}]}}