{"id":9620,"date":"2024-04-15T14:17:31","date_gmt":"2024-04-15T14:17:31","guid":{"rendered":"https:\/\/dsmarinealgerie.com\/?post_type=product&#038;p=9620"},"modified":"2024-04-15T14:17:32","modified_gmt":"2024-04-15T14:17:32","slug":"mousqueton-tubertini-55b12","status":"publish","type":"product","link":"https:\/\/dsmarinealgerie.com\/ar\/shop\/peche\/materiel-de-peche\/accessoires-de-peche\/mousqueton-tubertini-55b12\/","title":{"rendered":"\u062d\u0644\u0642\u0629 \u062a\u0633\u0644\u0642 \u062a\u0648\u0628\u0631\u062a\u064a\u0646\u064a 55B12"},"content":{"rendered":"<p>Tubertini Trace Clips \u0639\u0628\u0627\u0631\u0629 \u0639\u0646 \u0648\u0635\u0644\u0627\u062a \u0631\u0641\u064a\u0639\u0629 \u0628\u0645\u0648\u0627\u0635\u0641\u0627\u062a \u0645\u062e\u062a\u0644\u0641\u0629. \u0645\u0634\u0628\u0643 \u0635\u063a\u064a\u0631 \u0623\u0646\u064a\u0642 \u064a\u062a\u0646\u0627\u0633\u0628 \u0628\u0634\u0643\u0644 \u0623\u0646\u064a\u0642 \u0645\u0639 \u0627\u0644\u063a\u0644\u0627\u0641 \u0627\u0644\u0628\u0644\u0627\u0633\u062a\u064a\u0643\u064a\u060c \u0645\u0645\u0627 \u064a\u0639\u0646\u064a \u0623\u0646 \u0644\u062f\u064a\u0643 \u0646\u0638\u0627\u0645 \u062a\u063a\u064a\u064a\u0631 \u0633\u0631\u064a\u0639 \u0628\u062f\u0648\u0646 \u0639\u0644\u0627\u0645\u0627\u062a \u0646\u0647\u0627\u064a\u0629.<\/p>\n<ul>\n<li>\u0627\u0644\u062d\u062c\u0645 3: 10 \u0642\u0637\u0639<\/li>\n<\/ul>","protected":false},"excerpt":{"rendered":"<p>Les Tubertini Trace Clips sont des maillons fins dot\u00e9s de deux sp\u00e9cifications diff\u00e9rentes. Un petit clip soign\u00e9 qui s&rsquo;ins\u00e8re parfaitement dans une gaine en plastique, ce qui signifie que vous disposez d&rsquo;un syst\u00e8me de changement rapide sans extr\u00e9mit\u00e9s d&rsquo;\u00e9tiquette. Size 3: 10 pcs<\/p>","protected":false},"featured_media":9622,"comment_status":"open","ping_status":"closed","template":"","meta":{"_uf_show_specific_survey":0,"_uf_disable_surveys":false},"product_brand":[],"product_cat":[183,164,227],"product_tag":[],"class_list":{"0":"post-9620","1":"product","2":"type-product","3":"status-publish","4":"has-post-thumbnail","6":"product_cat-accessoires-de-peche","7":"product_cat-peche","8":"product_cat-materiel-de-peche","10":"first","11":"instock","12":"shipping-taxable","13":"purchasable","14":"product-type-simple"},"aioseo_notices":[],"_links":{"self":[{"href":"https:\/\/dsmarinealgerie.com\/ar\/wp-json\/wp\/v2\/product\/9620","targetHints":{"allow":["GET"]}}],"collection":[{"href":"https:\/\/dsmarinealgerie.com\/ar\/wp-json\/wp\/v2\/product"}],"about":[{"href":"https:\/\/dsmarinealgerie.com\/ar\/wp-json\/wp\/v2\/types\/product"}],"replies":[{"embeddable":true,"href":"https:\/\/dsmarinealgerie.com\/ar\/wp-json\/wp\/v2\/comments?post=9620"}],"wp:featuredmedia":[{"embeddable":true,"href":"https:\/\/dsmarinealgerie.com\/ar\/wp-json\/wp\/v2\/media\/9622"}],"wp:attachment":[{"href":"https:\/\/dsmarinealgerie.com\/ar\/wp-json\/wp\/v2\/media?parent=9620"}],"wp:term":[{"taxonomy":"product_brand","embeddable":true,"href":"https:\/\/dsmarinealgerie.com\/ar\/wp-json\/wp\/v2\/product_brand?post=9620"},{"taxonomy":"product_cat","embeddable":true,"href":"https:\/\/dsmarinealgerie.com\/ar\/wp-json\/wp\/v2\/product_cat?post=9620"},{"taxonomy":"product_tag","embeddable":true,"href":"https:\/\/dsmarinealgerie.com\/ar\/wp-json\/wp\/v2\/product_tag?post=9620"}],"curies":[{"name":"wp","href":"https:\/\/api.w.org\/{rel}","templated":true}]}}