{"id":9621,"date":"2024-04-15T14:19:47","date_gmt":"2024-04-15T14:19:47","guid":{"rendered":"https:\/\/dsmarinealgerie.com\/?post_type=product&#038;p=9621"},"modified":"2024-12-31T08:50:45","modified_gmt":"2024-12-31T08:50:45","slug":"attache-tubertini-avec-bille","status":"publish","type":"product","link":"https:\/\/dsmarinealgerie.com\/ar\/shop\/peche\/materiel-de-peche\/accessoires-de-peche\/attache-tubertini-avec-bille\/","title":{"rendered":"\u0645\u0631\u0641\u0642 \u062a\u064a\u0648\u0628\u0631\u062a\u064a\u0646\u064a \u0645\u0639 \u0627\u0644\u0643\u0631\u0629"},"content":{"rendered":"<p>\u0648\u0635\u0644\u0629 \u0633\u0631\u064a\u0639\u0629 \u0644\u0635\u064a\u062f \u0627\u0644\u0628\u064a\u0631\u0644\u0627\u064a\u062a \u0645\u0639 \u0623\u0646\u0627\u0628\u064a\u0628 \u0627\u0646\u0643\u0645\u0627\u0634 \u062d\u0631\u0627\u0631\u064a \u0634\u0641\u0627\u0641\u0629 \u0639\u0627\u0644\u064a\u0629 \u0627\u0644\u062c\u0648\u062f\u0629.<\/p>\n<ul>\n<li>\u0627\u0644\u062d\u062c\u0645 2: 10 \u0642\u0637\u0639<\/li>\n<\/ul>","protected":false},"excerpt":{"rendered":"<p>Attache rapide pour la p\u00eache \u00e0 la perlite avec gaine transparente thermor\u00e9tractable de haute qualit\u00e9. Size 2 : 10 pcs<\/p>","protected":false},"featured_media":9623,"comment_status":"open","ping_status":"closed","template":"","meta":{"_uf_show_specific_survey":0,"_uf_disable_surveys":false},"product_brand":[],"product_cat":[183,164,227],"product_tag":[],"class_list":{"0":"post-9621","1":"product","2":"type-product","3":"status-publish","4":"has-post-thumbnail","6":"product_cat-accessoires-de-peche","7":"product_cat-peche","8":"product_cat-materiel-de-peche","10":"first","11":"outofstock","12":"shipping-taxable","13":"purchasable","14":"product-type-simple"},"aioseo_notices":[],"_links":{"self":[{"href":"https:\/\/dsmarinealgerie.com\/ar\/wp-json\/wp\/v2\/product\/9621","targetHints":{"allow":["GET"]}}],"collection":[{"href":"https:\/\/dsmarinealgerie.com\/ar\/wp-json\/wp\/v2\/product"}],"about":[{"href":"https:\/\/dsmarinealgerie.com\/ar\/wp-json\/wp\/v2\/types\/product"}],"replies":[{"embeddable":true,"href":"https:\/\/dsmarinealgerie.com\/ar\/wp-json\/wp\/v2\/comments?post=9621"}],"wp:featuredmedia":[{"embeddable":true,"href":"https:\/\/dsmarinealgerie.com\/ar\/wp-json\/wp\/v2\/media\/9623"}],"wp:attachment":[{"href":"https:\/\/dsmarinealgerie.com\/ar\/wp-json\/wp\/v2\/media?parent=9621"}],"wp:term":[{"taxonomy":"product_brand","embeddable":true,"href":"https:\/\/dsmarinealgerie.com\/ar\/wp-json\/wp\/v2\/product_brand?post=9621"},{"taxonomy":"product_cat","embeddable":true,"href":"https:\/\/dsmarinealgerie.com\/ar\/wp-json\/wp\/v2\/product_cat?post=9621"},{"taxonomy":"product_tag","embeddable":true,"href":"https:\/\/dsmarinealgerie.com\/ar\/wp-json\/wp\/v2\/product_tag?post=9621"}],"curies":[{"name":"wp","href":"https:\/\/api.w.org\/{rel}","templated":true}]}}