{"id":9629,"date":"2024-04-15T14:36:11","date_gmt":"2024-04-15T14:36:11","guid":{"rendered":"https:\/\/dsmarinealgerie.com\/?post_type=product&#038;p=9629"},"modified":"2024-04-15T14:37:24","modified_gmt":"2024-04-15T14:37:24","slug":"hamecon-owner-deep-water-bait-hook","status":"publish","type":"product","link":"https:\/\/dsmarinealgerie.com\/ar\/shop\/peche\/materiel-de-peche\/hamecons\/hamecon-owner-deep-water-bait-hook\/","title":{"rendered":"\u0627\u0644\u0645\u0627\u0644\u0643 \u0647\u0648\u0643 \u0627\u0644\u0637\u0639\u0645 \u0641\u064a \u0627\u0644\u0645\u064a\u0627\u0647 \u0627\u0644\u0639\u0645\u064a\u0642\u0629"},"content":{"rendered":"<p>\u062e\u0637\u0627\u0641 \u0627\u0644\u0637\u0639\u0645 \u0641\u064a \u0627\u0644\u0645\u064a\u0627\u0647 \u0627\u0644\u0639\u0645\u064a\u0642\u0629 \u0647\u0648 \u0646\u0645\u0648\u0630\u062c \u062d\u062f\u064a\u062f\u064a \u0642\u0648\u064a \u0645\u0646 \u0645\u062c\u0645\u0648\u0639\u0629 Taff Wire (\u062c\u062f\u064a\u0644\u0629 \u062e\u0627\u0635\u0629)\u060c \u0645\u0635\u0645\u0645 \u0644\u0635\u064a\u062f \u0627\u0644\u0637\u0639\u0645 (\u0627\u0644\u0623\u0631\u0648\u0627\u062d \u0623\u0648 \u0642\u0637\u0639 \u0627\u0644\u0623\u0633\u0645\u0627\u0643 \u0623\u0648 \u0627\u0644\u062d\u0628\u0627\u0631) \u0648\u0627\u0644\u0623\u0633\u0645\u0627\u0643 \u0627\u0644\u0628\u062d\u0631\u064a\u0629 \u0627\u0644\u0643\u0628\u064a\u0631\u0629.<\/p>\n<ul>\n<li>\u0627\u0644\u0645\u0642\u0627\u0633 9\/0: 1 \u0642\u0637\u0639\u0629<\/li>\n<li>\u0627\u0644\u062d\u062c\u0645 10\/0: 1 \u0642\u0637\u0639\u0629<\/li>\n<\/ul>","protected":false},"excerpt":{"rendered":"<p>Hame\u00e7on Deep Water Bait est un mod\u00e9le fort de fer de la gamme Taff Wire (sp\u00e9ciale tresse), con\u00e7us pour les p\u00eaches aux \u00e2ppats (vifs, morceaux de poissons ou d&rsquo;encornet), des gros poissons marin. Size 9\/0: 1 pcs Size 10\/0 : 1 pcs<\/p>","protected":false},"featured_media":9632,"comment_status":"open","ping_status":"closed","template":"","meta":{"_uf_show_specific_survey":0,"_uf_disable_surveys":false},"product_brand":[],"product_cat":[742,164,227],"product_tag":[],"class_list":{"0":"post-9629","1":"product","2":"type-product","3":"status-publish","4":"has-post-thumbnail","6":"product_cat-hamecons","7":"product_cat-peche","8":"product_cat-materiel-de-peche","10":"first","11":"instock","12":"shipping-taxable","13":"purchasable","14":"product-type-variable"},"aioseo_notices":[],"_links":{"self":[{"href":"https:\/\/dsmarinealgerie.com\/ar\/wp-json\/wp\/v2\/product\/9629","targetHints":{"allow":["GET"]}}],"collection":[{"href":"https:\/\/dsmarinealgerie.com\/ar\/wp-json\/wp\/v2\/product"}],"about":[{"href":"https:\/\/dsmarinealgerie.com\/ar\/wp-json\/wp\/v2\/types\/product"}],"replies":[{"embeddable":true,"href":"https:\/\/dsmarinealgerie.com\/ar\/wp-json\/wp\/v2\/comments?post=9629"}],"wp:featuredmedia":[{"embeddable":true,"href":"https:\/\/dsmarinealgerie.com\/ar\/wp-json\/wp\/v2\/media\/9632"}],"wp:attachment":[{"href":"https:\/\/dsmarinealgerie.com\/ar\/wp-json\/wp\/v2\/media?parent=9629"}],"wp:term":[{"taxonomy":"product_brand","embeddable":true,"href":"https:\/\/dsmarinealgerie.com\/ar\/wp-json\/wp\/v2\/product_brand?post=9629"},{"taxonomy":"product_cat","embeddable":true,"href":"https:\/\/dsmarinealgerie.com\/ar\/wp-json\/wp\/v2\/product_cat?post=9629"},{"taxonomy":"product_tag","embeddable":true,"href":"https:\/\/dsmarinealgerie.com\/ar\/wp-json\/wp\/v2\/product_tag?post=9629"}],"curies":[{"name":"wp","href":"https:\/\/api.w.org\/{rel}","templated":true}]}}