{"id":9635,"date":"2024-04-16T14:54:44","date_gmt":"2024-04-16T14:54:44","guid":{"rendered":"https:\/\/dsmarinealgerie.com\/?post_type=product&#038;p=9635"},"modified":"2024-04-16T14:54:45","modified_gmt":"2024-04-16T14:54:45","slug":"emerillon-a-roulement-a-billes-avec-anneaux-pleins-gm-1804","status":"publish","type":"product","link":"https:\/\/dsmarinealgerie.com\/ar\/shop\/peche\/materiel-de-peche\/accessoires-de-peche\/emerillon-a-roulement-a-billes-avec-anneaux-pleins-gm-1804\/","title":{"rendered":"\u0645\u062d\u0645\u0644 \u0643\u0631\u0648\u064a \u062f\u0648\u0627\u0631 \u0628\u062d\u0644\u0642\u0627\u062a \u0635\u0644\u0628\u0629 GM 1804"},"content":{"rendered":"<p>\u062f\u0648\u0627\u0631 \u0643\u0648\u0644\u0645\u064a\u0643 \u0645\u0639 \u0645\u062d\u0627\u0645\u0644 \u0643\u0631\u0648\u064a\u0629 \u0648\u062d\u0644\u0642\u0627\u062a \u0645\u0644\u062d\u0648\u0645\u0629 \u0639\u0627\u0644\u064a\u0629 \u0627\u0644\u0642\u0648\u0629 \u0645\u0646 \u0625\u0646\u062a\u0627\u062c \u064a\u0627\u0628\u0627\u0646\u064a<\/p>\n<ul>\n<li>\u0627\u0644\u062d\u062c\u0645 1: 6 \u0642\u0637\u0639<\/li>\n<li>\u0627\u0644\u062d\u062c\u0645 2: 6 \u0642\u0637\u0639<\/li>\n<li>\u0627\u0644\u062d\u062c\u0645 3: 6 \u0642\u0637\u0639<\/li>\n<li>\u0627\u0644\u062d\u062c\u0645 4: 5 \u0642\u0637\u0639<\/li>\n<li>\u0627\u0644\u062d\u062c\u0645 5: 5 \u0642\u0637\u0639<\/li>\n<li>\u0645\u0642\u0627\u0633 6: 5 \u0642\u0637\u0639<\/li>\n<li>\u0645\u0642\u0627\u0633 7: 3 \u0642\u0637\u0639<\/li>\n<li>\u0645\u0642\u0627\u0633 8: 3 \u0642\u0637\u0639<\/li>\n<\/ul>","protected":false},"excerpt":{"rendered":"<p>\u00c9merillon Colmic avec roulements \u00e0 billes et anneaux soud\u00e9s haute r\u00e9sistance de production japonaise Size 1 : 6 pcs Size 2 : 6 pcs Size 3 : 6 pcs Size 4 : 5 pcs Size 5 : 5 pcs Size 6: 5 pcs Size 7 : 3 pcs Size 8 : 3 pcs<\/p>","protected":false},"featured_media":9636,"comment_status":"open","ping_status":"closed","template":"","meta":{"_uf_show_specific_survey":0,"_uf_disable_surveys":false},"product_brand":[],"product_cat":[183,164,227],"product_tag":[],"class_list":{"0":"post-9635","1":"product","2":"type-product","3":"status-publish","4":"has-post-thumbnail","6":"product_cat-accessoires-de-peche","7":"product_cat-peche","8":"product_cat-materiel-de-peche","10":"first","11":"instock","12":"shipping-taxable","13":"purchasable","14":"product-type-variable"},"aioseo_notices":[],"_links":{"self":[{"href":"https:\/\/dsmarinealgerie.com\/ar\/wp-json\/wp\/v2\/product\/9635","targetHints":{"allow":["GET"]}}],"collection":[{"href":"https:\/\/dsmarinealgerie.com\/ar\/wp-json\/wp\/v2\/product"}],"about":[{"href":"https:\/\/dsmarinealgerie.com\/ar\/wp-json\/wp\/v2\/types\/product"}],"replies":[{"embeddable":true,"href":"https:\/\/dsmarinealgerie.com\/ar\/wp-json\/wp\/v2\/comments?post=9635"}],"wp:featuredmedia":[{"embeddable":true,"href":"https:\/\/dsmarinealgerie.com\/ar\/wp-json\/wp\/v2\/media\/9636"}],"wp:attachment":[{"href":"https:\/\/dsmarinealgerie.com\/ar\/wp-json\/wp\/v2\/media?parent=9635"}],"wp:term":[{"taxonomy":"product_brand","embeddable":true,"href":"https:\/\/dsmarinealgerie.com\/ar\/wp-json\/wp\/v2\/product_brand?post=9635"},{"taxonomy":"product_cat","embeddable":true,"href":"https:\/\/dsmarinealgerie.com\/ar\/wp-json\/wp\/v2\/product_cat?post=9635"},{"taxonomy":"product_tag","embeddable":true,"href":"https:\/\/dsmarinealgerie.com\/ar\/wp-json\/wp\/v2\/product_tag?post=9635"}],"curies":[{"name":"wp","href":"https:\/\/api.w.org\/{rel}","templated":true}]}}