{"id":9673,"date":"2024-05-21T14:10:36","date_gmt":"2024-05-21T14:10:36","guid":{"rendered":"https:\/\/dsmarinealgerie.com\/?post_type=product&#038;p=9673"},"modified":"2024-05-21T14:10:37","modified_gmt":"2024-05-21T14:10:37","slug":"emerillons-sampo-ball-bear-avec-anneaux-soudes-dap-fishing","status":"publish","type":"product","link":"https:\/\/dsmarinealgerie.com\/ar\/shop\/peche\/materiel-de-peche\/accessoires-de-peche\/emerillons-sampo-ball-bear-avec-anneaux-soudes-dap-fishing\/","title":{"rendered":"Sampo Ball Bear \u064a\u062f\u0648\u0631 \u0645\u0639 \u062d\u0644\u0642\u0627\u062a \u0645\u0644\u062d\u0648\u0645\u0629 \u0644\u0635\u064a\u062f \u0627\u0644\u0633\u0645\u0643 DAP"},"content":{"rendered":"<p>\u062f\u0648\u0627\u0631\u0629 \u0628\u062d\u0644\u0642\u0627\u062a \u0645\u0644\u062d\u0648\u0645\u0629 \u0645\u0646 \u0627\u0644\u0641\u0648\u0644\u0627\u0630 \u0627\u0644\u0645\u0642\u0627\u0648\u0645 \u0644\u0644\u0635\u062f\u0623 \u0641\u0627\u0626\u0642\u0629 \u0627\u0644\u0645\u0642\u0627\u0648\u0645\u0629 \u0644\u062c\u0645\u064a\u0639 \u0623\u0646\u0648\u0627\u0639 \u0627\u0644\u0635\u064a\u062f \u0627\u0644\u0645\u0643\u062b\u0641 \u0641\u064a \u0627\u0644\u0645\u064a\u0627\u0647 \u0627\u0644\u0639\u0630\u0628\u0629 \u0623\u0648 \u0627\u0644\u0645\u0627\u0644\u062d\u0629. \u062d\u0645\u0627\u064a\u0629 \u0645\u062b\u0627\u0644\u064a\u0629 \u062e\u0627\u0644\u064a\u0629 \u0645\u0646 \u0627\u0644\u0627\u0644\u062a\u0648\u0627\u0621 \u0644\u0631\u0628\u0637\u0627\u062a \u0642\u0627\u0626\u062f \u0627\u0644\u0644\u0639\u0628\u0629 \u0627\u0644\u0643\u0628\u064a\u0631\u0629 \u0648\u0627\u0644\u062a\u0635\u064a\u062f \u0628\u0627\u0644\u0623\u0633\u0641\u0644.<\/p>\n<ul>\n<li>\u0645\u0642\u0627\u0633 7 - 100 \u0643\u062c\u0645: 2 \u0642\u0637\u0639\u0629<\/li>\n<li>\u0627\u0644\u062d\u062c\u0645 6-80 \u0643\u062c\u0645: 2 \u0642\u0637\u0639\u0629<\/li>\n<\/ul>","protected":false},"excerpt":{"rendered":"<p>Emerillon avec anneaux soud\u00e9s en acier inoxydable ultra r\u00e9sistants pour tous les types de p\u00eache intensive en eau douce ou sal\u00e9e. Protection id\u00e9ale sans torsion pour les connexions des leaders de gros gibier et la p\u00eache \u00e0 la tra\u00eene avec downrigger. Size 7- 100kg : 2 pcs Size 6- 80kg : 2 pcs<\/p>","protected":false},"featured_media":9675,"comment_status":"open","ping_status":"closed","template":"","meta":{"_uf_show_specific_survey":0,"_uf_disable_surveys":false},"product_brand":[],"product_cat":[183,227],"product_tag":[],"class_list":{"0":"post-9673","1":"product","2":"type-product","3":"status-publish","4":"has-post-thumbnail","6":"product_cat-accessoires-de-peche","7":"product_cat-materiel-de-peche","9":"first","10":"instock","11":"shipping-taxable","12":"purchasable","13":"product-type-variable"},"aioseo_notices":[],"_links":{"self":[{"href":"https:\/\/dsmarinealgerie.com\/ar\/wp-json\/wp\/v2\/product\/9673","targetHints":{"allow":["GET"]}}],"collection":[{"href":"https:\/\/dsmarinealgerie.com\/ar\/wp-json\/wp\/v2\/product"}],"about":[{"href":"https:\/\/dsmarinealgerie.com\/ar\/wp-json\/wp\/v2\/types\/product"}],"replies":[{"embeddable":true,"href":"https:\/\/dsmarinealgerie.com\/ar\/wp-json\/wp\/v2\/comments?post=9673"}],"wp:featuredmedia":[{"embeddable":true,"href":"https:\/\/dsmarinealgerie.com\/ar\/wp-json\/wp\/v2\/media\/9675"}],"wp:attachment":[{"href":"https:\/\/dsmarinealgerie.com\/ar\/wp-json\/wp\/v2\/media?parent=9673"}],"wp:term":[{"taxonomy":"product_brand","embeddable":true,"href":"https:\/\/dsmarinealgerie.com\/ar\/wp-json\/wp\/v2\/product_brand?post=9673"},{"taxonomy":"product_cat","embeddable":true,"href":"https:\/\/dsmarinealgerie.com\/ar\/wp-json\/wp\/v2\/product_cat?post=9673"},{"taxonomy":"product_tag","embeddable":true,"href":"https:\/\/dsmarinealgerie.com\/ar\/wp-json\/wp\/v2\/product_tag?post=9673"}],"curies":[{"name":"wp","href":"https:\/\/api.w.org\/{rel}","templated":true}]}}