{"id":9679,"date":"2024-04-22T14:10:19","date_gmt":"2024-04-22T14:10:19","guid":{"rendered":"https:\/\/dsmarinealgerie.com\/?post_type=product&#038;p=9679"},"modified":"2024-04-22T14:15:16","modified_gmt":"2024-04-22T14:15:16","slug":"emerillons-dap-fishing-crane-swivel","status":"publish","type":"product","link":"https:\/\/dsmarinealgerie.com\/ar\/shop\/peche\/materiel-de-peche\/accessoires-de-peche\/emerillons-dap-fishing-crane-swivel\/","title":{"rendered":"\u0631\u0627\u0641\u0639\u0629 \u0635\u064a\u062f \u0627\u0644\u0633\u0645\u0643 DAP \u062a\u062f\u0648\u0631"},"content":{"rendered":"<p>\u0642\u0631\u0635 \u062f\u0648\u0627\u0631 \u0645\u0646 \u0627\u0644\u0641\u0648\u0644\u0627\u0630 \u0627\u0644\u0645\u0642\u0627\u0648\u0645 \u0644\u0644\u0635\u062f\u0623 \u0645\u0637\u0644\u064a \u0628\u0627\u0644\u0644\u0648\u0646 \u0627\u0644\u0623\u0633\u0648\u062f \u064a\u0648\u0641\u0631 \u0642\u0648\u0629 \u0623\u0639\u0644\u0649 \u0628\u0643\u062b\u064a\u0631 \u0648\u0645\u062a\u0627\u0646\u0629 \u0645\u062d\u0633\u0646\u0629<\/p>\n<ul>\n<li>\u0645\u0642\u0627\u0633 1 -47 \u0643\u062c\u0645: 10 \u0642\u0637\u0639.<\/li>\n<\/ul>","protected":false},"excerpt":{"rendered":"<p>Un \u00e9merillon en acier inoxydable en rev\u00eatement noir qui offre une r\u00e9sistance beaucoup plus \u00e9lev\u00e9e et une durabilit\u00e9 am\u00e9lior\u00e9e Size 1 -47 kg :10 pcs.<\/p>","protected":false},"featured_media":9680,"comment_status":"open","ping_status":"closed","template":"","meta":{"_uf_show_specific_survey":0,"_uf_disable_surveys":false},"product_brand":[],"product_cat":[183,164,227],"product_tag":[],"class_list":{"0":"post-9679","1":"product","2":"type-product","3":"status-publish","4":"has-post-thumbnail","6":"product_cat-accessoires-de-peche","7":"product_cat-peche","8":"product_cat-materiel-de-peche","10":"first","11":"instock","12":"shipping-taxable","13":"purchasable","14":"product-type-simple"},"aioseo_notices":[],"_links":{"self":[{"href":"https:\/\/dsmarinealgerie.com\/ar\/wp-json\/wp\/v2\/product\/9679","targetHints":{"allow":["GET"]}}],"collection":[{"href":"https:\/\/dsmarinealgerie.com\/ar\/wp-json\/wp\/v2\/product"}],"about":[{"href":"https:\/\/dsmarinealgerie.com\/ar\/wp-json\/wp\/v2\/types\/product"}],"replies":[{"embeddable":true,"href":"https:\/\/dsmarinealgerie.com\/ar\/wp-json\/wp\/v2\/comments?post=9679"}],"wp:featuredmedia":[{"embeddable":true,"href":"https:\/\/dsmarinealgerie.com\/ar\/wp-json\/wp\/v2\/media\/9680"}],"wp:attachment":[{"href":"https:\/\/dsmarinealgerie.com\/ar\/wp-json\/wp\/v2\/media?parent=9679"}],"wp:term":[{"taxonomy":"product_brand","embeddable":true,"href":"https:\/\/dsmarinealgerie.com\/ar\/wp-json\/wp\/v2\/product_brand?post=9679"},{"taxonomy":"product_cat","embeddable":true,"href":"https:\/\/dsmarinealgerie.com\/ar\/wp-json\/wp\/v2\/product_cat?post=9679"},{"taxonomy":"product_tag","embeddable":true,"href":"https:\/\/dsmarinealgerie.com\/ar\/wp-json\/wp\/v2\/product_tag?post=9679"}],"curies":[{"name":"wp","href":"https:\/\/api.w.org\/{rel}","templated":true}]}}