{"id":9685,"date":"2024-04-22T14:37:13","date_gmt":"2024-04-22T14:37:13","guid":{"rendered":"https:\/\/dsmarinealgerie.com\/?post_type=product&#038;p=9685"},"modified":"2024-04-22T14:37:13","modified_gmt":"2024-04-22T14:37:13","slug":"dap-fishing-double-bras-tube-d1411","status":"publish","type":"product","link":"https:\/\/dsmarinealgerie.com\/ar\/shop\/peche\/materiel-de-peche\/accessoires-de-peche\/dap-fishing-double-bras-tube-d1411\/","title":{"rendered":"Dap \u0627\u0644\u0635\u064a\u062f \u0630\u0631\u0627\u0639 \u0623\u0646\u0628\u0648\u0628 \u0645\u0632\u062f\u0648\u062c D1411"},"content":{"rendered":"<p>\u0627\u0644\u0623\u0646\u0628\u0648\u0628 \u0627\u0644\u0645\u0632\u062f\u0648\u062c \u0645\u0635\u0646\u0648\u0639 \u0645\u0646 \u0627\u0644\u0646\u062d\u0627\u0633 \u0627\u0644\u0645\u0637\u0644\u064a \u0628\u0627\u0644\u0646\u064a\u0643\u0644\u060c \u0627\u0644\u0645\u0642\u0627\u0648\u0645 \u0644\u0644\u062a\u0622\u0643\u0644 \u0648\u0627\u0644\u062a\u0622\u0643\u0644. \u0645\u0646\u0627\u0633\u0628\u0629 \u0644\u0635\u064a\u062f \u0627\u0644\u0623\u0633\u0645\u0627\u0643 \u0641\u064a \u0627\u0644\u0645\u064a\u0627\u0647 \u0627\u0644\u0639\u0630\u0628\u0629 \u0648\u0627\u0644\u0645\u064a\u0627\u0647 \u0627\u0644\u0645\u0627\u0644\u062d\u0629. \u064a\u0645\u0643\u0646\u0647 \u0625\u0635\u0644\u0627\u062d \u062e\u0637 \u0627\u0644\u0635\u064a\u062f \u0628\u0634\u0643\u0644 \u0623\u0641\u0636\u0644\u060c \u0648\u062a\u0642\u0644\u064a\u0644 \u062a\u0622\u0643\u0644 \u062e\u0637 \u0627\u0644\u0635\u064a\u062f\u060c \u0648\u062a\u062d\u0642\u064a\u0642 \u062a\u0623\u062b\u064a\u0631 \u0648\u0642\u0627\u0626\u064a \u0645\u0639\u064a\u0646.<\/p>\n<ul>\n<li>\u0645\u0642\u0627\u0633 2.6\u00d75.5 : 8 \u0642\u0637\u0639<\/li>\n<\/ul>","protected":false},"excerpt":{"rendered":"<p>Le double tube\u00a0 est en laiton nickel\u00e9, r\u00e9sistant \u00e0 la corrosion et \u00e0 la corrosion. Convient \u00e0 la p\u00eache en eau douce et en eau sal\u00e9e. Il peut mieux fixer la ligne de p\u00eache, r\u00e9duire l&rsquo;usure de la ligne de p\u00eache et obtenir un certain effet protecteur. Size 2.6&#215;5,5: 8 pcs<\/p>","protected":false},"featured_media":9686,"comment_status":"open","ping_status":"closed","template":"","meta":{"_uf_show_specific_survey":0,"_uf_disable_surveys":false},"product_brand":[],"product_cat":[183,164,227],"product_tag":[],"class_list":{"0":"post-9685","1":"product","2":"type-product","3":"status-publish","4":"has-post-thumbnail","6":"product_cat-accessoires-de-peche","7":"product_cat-peche","8":"product_cat-materiel-de-peche","10":"first","11":"instock","12":"shipping-taxable","13":"purchasable","14":"product-type-simple"},"aioseo_notices":[],"_links":{"self":[{"href":"https:\/\/dsmarinealgerie.com\/ar\/wp-json\/wp\/v2\/product\/9685","targetHints":{"allow":["GET"]}}],"collection":[{"href":"https:\/\/dsmarinealgerie.com\/ar\/wp-json\/wp\/v2\/product"}],"about":[{"href":"https:\/\/dsmarinealgerie.com\/ar\/wp-json\/wp\/v2\/types\/product"}],"replies":[{"embeddable":true,"href":"https:\/\/dsmarinealgerie.com\/ar\/wp-json\/wp\/v2\/comments?post=9685"}],"wp:featuredmedia":[{"embeddable":true,"href":"https:\/\/dsmarinealgerie.com\/ar\/wp-json\/wp\/v2\/media\/9686"}],"wp:attachment":[{"href":"https:\/\/dsmarinealgerie.com\/ar\/wp-json\/wp\/v2\/media?parent=9685"}],"wp:term":[{"taxonomy":"product_brand","embeddable":true,"href":"https:\/\/dsmarinealgerie.com\/ar\/wp-json\/wp\/v2\/product_brand?post=9685"},{"taxonomy":"product_cat","embeddable":true,"href":"https:\/\/dsmarinealgerie.com\/ar\/wp-json\/wp\/v2\/product_cat?post=9685"},{"taxonomy":"product_tag","embeddable":true,"href":"https:\/\/dsmarinealgerie.com\/ar\/wp-json\/wp\/v2\/product_tag?post=9685"}],"curies":[{"name":"wp","href":"https:\/\/api.w.org\/{rel}","templated":true}]}}